{"id":1612,"date":"2025-12-05T14:27:09","date_gmt":"2025-12-05T14:27:09","guid":{"rendered":"https:\/\/krossbu.no\/accommodation\/winter-camping-at-krossbu\/"},"modified":"2026-02-17T10:39:39","modified_gmt":"2026-02-17T10:39:39","slug":"winter-camping-at-krossbu","status":"publish","type":"page","link":"https:\/\/krossbu.no.webist.no\/en\/accommodation\/winter-camping-at-krossbu\/","title":{"rendered":"Winter Camping at Krossbu"},"content":{"rendered":"\n<h4>\n\t\t<a href=\"\/overnatting\/\" title=\"Tilbake\"  target=\"_self\">\n\t\t\tTilbake\t\t<\/a>\n\t<\/h4>\n<h1>\n\t\t\tVintercamping p\u00e5 Krossbu\t<\/h1>\n\t<p>Vintercamping p\u00e5 Krossbu er en magisk opplevelse &#8211; omgitt av storsl\u00e5tt natur midt i Jotunheimen. P\u00e5 kveldstid kan du oppleve en fantastisk stjernehimmel. Er du heldig, lyser fullm\u00e5nen opp hele omr\u00e5det, eller du kan f\u00e5 se nordlyset danse over himmelen.<\/p>\n<p>Det er mulig \u00e5 campe hos oss fra vi \u00e5pner for sesongen. Campingen er sn\u00f8dekt hele vinteren\/v\u00e5ren, og telt m\u00e5 derfor settes opp direkte p\u00e5 sn\u00f8. Det er ogs\u00e5 mulig \u00e5 komme med bobil eller campingvogn, men v\u00e6r oppmerksom p\u00e5 at v\u00e6r- og f\u00f8reforhold tidvis kan gj\u00f8re det umulig \u00e5 kj\u00f8re ned til campingomr\u00e5det. Vi holder campingen \u00e5pen s\u00e5 langt det lar seg gj\u00f8re, med forbehold om v\u00e6r og vind.<\/p>\n<figure itemscope itemtype=\"https:\/\/schema.org\/ImageObject\">\n\t\t\t\t<img decoding=\"async\" src=\"https:\/\/krossbu.no.webist.no\/wp-content\/uploads\/2025\/11\/Bare-fjellet-farger.png\" alt=\"Bare fjellet farger\" height=\"151\" width=\"500\" title=\"Bare fjellet farger\" onerror=\"this.style.display='none'\" loading=\"lazy\" \/>\n\t<\/figure>\n<h2>\n\t\t\tPraktisk informasjon\t<\/h2>\n\t<p>Ved ankomst henvender du deg i resepsjonen. Der betaler du campingavgift, og f\u00e5r tilgang til sanit\u00e6ranlegg og t\u00f8rkerom.<\/p>\n<p>Det er mulig \u00e5 spise m\u00e5ltider inne p\u00e5 hytta ogs\u00e5 i vinter- og v\u00e5rsesongen. V\u00e6r oppmerksom p\u00e5 at det kan v\u00e6re fullt, og at gjester som bor inne p\u00e5 hytta prioriteres. Det er ikke mulig \u00e5 forh\u00e5ndsbestille mat &#8211; ta kontakt med resepsjonen ved ankomst for tilgjengelighet.<\/p>\n<figure itemscope itemtype=\"https:\/\/schema.org\/ImageObject\">\n\t\t\t\t<img decoding=\"async\" src=\"https:\/\/krossbu.no.webist.no\/wp-content\/uploads\/2026\/02\/Vintercamping.jpg\" alt=\"Vintercamping\" height=\"1600\" width=\"1600\" title=\"Vintercamping\" onerror=\"this.style.display='none'\" loading=\"lazy\" \/>\n\t<\/figure>\n\n","protected":false},"excerpt":{"rendered":"<p>Tilbake Vintercamping p\u00e5 Krossbu Vintercamping p\u00e5 Krossbu er en magisk opplevelse &#8211; omgitt av storsl\u00e5tt natur midt i Jotunheimen. P\u00e5 kveldstid kan du oppleve en fantastisk stjernehimmel. Er du heldig, lyser fullm\u00e5nen opp hele omr\u00e5det, eller du kan f\u00e5 se nordlyset danse over himmelen. Det er mulig \u00e5 campe hos oss fra vi \u00e5pner for&hellip;<\/p>\n","protected":false},"author":2,"featured_media":1611,"parent":1336,"menu_order":0,"comment_status":"closed","ping_status":"closed","template":"","meta":{"footnotes":""},"class_list":["post-1612","page","type-page","status-publish","has-post-thumbnail","hentry"],"yoast_head":"<!-- This site is optimized with the Yoast SEO plugin v27.1.1 - https:\/\/yoast.com\/product\/yoast-seo-wordpress\/ -->\n<title>Winter Camping at Krossbu - Krossbu<\/title>\n<meta name=\"robots\" content=\"noindex, follow, max-snippet:-1, max-image-preview:large, max-video-preview:-1\" \/>\n<meta property=\"og:locale\" content=\"en_US\" \/>\n<meta property=\"og:type\" content=\"article\" \/>\n<meta property=\"og:title\" content=\"Winter Camping at Krossbu - Krossbu\" \/>\n<meta property=\"og:description\" content=\"Tilbake Vintercamping p\u00e5 Krossbu Vintercamping p\u00e5 Krossbu er en magisk opplevelse &#8211; omgitt av storsl\u00e5tt natur midt i Jotunheimen. P\u00e5 kveldstid kan du oppleve en fantastisk stjernehimmel. Er du heldig, lyser fullm\u00e5nen opp hele omr\u00e5det, eller du kan f\u00e5 se nordlyset danse over himmelen. Det er mulig \u00e5 campe hos oss fra vi \u00e5pner for&hellip;\" \/>\n<meta property=\"og:url\" content=\"https:\/\/krossbu.no.webist.no\/en\/accommodation\/winter-camping-at-krossbu\/\" \/>\n<meta property=\"og:site_name\" content=\"Krossbu\" \/>\n<meta property=\"article:publisher\" content=\"https:\/\/www.facebook.com\/krossbuturisthytteas\" \/>\n<meta property=\"article:modified_time\" content=\"2026-02-17T10:39:39+00:00\" \/>\n<meta property=\"og:image\" content=\"https:\/\/krossbu.no.webist.no\/wp-content\/uploads\/2026\/02\/IMG_8685-scaled.jpg\" \/>\n\t<meta property=\"og:image:width\" content=\"2560\" \/>\n\t<meta property=\"og:image:height\" content=\"1920\" \/>\n\t<meta property=\"og:image:type\" content=\"image\/jpeg\" \/>\n<meta name=\"twitter:card\" content=\"summary_large_image\" \/>\n<meta name=\"twitter:label1\" content=\"Est. reading time\" \/>\n\t<meta name=\"twitter:data1\" content=\"1 minute\" \/>\n<script type=\"application\/ld+json\" class=\"yoast-schema-graph\">{\"@context\":\"https:\/\/schema.org\",\"@graph\":[{\"@type\":\"WebPage\",\"@id\":\"https:\/\/krossbu.no.webist.no\/en\/accommodation\/winter-camping-at-krossbu\/\",\"url\":\"https:\/\/krossbu.no.webist.no\/en\/accommodation\/winter-camping-at-krossbu\/\",\"name\":\"Winter Camping at Krossbu - Krossbu\",\"isPartOf\":{\"@id\":\"https:\/\/krossbu.no.webist.no\/en\/#website\"},\"primaryImageOfPage\":{\"@id\":\"https:\/\/krossbu.no.webist.no\/en\/accommodation\/winter-camping-at-krossbu\/#primaryimage\"},\"image\":{\"@id\":\"https:\/\/krossbu.no.webist.no\/en\/accommodation\/winter-camping-at-krossbu\/#primaryimage\"},\"thumbnailUrl\":\"https:\/\/krossbu.no.webist.no\/wp-content\/uploads\/2026\/02\/IMG_8685-scaled.jpg\",\"datePublished\":\"2025-12-05T14:27:09+00:00\",\"dateModified\":\"2026-02-17T10:39:39+00:00\",\"breadcrumb\":{\"@id\":\"https:\/\/krossbu.no.webist.no\/en\/accommodation\/winter-camping-at-krossbu\/#breadcrumb\"},\"inLanguage\":\"en-US\",\"potentialAction\":[{\"@type\":\"ReadAction\",\"target\":[\"https:\/\/krossbu.no.webist.no\/en\/accommodation\/winter-camping-at-krossbu\/\"]}]},{\"@type\":\"ImageObject\",\"inLanguage\":\"en-US\",\"@id\":\"https:\/\/krossbu.no.webist.no\/en\/accommodation\/winter-camping-at-krossbu\/#primaryimage\",\"url\":\"https:\/\/krossbu.no.webist.no\/wp-content\/uploads\/2026\/02\/IMG_8685-scaled.jpg\",\"contentUrl\":\"https:\/\/krossbu.no.webist.no\/wp-content\/uploads\/2026\/02\/IMG_8685-scaled.jpg\",\"width\":2560,\"height\":1920},{\"@type\":\"BreadcrumbList\",\"@id\":\"https:\/\/krossbu.no.webist.no\/en\/accommodation\/winter-camping-at-krossbu\/#breadcrumb\",\"itemListElement\":[{\"@type\":\"ListItem\",\"position\":1,\"name\":\"Hjem\",\"item\":\"https:\/\/krossbu.no.webist.no\/en\/\"},{\"@type\":\"ListItem\",\"position\":2,\"name\":\"Accommodation\",\"item\":\"https:\/\/krossbu.no.webist.no\/en\/accommodation\/\"},{\"@type\":\"ListItem\",\"position\":3,\"name\":\"Winter Camping at Krossbu\"}]},{\"@type\":\"WebSite\",\"@id\":\"https:\/\/krossbu.no.webist.no\/en\/#website\",\"url\":\"https:\/\/krossbu.no.webist.no\/en\/\",\"name\":\"Krossbu prod.side\",\"description\":\"\",\"publisher\":{\"@id\":\"https:\/\/krossbu.no.webist.no\/en\/#organization\"},\"potentialAction\":[{\"@type\":\"SearchAction\",\"target\":{\"@type\":\"EntryPoint\",\"urlTemplate\":\"https:\/\/krossbu.no.webist.no\/en\/?s={search_term_string}\"},\"query-input\":{\"@type\":\"PropertyValueSpecification\",\"valueRequired\":true,\"valueName\":\"search_term_string\"}}],\"inLanguage\":\"en-US\"},{\"@type\":\"Organization\",\"@id\":\"https:\/\/krossbu.no.webist.no\/en\/#organization\",\"name\":\"Krossbu prod.side\",\"url\":\"https:\/\/krossbu.no.webist.no\/en\/\",\"logo\":{\"@type\":\"ImageObject\",\"inLanguage\":\"en-US\",\"@id\":\"https:\/\/krossbu.no.webist.no\/en\/#\/schema\/logo\/image\/\",\"url\":\"\",\"contentUrl\":\"\",\"caption\":\"Krossbu prod.side\"},\"image\":{\"@id\":\"https:\/\/krossbu.no.webist.no\/en\/#\/schema\/logo\/image\/\"},\"sameAs\":[\"https:\/\/www.facebook.com\/krossbuturisthytteas\"]}]}<\/script>\n<!-- \/ Yoast SEO plugin. -->","yoast_head_json":{"title":"Winter Camping at Krossbu - Krossbu","robots":{"index":"noindex","follow":"follow","max-snippet":"max-snippet:-1","max-image-preview":"max-image-preview:large","max-video-preview":"max-video-preview:-1"},"og_locale":"en_US","og_type":"article","og_title":"Winter Camping at Krossbu - Krossbu","og_description":"Tilbake Vintercamping p\u00e5 Krossbu Vintercamping p\u00e5 Krossbu er en magisk opplevelse &#8211; omgitt av storsl\u00e5tt natur midt i Jotunheimen. P\u00e5 kveldstid kan du oppleve en fantastisk stjernehimmel. Er du heldig, lyser fullm\u00e5nen opp hele omr\u00e5det, eller du kan f\u00e5 se nordlyset danse over himmelen. Det er mulig \u00e5 campe hos oss fra vi \u00e5pner for&hellip;","og_url":"https:\/\/krossbu.no.webist.no\/en\/accommodation\/winter-camping-at-krossbu\/","og_site_name":"Krossbu","article_publisher":"https:\/\/www.facebook.com\/krossbuturisthytteas","article_modified_time":"2026-02-17T10:39:39+00:00","og_image":[{"width":2560,"height":1920,"url":"https:\/\/krossbu.no.webist.no\/wp-content\/uploads\/2026\/02\/IMG_8685-scaled.jpg","type":"image\/jpeg"}],"twitter_card":"summary_large_image","twitter_misc":{"Est. reading time":"1 minute"},"schema":{"@context":"https:\/\/schema.org","@graph":[{"@type":"WebPage","@id":"https:\/\/krossbu.no.webist.no\/en\/accommodation\/winter-camping-at-krossbu\/","url":"https:\/\/krossbu.no.webist.no\/en\/accommodation\/winter-camping-at-krossbu\/","name":"Winter Camping at Krossbu - Krossbu","isPartOf":{"@id":"https:\/\/krossbu.no.webist.no\/en\/#website"},"primaryImageOfPage":{"@id":"https:\/\/krossbu.no.webist.no\/en\/accommodation\/winter-camping-at-krossbu\/#primaryimage"},"image":{"@id":"https:\/\/krossbu.no.webist.no\/en\/accommodation\/winter-camping-at-krossbu\/#primaryimage"},"thumbnailUrl":"https:\/\/krossbu.no.webist.no\/wp-content\/uploads\/2026\/02\/IMG_8685-scaled.jpg","datePublished":"2025-12-05T14:27:09+00:00","dateModified":"2026-02-17T10:39:39+00:00","breadcrumb":{"@id":"https:\/\/krossbu.no.webist.no\/en\/accommodation\/winter-camping-at-krossbu\/#breadcrumb"},"inLanguage":"en-US","potentialAction":[{"@type":"ReadAction","target":["https:\/\/krossbu.no.webist.no\/en\/accommodation\/winter-camping-at-krossbu\/"]}]},{"@type":"ImageObject","inLanguage":"en-US","@id":"https:\/\/krossbu.no.webist.no\/en\/accommodation\/winter-camping-at-krossbu\/#primaryimage","url":"https:\/\/krossbu.no.webist.no\/wp-content\/uploads\/2026\/02\/IMG_8685-scaled.jpg","contentUrl":"https:\/\/krossbu.no.webist.no\/wp-content\/uploads\/2026\/02\/IMG_8685-scaled.jpg","width":2560,"height":1920},{"@type":"BreadcrumbList","@id":"https:\/\/krossbu.no.webist.no\/en\/accommodation\/winter-camping-at-krossbu\/#breadcrumb","itemListElement":[{"@type":"ListItem","position":1,"name":"Hjem","item":"https:\/\/krossbu.no.webist.no\/en\/"},{"@type":"ListItem","position":2,"name":"Accommodation","item":"https:\/\/krossbu.no.webist.no\/en\/accommodation\/"},{"@type":"ListItem","position":3,"name":"Winter Camping at Krossbu"}]},{"@type":"WebSite","@id":"https:\/\/krossbu.no.webist.no\/en\/#website","url":"https:\/\/krossbu.no.webist.no\/en\/","name":"Krossbu prod.side","description":"","publisher":{"@id":"https:\/\/krossbu.no.webist.no\/en\/#organization"},"potentialAction":[{"@type":"SearchAction","target":{"@type":"EntryPoint","urlTemplate":"https:\/\/krossbu.no.webist.no\/en\/?s={search_term_string}"},"query-input":{"@type":"PropertyValueSpecification","valueRequired":true,"valueName":"search_term_string"}}],"inLanguage":"en-US"},{"@type":"Organization","@id":"https:\/\/krossbu.no.webist.no\/en\/#organization","name":"Krossbu prod.side","url":"https:\/\/krossbu.no.webist.no\/en\/","logo":{"@type":"ImageObject","inLanguage":"en-US","@id":"https:\/\/krossbu.no.webist.no\/en\/#\/schema\/logo\/image\/","url":"","contentUrl":"","caption":"Krossbu prod.side"},"image":{"@id":"https:\/\/krossbu.no.webist.no\/en\/#\/schema\/logo\/image\/"},"sameAs":["https:\/\/www.facebook.com\/krossbuturisthytteas"]}]}},"_links":{"self":[{"href":"https:\/\/krossbu.no.webist.no\/en\/wp-json\/wp\/v2\/pages\/1612","targetHints":{"allow":["GET"]}}],"collection":[{"href":"https:\/\/krossbu.no.webist.no\/en\/wp-json\/wp\/v2\/pages"}],"about":[{"href":"https:\/\/krossbu.no.webist.no\/en\/wp-json\/wp\/v2\/types\/page"}],"author":[{"embeddable":true,"href":"https:\/\/krossbu.no.webist.no\/en\/wp-json\/wp\/v2\/users\/2"}],"replies":[{"embeddable":true,"href":"https:\/\/krossbu.no.webist.no\/en\/wp-json\/wp\/v2\/comments?post=1612"}],"version-history":[{"count":1,"href":"https:\/\/krossbu.no.webist.no\/en\/wp-json\/wp\/v2\/pages\/1612\/revisions"}],"predecessor-version":[{"id":1672,"href":"https:\/\/krossbu.no.webist.no\/en\/wp-json\/wp\/v2\/pages\/1612\/revisions\/1672"}],"up":[{"embeddable":true,"href":"https:\/\/krossbu.no.webist.no\/en\/wp-json\/wp\/v2\/pages\/1336"}],"wp:featuredmedia":[{"embeddable":true,"href":"https:\/\/krossbu.no.webist.no\/en\/wp-json\/wp\/v2\/media\/1611"}],"wp:attachment":[{"href":"https:\/\/krossbu.no.webist.no\/en\/wp-json\/wp\/v2\/media?parent=1612"}],"curies":[{"name":"wp","href":"https:\/\/api.w.org\/{rel}","templated":true}]}}