{"id":1607,"date":"2025-09-26T09:20:37","date_gmt":"2025-09-26T09:20:37","guid":{"rendered":"https:\/\/krossbu.no\/about-us\/work-in-the-mountains-join-the-krossbu-team\/"},"modified":"2026-02-17T11:29:37","modified_gmt":"2026-02-17T11:29:37","slug":"work-in-the-mountains-join-the-krossbu-team","status":"publish","type":"page","link":"https:\/\/krossbu.no.webist.no\/en\/about-us\/work-in-the-mountains-join-the-krossbu-team\/","title":{"rendered":"Work in the Mountains \u2013 Join the Krossbu Team"},"content":{"rendered":"\n<h4>\n\t\t<a href=\"\/om-oss\/#jobb\" title=\"Tilbake\"  target=\"_self\">\n\t\t\tTilbake\t\t<\/a>\n\t<\/h4>\n<h1>\n\t\t\tJobbe i fjellet\t<\/h1>\n\t<p>Vi s\u00f8ker deg som \u00f8nsker \u00e5 jobbe i fjellet &#8211; enten hele sesongen fra p\u00e5ske til medio september, eller for en kortere periode i l\u00f8pet av sesongen.<\/p>\n<p>\u00c5 jobbe p\u00e5 Krossbu gir deg varierte arbeidsdager, et godt arbeidsmilj\u00f8 og en unik mulighet til \u00e5 kombinere jobb med fantastiske naturopplevelser i Jotunheimen.<\/p>\nSend en s\u00f8knad til <a href=\"mailto:lene@krossbu.no\">lene@krossbu.no,<\/a><br \/>\nog merk s\u00f8knaden med hvilken periode du \u00f8nsker \u00e5 jobbe.\n<h3>\n\t\t\tGleder oss til \u00e5 h\u00f8re fra deg!\t<\/h3>\n<figure itemscope itemtype=\"https:\/\/schema.org\/ImageObject\">\n\t\t\t\t<img decoding=\"async\" src=\"https:\/\/krossbu.no.webist.no\/wp-content\/uploads\/2026\/02\/Jobbeifjellet3.jpg\" alt=\"Jobbeifjellet3\" height=\"1666\" width=\"847\" title=\"Jobbeifjellet3\" onerror=\"this.style.display='none'\" loading=\"lazy\" \/>\n\t<\/figure>\n\n","protected":false},"excerpt":{"rendered":"<p>Tilbake Jobbe i fjellet Vi s\u00f8ker deg som \u00f8nsker \u00e5 jobbe i fjellet &#8211; enten hele sesongen fra p\u00e5ske til medio september, eller for en kortere periode i l\u00f8pet av sesongen. \u00c5 jobbe p\u00e5 Krossbu gir deg varierte arbeidsdager, et godt arbeidsmilj\u00f8 og en unik mulighet til \u00e5 kombinere jobb med fantastiske naturopplevelser i Jotunheimen.&hellip;<\/p>\n","protected":false},"author":2,"featured_media":1606,"parent":1413,"menu_order":0,"comment_status":"closed","ping_status":"closed","template":"","meta":{"footnotes":""},"class_list":["post-1607","page","type-page","status-publish","has-post-thumbnail","hentry"],"yoast_head":"<!-- This site is optimized with the Yoast SEO plugin v27.1.1 - https:\/\/yoast.com\/product\/yoast-seo-wordpress\/ -->\n<title>Work in the Mountains \u2013 Join the Krossbu Team - Krossbu<\/title>\n<meta name=\"robots\" content=\"noindex, follow, max-snippet:-1, max-image-preview:large, max-video-preview:-1\" \/>\n<meta property=\"og:locale\" content=\"en_US\" \/>\n<meta property=\"og:type\" content=\"article\" \/>\n<meta property=\"og:title\" content=\"Work in the Mountains \u2013 Join the Krossbu Team - Krossbu\" \/>\n<meta property=\"og:description\" content=\"Tilbake Jobbe i fjellet Vi s\u00f8ker deg som \u00f8nsker \u00e5 jobbe i fjellet &#8211; enten hele sesongen fra p\u00e5ske til medio september, eller for en kortere periode i l\u00f8pet av sesongen. \u00c5 jobbe p\u00e5 Krossbu gir deg varierte arbeidsdager, et godt arbeidsmilj\u00f8 og en unik mulighet til \u00e5 kombinere jobb med fantastiske naturopplevelser i Jotunheimen.&hellip;\" \/>\n<meta property=\"og:url\" content=\"https:\/\/krossbu.no.webist.no\/en\/about-us\/work-in-the-mountains-join-the-krossbu-team\/\" \/>\n<meta property=\"og:site_name\" content=\"Krossbu\" \/>\n<meta property=\"article:publisher\" content=\"https:\/\/www.facebook.com\/krossbuturisthytteas\" \/>\n<meta property=\"article:modified_time\" content=\"2026-02-17T11:29:37+00:00\" \/>\n<meta property=\"og:image\" content=\"https:\/\/krossbu.no.webist.no\/wp-content\/uploads\/2026\/02\/Jobbeifjellet2-scaled.jpg\" \/>\n\t<meta property=\"og:image:width\" content=\"1920\" \/>\n\t<meta property=\"og:image:height\" content=\"2560\" \/>\n\t<meta property=\"og:image:type\" content=\"image\/jpeg\" \/>\n<meta name=\"twitter:card\" content=\"summary_large_image\" \/>\n<script type=\"application\/ld+json\" class=\"yoast-schema-graph\">{\"@context\":\"https:\/\/schema.org\",\"@graph\":[{\"@type\":\"WebPage\",\"@id\":\"https:\/\/krossbu.no.webist.no\/en\/about-us\/work-in-the-mountains-join-the-krossbu-team\/\",\"url\":\"https:\/\/krossbu.no.webist.no\/en\/about-us\/work-in-the-mountains-join-the-krossbu-team\/\",\"name\":\"Work in the Mountains \u2013 Join the Krossbu Team - Krossbu\",\"isPartOf\":{\"@id\":\"https:\/\/krossbu.no.webist.no\/en\/#website\"},\"primaryImageOfPage\":{\"@id\":\"https:\/\/krossbu.no.webist.no\/en\/about-us\/work-in-the-mountains-join-the-krossbu-team\/#primaryimage\"},\"image\":{\"@id\":\"https:\/\/krossbu.no.webist.no\/en\/about-us\/work-in-the-mountains-join-the-krossbu-team\/#primaryimage\"},\"thumbnailUrl\":\"https:\/\/krossbu.no.webist.no\/wp-content\/uploads\/2026\/02\/Jobbeifjellet2-scaled.jpg\",\"datePublished\":\"2025-09-26T09:20:37+00:00\",\"dateModified\":\"2026-02-17T11:29:37+00:00\",\"breadcrumb\":{\"@id\":\"https:\/\/krossbu.no.webist.no\/en\/about-us\/work-in-the-mountains-join-the-krossbu-team\/#breadcrumb\"},\"inLanguage\":\"en-US\",\"potentialAction\":[{\"@type\":\"ReadAction\",\"target\":[\"https:\/\/krossbu.no.webist.no\/en\/about-us\/work-in-the-mountains-join-the-krossbu-team\/\"]}]},{\"@type\":\"ImageObject\",\"inLanguage\":\"en-US\",\"@id\":\"https:\/\/krossbu.no.webist.no\/en\/about-us\/work-in-the-mountains-join-the-krossbu-team\/#primaryimage\",\"url\":\"https:\/\/krossbu.no.webist.no\/wp-content\/uploads\/2026\/02\/Jobbeifjellet2-scaled.jpg\",\"contentUrl\":\"https:\/\/krossbu.no.webist.no\/wp-content\/uploads\/2026\/02\/Jobbeifjellet2-scaled.jpg\",\"width\":1920,\"height\":2560},{\"@type\":\"BreadcrumbList\",\"@id\":\"https:\/\/krossbu.no.webist.no\/en\/about-us\/work-in-the-mountains-join-the-krossbu-team\/#breadcrumb\",\"itemListElement\":[{\"@type\":\"ListItem\",\"position\":1,\"name\":\"Hjem\",\"item\":\"https:\/\/krossbu.no.webist.no\/en\/\"},{\"@type\":\"ListItem\",\"position\":2,\"name\":\"About us\",\"item\":\"https:\/\/krossbu.no.webist.no\/en\/about-us\/\"},{\"@type\":\"ListItem\",\"position\":3,\"name\":\"Work in the Mountains \u2013 Join the Krossbu Team\"}]},{\"@type\":\"WebSite\",\"@id\":\"https:\/\/krossbu.no.webist.no\/en\/#website\",\"url\":\"https:\/\/krossbu.no.webist.no\/en\/\",\"name\":\"Krossbu prod.side\",\"description\":\"\",\"publisher\":{\"@id\":\"https:\/\/krossbu.no.webist.no\/en\/#organization\"},\"potentialAction\":[{\"@type\":\"SearchAction\",\"target\":{\"@type\":\"EntryPoint\",\"urlTemplate\":\"https:\/\/krossbu.no.webist.no\/en\/?s={search_term_string}\"},\"query-input\":{\"@type\":\"PropertyValueSpecification\",\"valueRequired\":true,\"valueName\":\"search_term_string\"}}],\"inLanguage\":\"en-US\"},{\"@type\":\"Organization\",\"@id\":\"https:\/\/krossbu.no.webist.no\/en\/#organization\",\"name\":\"Krossbu prod.side\",\"url\":\"https:\/\/krossbu.no.webist.no\/en\/\",\"logo\":{\"@type\":\"ImageObject\",\"inLanguage\":\"en-US\",\"@id\":\"https:\/\/krossbu.no.webist.no\/en\/#\/schema\/logo\/image\/\",\"url\":\"\",\"contentUrl\":\"\",\"caption\":\"Krossbu prod.side\"},\"image\":{\"@id\":\"https:\/\/krossbu.no.webist.no\/en\/#\/schema\/logo\/image\/\"},\"sameAs\":[\"https:\/\/www.facebook.com\/krossbuturisthytteas\"]}]}<\/script>\n<!-- \/ Yoast SEO plugin. -->","yoast_head_json":{"title":"Work in the Mountains \u2013 Join the Krossbu Team - Krossbu","robots":{"index":"noindex","follow":"follow","max-snippet":"max-snippet:-1","max-image-preview":"max-image-preview:large","max-video-preview":"max-video-preview:-1"},"og_locale":"en_US","og_type":"article","og_title":"Work in the Mountains \u2013 Join the Krossbu Team - Krossbu","og_description":"Tilbake Jobbe i fjellet Vi s\u00f8ker deg som \u00f8nsker \u00e5 jobbe i fjellet &#8211; enten hele sesongen fra p\u00e5ske til medio september, eller for en kortere periode i l\u00f8pet av sesongen. \u00c5 jobbe p\u00e5 Krossbu gir deg varierte arbeidsdager, et godt arbeidsmilj\u00f8 og en unik mulighet til \u00e5 kombinere jobb med fantastiske naturopplevelser i Jotunheimen.&hellip;","og_url":"https:\/\/krossbu.no.webist.no\/en\/about-us\/work-in-the-mountains-join-the-krossbu-team\/","og_site_name":"Krossbu","article_publisher":"https:\/\/www.facebook.com\/krossbuturisthytteas","article_modified_time":"2026-02-17T11:29:37+00:00","og_image":[{"width":1920,"height":2560,"url":"https:\/\/krossbu.no.webist.no\/wp-content\/uploads\/2026\/02\/Jobbeifjellet2-scaled.jpg","type":"image\/jpeg"}],"twitter_card":"summary_large_image","schema":{"@context":"https:\/\/schema.org","@graph":[{"@type":"WebPage","@id":"https:\/\/krossbu.no.webist.no\/en\/about-us\/work-in-the-mountains-join-the-krossbu-team\/","url":"https:\/\/krossbu.no.webist.no\/en\/about-us\/work-in-the-mountains-join-the-krossbu-team\/","name":"Work in the Mountains \u2013 Join the Krossbu Team - Krossbu","isPartOf":{"@id":"https:\/\/krossbu.no.webist.no\/en\/#website"},"primaryImageOfPage":{"@id":"https:\/\/krossbu.no.webist.no\/en\/about-us\/work-in-the-mountains-join-the-krossbu-team\/#primaryimage"},"image":{"@id":"https:\/\/krossbu.no.webist.no\/en\/about-us\/work-in-the-mountains-join-the-krossbu-team\/#primaryimage"},"thumbnailUrl":"https:\/\/krossbu.no.webist.no\/wp-content\/uploads\/2026\/02\/Jobbeifjellet2-scaled.jpg","datePublished":"2025-09-26T09:20:37+00:00","dateModified":"2026-02-17T11:29:37+00:00","breadcrumb":{"@id":"https:\/\/krossbu.no.webist.no\/en\/about-us\/work-in-the-mountains-join-the-krossbu-team\/#breadcrumb"},"inLanguage":"en-US","potentialAction":[{"@type":"ReadAction","target":["https:\/\/krossbu.no.webist.no\/en\/about-us\/work-in-the-mountains-join-the-krossbu-team\/"]}]},{"@type":"ImageObject","inLanguage":"en-US","@id":"https:\/\/krossbu.no.webist.no\/en\/about-us\/work-in-the-mountains-join-the-krossbu-team\/#primaryimage","url":"https:\/\/krossbu.no.webist.no\/wp-content\/uploads\/2026\/02\/Jobbeifjellet2-scaled.jpg","contentUrl":"https:\/\/krossbu.no.webist.no\/wp-content\/uploads\/2026\/02\/Jobbeifjellet2-scaled.jpg","width":1920,"height":2560},{"@type":"BreadcrumbList","@id":"https:\/\/krossbu.no.webist.no\/en\/about-us\/work-in-the-mountains-join-the-krossbu-team\/#breadcrumb","itemListElement":[{"@type":"ListItem","position":1,"name":"Hjem","item":"https:\/\/krossbu.no.webist.no\/en\/"},{"@type":"ListItem","position":2,"name":"About us","item":"https:\/\/krossbu.no.webist.no\/en\/about-us\/"},{"@type":"ListItem","position":3,"name":"Work in the Mountains \u2013 Join the Krossbu Team"}]},{"@type":"WebSite","@id":"https:\/\/krossbu.no.webist.no\/en\/#website","url":"https:\/\/krossbu.no.webist.no\/en\/","name":"Krossbu prod.side","description":"","publisher":{"@id":"https:\/\/krossbu.no.webist.no\/en\/#organization"},"potentialAction":[{"@type":"SearchAction","target":{"@type":"EntryPoint","urlTemplate":"https:\/\/krossbu.no.webist.no\/en\/?s={search_term_string}"},"query-input":{"@type":"PropertyValueSpecification","valueRequired":true,"valueName":"search_term_string"}}],"inLanguage":"en-US"},{"@type":"Organization","@id":"https:\/\/krossbu.no.webist.no\/en\/#organization","name":"Krossbu prod.side","url":"https:\/\/krossbu.no.webist.no\/en\/","logo":{"@type":"ImageObject","inLanguage":"en-US","@id":"https:\/\/krossbu.no.webist.no\/en\/#\/schema\/logo\/image\/","url":"","contentUrl":"","caption":"Krossbu prod.side"},"image":{"@id":"https:\/\/krossbu.no.webist.no\/en\/#\/schema\/logo\/image\/"},"sameAs":["https:\/\/www.facebook.com\/krossbuturisthytteas"]}]}},"_links":{"self":[{"href":"https:\/\/krossbu.no.webist.no\/en\/wp-json\/wp\/v2\/pages\/1607","targetHints":{"allow":["GET"]}}],"collection":[{"href":"https:\/\/krossbu.no.webist.no\/en\/wp-json\/wp\/v2\/pages"}],"about":[{"href":"https:\/\/krossbu.no.webist.no\/en\/wp-json\/wp\/v2\/types\/page"}],"author":[{"embeddable":true,"href":"https:\/\/krossbu.no.webist.no\/en\/wp-json\/wp\/v2\/users\/2"}],"replies":[{"embeddable":true,"href":"https:\/\/krossbu.no.webist.no\/en\/wp-json\/wp\/v2\/comments?post=1607"}],"version-history":[{"count":2,"href":"https:\/\/krossbu.no.webist.no\/en\/wp-json\/wp\/v2\/pages\/1607\/revisions"}],"predecessor-version":[{"id":1701,"href":"https:\/\/krossbu.no.webist.no\/en\/wp-json\/wp\/v2\/pages\/1607\/revisions\/1701"}],"up":[{"embeddable":true,"href":"https:\/\/krossbu.no.webist.no\/en\/wp-json\/wp\/v2\/pages\/1413"}],"wp:featuredmedia":[{"embeddable":true,"href":"https:\/\/krossbu.no.webist.no\/en\/wp-json\/wp\/v2\/media\/1606"}],"wp:attachment":[{"href":"https:\/\/krossbu.no.webist.no\/en\/wp-json\/wp\/v2\/media?parent=1607"}],"curies":[{"name":"wp","href":"https:\/\/api.w.org\/{rel}","templated":true}]}}