{"id":1590,"date":"2025-10-16T14:41:57","date_gmt":"2025-10-16T14:41:57","guid":{"rendered":"https:\/\/krossbu.no\/activities\/winter-and-spring\/peak-scrambling\/"},"modified":"2026-02-18T10:03:51","modified_gmt":"2026-02-18T10:03:51","slug":"peak-scrambling","status":"publish","type":"page","link":"https:\/\/krossbu.no.webist.no\/en\/activities\/winter-and-spring\/peak-scrambling\/","title":{"rendered":"Peak Scrambling"},"content":{"rendered":"\n<h4>\n\t\t<a href=\"\/en\/activities\/winter-and-spring\/\" title=\"Back\"  target=\"_self\">\n\t\t\tBack\t\t<\/a>\n\t<\/h4>\n<h1>\n\t\t\tPeak Scrambling\t<\/h1>\n<h1>\n\t\t\tSm\u00f8rstabbtindan &#8211; Classic Ski Touring Peaks\t<\/h1>\n\t<p>From Krossbu, you have access to all the most well-known peaks in the Sm\u00f8rstabbtindan range, including:<\/p>\n\t\t\t<a href=\"\/en\/activities\/summer-autumn\/summit-walks\/kniven\/\"  target=\"_self\">\n\t\t\t\t\t\t\tKniven\n\t\t\t\t\t<\/a>\n\t\t\t<a href=\"\/en\/activities\/summer-autumn\/summit-walks\/skeie\/\"  target=\"_self\">\n\t\t\t\t\t\t\tSkeie\n\t\t\t\t\t<\/a>\n\t\t\t<a href=\"\/en\/activities\/summer-autumn\/summit-walks\/kalven\/\"  target=\"_self\">\n\t\t\t\t\t\t\tKalven\n\t\t\t\t\t<\/a>\n\t\t\t<a href=\"\/en\/activities\/summer-autumn\/summit-walks\/veslebjorn\/\"  target=\"_self\">\n\t\t\t\t\t\t\tVeslebj\u00f8rn\n\t\t\t\t\t<\/a>\n\t\t\t<a href=\"\/en\/activities\/summer-autumn\/summit-walks\/storebjorn\/\"  target=\"_self\">\n\t\t\t\t\t\t\tStorebj\u00f8rn\n\t\t\t\t\t<\/a>\n\t\t\t<a href=\"\/en\/activities\/summer-autumn\/summit-walks\/sokse\/\"  target=\"_self\">\n\t\t\t\t\t\t\tSokse\n\t\t\t\t\t<\/a>\n\t<p>These tours involve glacier crossings. As long as the glaciers are well covered with snow, they can be undertaken independently. For increased safety and local knowledge, it is also possible to join guided ski tours.  <\/p>\n\t\t\t<p><strong>Before heading out on a ski tour, we strongly recommend that you:<\/strong><\/p>\n<ul>\n<li>Check <a href=\"https:\/\/www.varsom.no\/\" target=\"_blank\" rel=\"noopener\">Varsom.no<\/a> for the latest avalanche forecasts<\/li>\n<li>Download the Varsom &#8211; Regobs app on <a href=\"https:\/\/apps.apple.com\/no\/app\/varsom\/id1450501601\" target=\"_blank\" rel=\"noopener\">App Store<\/a> or <a href=\"https:\/\/play.google.com\/store\/apps\/details?id=no.nve.regobs4&amp;fbclid=IwAR0aVt8ZEtT-XFO2zt4sE6M_3kNPEQ_ZBc6WHgqIgRb_DNAWC8PYBKBkE8I.\" target=\"_blank\" rel=\"noopener\">Google Play<\/a><\/li>\n<li>Use <a href=\"https:\/\/temakart.nve.no\/\" target=\"_blank\" rel=\"noopener\">avalanche terrain maps from NVE<\/a><\/li>\n<\/ul>\n<p>These tools provide important information about avalanche risk, slope steepness, and avalanche runout zones in the area around Krossbu, helping you plan safe and enjoyable trips in the mountains.<\/p>\n\t\t\t<a href=\"javascript:void(0)\" title=\"Avalanches and Safety\" target=\"_self\"  data-modal=  role=\"button\" aria-label=\"Avalanches and Safety\">\n\t\t\t\t\t\t\t\t\t\t\tAvalanches and Safety\n\t\t<\/a>\n<h2>\n\t\t\tGuided Ski Tours\t<\/h2>\n\tKrossbu does not offer guiding services for ski tours, but several external operators arrange guided ski touring trips with Krossbu as the starting point. Tours are booked directly with the providers, including:<br \/>\n<a href=\"https:\/\/www.fyrstogfremst.no\/\" target=\"_blank\" rel=\"noopener\">Fyrst og Fremst<\/a><br \/>\n<a href=\"https:\/\/www.jotunheimenarr.no\/\" target=\"_blank\" rel=\"noopener\">Jotunheimen Arrangement<\/a>\n<figure itemscope itemtype=\"https:\/\/schema.org\/ImageObject\">\n\t\t\t\t<img decoding=\"async\" src=\"https:\/\/krossbu.no.webist.no\/wp-content\/uploads\/2025\/10\/topptur_vinter_bilde3_450.jpg\" alt=\"topptur_vinter_bilde3_450\" height=\"632\" width=\"454\" title=\"topptur_vinter_bilde3_450\" onerror=\"this.style.display='none'\" loading=\"lazy\" \/>\n\t<\/figure>\n<figure itemscope itemtype=\"https:\/\/schema.org\/ImageObject\">\n\t\t\t\t<img decoding=\"async\" src=\"https:\/\/krossbu.no.webist.no\/wp-content\/uploads\/2025\/09\/Krossbu-enhanced-18.jpg\" alt=\"Krossbu-enhanced-18\" height=\"1920\" width=\"1920\" title=\"Krossbu-enhanced-18\" onerror=\"this.style.display='none'\" loading=\"lazy\" \/>\n\t<\/figure>\n<h2>\n\t\t\tSummit Tours Without Glacier Crossing\t<\/h2>\n\t<p>There are also several 2000-metre peaks in the area that can be reached without crossing a glacier, such as<\/p>\n\t\t\t<a href=\"\/en\/activities\/summer-autumn\/summit-walks\/veslfjelltinden\/\"  target=\"_self\">\n\t\t\t\t\t\t\tVeslfjelltinden\n\t\t\t\t\t<\/a>\n\t\t\t<a href=\"\/en\/activities\/summer-autumn\/summit-walks\/veslbreatinden\/\"  target=\"_self\">\n\t\t\t\t\t\t\tVeslbreatinden\n\t\t\t\t\t<\/a>\n\t\t\t<a href=\"\/en\/activities\/summer-autumn\/summit-walks\/storbreatinden\/\"  target=\"_self\">\n\t\t\t\t\t\t\tStorbreatinden\n\t\t\t\t\t<\/a>\n\t\t\t<a href=\"\/en\/activities\/summer-autumn\/summit-walks\/store-smorstabbtind\/\"  target=\"_self\">\n\t\t\t\t\t\t\tStore Sm\u00f8rstabbtind\n\t\t\t\t\t<\/a>\n\t\t\t<a href=\"\/en\/activities\/summer-autumn\/summit-walks\/hurrbreatinden\/\"  target=\"_self\">\n\t\t\t\t\t\t\tHurrbreatinden\n\t\t\t\t\t<\/a>\n\t\t\t<a href=\"\/en\/activities\/summer-autumn\/summit-walks\/loftet\/\"  target=\"_self\">\n\t\t\t\t\t\t\tLoftet\n\t\t\t\t\t<\/a>\n<h2>\n\t\t\tMore Popular Summit Destinations\t<\/h2>\n\t<p>Other excellent summit tours starting from Krossbu include Fannar\u00e5ken and Steindalsnosi, both well known for their long and enjoyable descents.<\/p>\n\t\t\t<a href=\"\/en\/activities\/summer-autumn\/summit-walks\/fannaraken\/\"  target=\"_self\">\n\t\t\t\t\t\t\tFannar\u00e5ken\n\t\t\t\t\t<\/a>\n\t\t\t<a href=\"\/en\/activities\/summer-autumn\/summit-walks\/steindalsnosi\/\"  target=\"_self\">\n\t\t\t\t\t\t\tSteindalsnosi\n\t\t\t\t\t<\/a>\n<figure itemscope itemtype=\"https:\/\/schema.org\/ImageObject\">\n\t\t\t\t<img decoding=\"async\" src=\"https:\/\/krossbu.no.webist.no\/wp-content\/uploads\/2026\/01\/fannaraken-steindalsnosi-scaled.jpg\" alt=\"OLYMPUS DIGITAL CAMERA\" height=\"1440\" width=\"2560\" title=\"OLYMPUS DIGITAL CAMERA\" onerror=\"this.style.display='none'\" loading=\"lazy\" \/>\n\t<\/figure>\n<figure itemscope itemtype=\"https:\/\/schema.org\/ImageObject\">\n\t\t\t\t<img decoding=\"async\" src=\"https:\/\/krossbu.no.webist.no\/wp-content\/uploads\/2026\/01\/VinterHurrungane.jpg\" alt=\"VinterHurrungane\" height=\"1152\" width=\"1152\" title=\"VinterHurrungane\" onerror=\"this.style.display='none'\" loading=\"lazy\" \/>\n\t<\/figure>\n<h2>\n\t\t\tHurrungane &#8211; Alpine Summit Tours\t<\/h2>\n\tHurrungane is located approximately a 30-minute drive from Krossbu and offers some of the most alpine and spectacular summit tours in Jotunheimen. The area is known for its sharp peaks, steep couloirs, and dramatic high-mountain terrain, and is best suited for experienced ski tourers and mountaineers.<br \/>\n<strong>In Hurrungane, you will find well-known mountain ranges and peaks such as:<\/strong>\n<ul>\n<li>Ringstindane<\/li>\n<li>Dyrhaugstindane<\/li>\n<li>Austbotntindane<\/li>\n<li>Soleibotntindane<\/li>\n<\/ul>\n<p>These mountains offer some of the most iconic summit tours in Norway, with truly alpine experiences set in spectacular surroundings.<\/p>\n<h2>\n\t\t\tMore activites\t<\/h2>\n\n","protected":false},"excerpt":{"rendered":"<p>Back Peak Scrambling Sm\u00f8rstabbtindan &#8211; Classic Ski Touring Peaks From Krossbu, you have access to all the most well-known peaks in the Sm\u00f8rstabbtindan range, including: Kniven Skeie Kalven Veslebj\u00f8rn Storebj\u00f8rn Sokse These tours involve glacier crossings. As long as the glaciers are well covered with snow, they can be undertaken independently. For increased safety and&hellip;<\/p>\n","protected":false},"author":2,"featured_media":1505,"parent":1564,"menu_order":0,"comment_status":"closed","ping_status":"closed","template":"","meta":{"footnotes":""},"class_list":["post-1590","page","type-page","status-publish","has-post-thumbnail","hentry"],"yoast_head":"<!-- This site is optimized with the Yoast SEO plugin v27.1.1 - https:\/\/yoast.com\/product\/yoast-seo-wordpress\/ -->\n<title>Peak Scrambling - Krossbu<\/title>\n<meta name=\"robots\" content=\"noindex, follow, max-snippet:-1, max-image-preview:large, max-video-preview:-1\" \/>\n<meta property=\"og:locale\" content=\"en_US\" \/>\n<meta property=\"og:type\" content=\"article\" \/>\n<meta property=\"og:title\" content=\"Peak Scrambling - Krossbu\" \/>\n<meta property=\"og:description\" content=\"Back Peak Scrambling Sm\u00f8rstabbtindan &#8211; Classic Ski Touring Peaks From Krossbu, you have access to all the most well-known peaks in the Sm\u00f8rstabbtindan range, including: Kniven Skeie Kalven Veslebj\u00f8rn Storebj\u00f8rn Sokse These tours involve glacier crossings. As long as the glaciers are well covered with snow, they can be undertaken independently. For increased safety and&hellip;\" \/>\n<meta property=\"og:url\" content=\"https:\/\/krossbu.no.webist.no\/en\/activities\/winter-and-spring\/peak-scrambling\/\" \/>\n<meta property=\"og:site_name\" content=\"Krossbu\" \/>\n<meta property=\"article:publisher\" content=\"https:\/\/www.facebook.com\/krossbuturisthytteas\" \/>\n<meta property=\"article:modified_time\" content=\"2026-02-18T10:03:51+00:00\" \/>\n<meta property=\"og:image\" content=\"https:\/\/krossbu.no.webist.no\/wp-content\/uploads\/2025\/09\/topptur_vinter_bilde3_450.jpg\" \/>\n\t<meta property=\"og:image:width\" content=\"454\" \/>\n\t<meta property=\"og:image:height\" content=\"632\" \/>\n\t<meta property=\"og:image:type\" content=\"image\/jpeg\" \/>\n<meta name=\"twitter:card\" content=\"summary_large_image\" \/>\n<meta name=\"twitter:label1\" content=\"Est. reading time\" \/>\n\t<meta name=\"twitter:data1\" content=\"2 minutes\" \/>\n<script type=\"application\/ld+json\" class=\"yoast-schema-graph\">{\"@context\":\"https:\/\/schema.org\",\"@graph\":[{\"@type\":\"WebPage\",\"@id\":\"https:\/\/krossbu.no.webist.no\/en\/activities\/winter-and-spring\/peak-scrambling\/\",\"url\":\"https:\/\/krossbu.no.webist.no\/en\/activities\/winter-and-spring\/peak-scrambling\/\",\"name\":\"Peak Scrambling - Krossbu\",\"isPartOf\":{\"@id\":\"https:\/\/krossbu.no.webist.no\/en\/#website\"},\"primaryImageOfPage\":{\"@id\":\"https:\/\/krossbu.no.webist.no\/en\/activities\/winter-and-spring\/peak-scrambling\/#primaryimage\"},\"image\":{\"@id\":\"https:\/\/krossbu.no.webist.no\/en\/activities\/winter-and-spring\/peak-scrambling\/#primaryimage\"},\"thumbnailUrl\":\"https:\/\/krossbu.no.webist.no\/wp-content\/uploads\/2025\/09\/topptur_vinter_bilde3_450.jpg\",\"datePublished\":\"2025-10-16T14:41:57+00:00\",\"dateModified\":\"2026-02-18T10:03:51+00:00\",\"breadcrumb\":{\"@id\":\"https:\/\/krossbu.no.webist.no\/en\/activities\/winter-and-spring\/peak-scrambling\/#breadcrumb\"},\"inLanguage\":\"en-US\",\"potentialAction\":[{\"@type\":\"ReadAction\",\"target\":[\"https:\/\/krossbu.no.webist.no\/en\/activities\/winter-and-spring\/peak-scrambling\/\"]}]},{\"@type\":\"ImageObject\",\"inLanguage\":\"en-US\",\"@id\":\"https:\/\/krossbu.no.webist.no\/en\/activities\/winter-and-spring\/peak-scrambling\/#primaryimage\",\"url\":\"https:\/\/krossbu.no.webist.no\/wp-content\/uploads\/2025\/09\/topptur_vinter_bilde3_450.jpg\",\"contentUrl\":\"https:\/\/krossbu.no.webist.no\/wp-content\/uploads\/2025\/09\/topptur_vinter_bilde3_450.jpg\",\"width\":454,\"height\":632},{\"@type\":\"BreadcrumbList\",\"@id\":\"https:\/\/krossbu.no.webist.no\/en\/activities\/winter-and-spring\/peak-scrambling\/#breadcrumb\",\"itemListElement\":[{\"@type\":\"ListItem\",\"position\":1,\"name\":\"Hjem\",\"item\":\"https:\/\/krossbu.no.webist.no\/en\/\"},{\"@type\":\"ListItem\",\"position\":2,\"name\":\"Activities\",\"item\":\"https:\/\/krossbu.no.webist.no\/en\/activities\/\"},{\"@type\":\"ListItem\",\"position\":3,\"name\":\"Winter and Spring\",\"item\":\"https:\/\/krossbu.no.webist.no\/en\/activities\/winter-and-spring\/\"},{\"@type\":\"ListItem\",\"position\":4,\"name\":\"Peak Scrambling\"}]},{\"@type\":\"WebSite\",\"@id\":\"https:\/\/krossbu.no.webist.no\/en\/#website\",\"url\":\"https:\/\/krossbu.no.webist.no\/en\/\",\"name\":\"Krossbu prod.side\",\"description\":\"\",\"publisher\":{\"@id\":\"https:\/\/krossbu.no.webist.no\/en\/#organization\"},\"potentialAction\":[{\"@type\":\"SearchAction\",\"target\":{\"@type\":\"EntryPoint\",\"urlTemplate\":\"https:\/\/krossbu.no.webist.no\/en\/?s={search_term_string}\"},\"query-input\":{\"@type\":\"PropertyValueSpecification\",\"valueRequired\":true,\"valueName\":\"search_term_string\"}}],\"inLanguage\":\"en-US\"},{\"@type\":\"Organization\",\"@id\":\"https:\/\/krossbu.no.webist.no\/en\/#organization\",\"name\":\"Krossbu prod.side\",\"url\":\"https:\/\/krossbu.no.webist.no\/en\/\",\"logo\":{\"@type\":\"ImageObject\",\"inLanguage\":\"en-US\",\"@id\":\"https:\/\/krossbu.no.webist.no\/en\/#\/schema\/logo\/image\/\",\"url\":\"\",\"contentUrl\":\"\",\"caption\":\"Krossbu prod.side\"},\"image\":{\"@id\":\"https:\/\/krossbu.no.webist.no\/en\/#\/schema\/logo\/image\/\"},\"sameAs\":[\"https:\/\/www.facebook.com\/krossbuturisthytteas\"]}]}<\/script>\n<!-- \/ Yoast SEO plugin. -->","yoast_head_json":{"title":"Peak Scrambling - Krossbu","robots":{"index":"noindex","follow":"follow","max-snippet":"max-snippet:-1","max-image-preview":"max-image-preview:large","max-video-preview":"max-video-preview:-1"},"og_locale":"en_US","og_type":"article","og_title":"Peak Scrambling - Krossbu","og_description":"Back Peak Scrambling Sm\u00f8rstabbtindan &#8211; Classic Ski Touring Peaks From Krossbu, you have access to all the most well-known peaks in the Sm\u00f8rstabbtindan range, including: Kniven Skeie Kalven Veslebj\u00f8rn Storebj\u00f8rn Sokse These tours involve glacier crossings. As long as the glaciers are well covered with snow, they can be undertaken independently. For increased safety and&hellip;","og_url":"https:\/\/krossbu.no.webist.no\/en\/activities\/winter-and-spring\/peak-scrambling\/","og_site_name":"Krossbu","article_publisher":"https:\/\/www.facebook.com\/krossbuturisthytteas","article_modified_time":"2026-02-18T10:03:51+00:00","og_image":[{"width":454,"height":632,"url":"https:\/\/krossbu.no.webist.no\/wp-content\/uploads\/2025\/09\/topptur_vinter_bilde3_450.jpg","type":"image\/jpeg"}],"twitter_card":"summary_large_image","twitter_misc":{"Est. reading time":"2 minutes"},"schema":{"@context":"https:\/\/schema.org","@graph":[{"@type":"WebPage","@id":"https:\/\/krossbu.no.webist.no\/en\/activities\/winter-and-spring\/peak-scrambling\/","url":"https:\/\/krossbu.no.webist.no\/en\/activities\/winter-and-spring\/peak-scrambling\/","name":"Peak Scrambling - Krossbu","isPartOf":{"@id":"https:\/\/krossbu.no.webist.no\/en\/#website"},"primaryImageOfPage":{"@id":"https:\/\/krossbu.no.webist.no\/en\/activities\/winter-and-spring\/peak-scrambling\/#primaryimage"},"image":{"@id":"https:\/\/krossbu.no.webist.no\/en\/activities\/winter-and-spring\/peak-scrambling\/#primaryimage"},"thumbnailUrl":"https:\/\/krossbu.no.webist.no\/wp-content\/uploads\/2025\/09\/topptur_vinter_bilde3_450.jpg","datePublished":"2025-10-16T14:41:57+00:00","dateModified":"2026-02-18T10:03:51+00:00","breadcrumb":{"@id":"https:\/\/krossbu.no.webist.no\/en\/activities\/winter-and-spring\/peak-scrambling\/#breadcrumb"},"inLanguage":"en-US","potentialAction":[{"@type":"ReadAction","target":["https:\/\/krossbu.no.webist.no\/en\/activities\/winter-and-spring\/peak-scrambling\/"]}]},{"@type":"ImageObject","inLanguage":"en-US","@id":"https:\/\/krossbu.no.webist.no\/en\/activities\/winter-and-spring\/peak-scrambling\/#primaryimage","url":"https:\/\/krossbu.no.webist.no\/wp-content\/uploads\/2025\/09\/topptur_vinter_bilde3_450.jpg","contentUrl":"https:\/\/krossbu.no.webist.no\/wp-content\/uploads\/2025\/09\/topptur_vinter_bilde3_450.jpg","width":454,"height":632},{"@type":"BreadcrumbList","@id":"https:\/\/krossbu.no.webist.no\/en\/activities\/winter-and-spring\/peak-scrambling\/#breadcrumb","itemListElement":[{"@type":"ListItem","position":1,"name":"Hjem","item":"https:\/\/krossbu.no.webist.no\/en\/"},{"@type":"ListItem","position":2,"name":"Activities","item":"https:\/\/krossbu.no.webist.no\/en\/activities\/"},{"@type":"ListItem","position":3,"name":"Winter and Spring","item":"https:\/\/krossbu.no.webist.no\/en\/activities\/winter-and-spring\/"},{"@type":"ListItem","position":4,"name":"Peak Scrambling"}]},{"@type":"WebSite","@id":"https:\/\/krossbu.no.webist.no\/en\/#website","url":"https:\/\/krossbu.no.webist.no\/en\/","name":"Krossbu prod.side","description":"","publisher":{"@id":"https:\/\/krossbu.no.webist.no\/en\/#organization"},"potentialAction":[{"@type":"SearchAction","target":{"@type":"EntryPoint","urlTemplate":"https:\/\/krossbu.no.webist.no\/en\/?s={search_term_string}"},"query-input":{"@type":"PropertyValueSpecification","valueRequired":true,"valueName":"search_term_string"}}],"inLanguage":"en-US"},{"@type":"Organization","@id":"https:\/\/krossbu.no.webist.no\/en\/#organization","name":"Krossbu prod.side","url":"https:\/\/krossbu.no.webist.no\/en\/","logo":{"@type":"ImageObject","inLanguage":"en-US","@id":"https:\/\/krossbu.no.webist.no\/en\/#\/schema\/logo\/image\/","url":"","contentUrl":"","caption":"Krossbu prod.side"},"image":{"@id":"https:\/\/krossbu.no.webist.no\/en\/#\/schema\/logo\/image\/"},"sameAs":["https:\/\/www.facebook.com\/krossbuturisthytteas"]}]}},"_links":{"self":[{"href":"https:\/\/krossbu.no.webist.no\/en\/wp-json\/wp\/v2\/pages\/1590","targetHints":{"allow":["GET"]}}],"collection":[{"href":"https:\/\/krossbu.no.webist.no\/en\/wp-json\/wp\/v2\/pages"}],"about":[{"href":"https:\/\/krossbu.no.webist.no\/en\/wp-json\/wp\/v2\/types\/page"}],"author":[{"embeddable":true,"href":"https:\/\/krossbu.no.webist.no\/en\/wp-json\/wp\/v2\/users\/2"}],"replies":[{"embeddable":true,"href":"https:\/\/krossbu.no.webist.no\/en\/wp-json\/wp\/v2\/comments?post=1590"}],"version-history":[{"count":3,"href":"https:\/\/krossbu.no.webist.no\/en\/wp-json\/wp\/v2\/pages\/1590\/revisions"}],"predecessor-version":[{"id":1764,"href":"https:\/\/krossbu.no.webist.no\/en\/wp-json\/wp\/v2\/pages\/1590\/revisions\/1764"}],"up":[{"embeddable":true,"href":"https:\/\/krossbu.no.webist.no\/en\/wp-json\/wp\/v2\/pages\/1564"}],"wp:featuredmedia":[{"embeddable":true,"href":"https:\/\/krossbu.no.webist.no\/en\/wp-json\/wp\/v2\/media\/1505"}],"wp:attachment":[{"href":"https:\/\/krossbu.no.webist.no\/en\/wp-json\/wp\/v2\/media?parent=1590"}],"curies":[{"name":"wp","href":"https:\/\/api.w.org\/{rel}","templated":true}]}}