{"id":1548,"date":"2025-09-10T09:10:58","date_gmt":"2025-09-10T09:10:58","guid":{"rendered":"https:\/\/krossbu.no\/activities\/summer-autumn\/summit-walks\/storebjorn\/"},"modified":"2026-02-18T11:25:41","modified_gmt":"2026-02-18T11:25:41","slug":"storebjorn","status":"publish","type":"page","link":"https:\/\/krossbu.no.webist.no\/en\/activities\/summer-autumn\/summit-walks\/storebjorn\/","title":{"rendered":"Storebj\u00f8rn"},"content":{"rendered":"\n<h4>\n\t\t<a href=\"\/en\/activities\/summer-autumn\/summit-walks\/\" title=\"Back Summit Walks\"  target=\"_self\">\n\t\t\tBack Summit Walks\t\t<\/a>\n\t<\/h4>\n<h4>\n\t\t<a href=\"\/en\/activities\/winter-and-spring\/peak-scrambling\/\" title=\"Back Peak Scrambling\"  target=\"_self\">\n\t\t\tBack Peak Scrambling\t\t<\/a>\n\t<\/h4>\n<h1>\n\t\t\tStorebj\u00f8rn\t<\/h1>\n\t<p>The King of Sm\u00f8rstabbtindane, which towers high in the landscape. A relatively demanding hike, where the last part to the top is quite steep. The top is spacious, and the view cannot be described, it must be experienced.  <\/p>\n\t<p>The trip often requires crossing the Leirbrean glacier, and the area offers demanding, alpine conditions where crampons and ice axes are recommended, as well as good downhill skiing opportunities. <\/p>\n\t\t\t<p><strong>Starting point:<\/strong> Krossbu Tourist Cabin<\/p>\n<p><strong>Highest point:<\/strong> 2222 masl<\/p>\n<p><strong>Difficulty:<\/strong> Demanding (glacier and airy peak)<\/p>\n<p><strong>Season:<\/strong> Summer (July-September) \/ Spring ski trip (April-June)<\/p>\n<p>Hike that requires glacier equipment and knowledge &#8211; possibly a guide. <\/p>\n<p>It is recommended to assess the avalanche danger and check the conditions carefully before the trip, as this is an alpine route.<\/p>\n\t\t\t<a href=\"javascript:void(0)\" title=\"Facts about the peak\" target=\"_self\"  data-modal=  role=\"button\" aria-label=\"Facts about the peak\">\n\t\t\t\t\t\t\t\t\t\t\tFacts about the peak\n\t\t<\/a>\n<figure itemscope itemtype=\"https:\/\/schema.org\/ImageObject\">\n\t\t\t\t<img decoding=\"async\" src=\"https:\/\/krossbu.no.webist.no\/wp-content\/uploads\/2025\/09\/20250517_142844-scaled-e1758618606354.jpg\" alt=\"20250517_142844\" height=\"1446\" width=\"1441\" title=\"20250517_142844\" onerror=\"this.style.display='none'\" loading=\"lazy\" \/>\n\t<\/figure>\n<figure itemscope itemtype=\"https:\/\/schema.org\/ImageObject\">\n\t\t\t\t<img decoding=\"async\" src=\"https:\/\/krossbu.no.webist.no\/wp-content\/uploads\/2025\/09\/dobbeltrom_champagne_1100x600-scaled-1.jpg\" alt=\"double-room_champagne_1100x600-scaled\" height=\"1397\" width=\"2560\" title=\"double-room_champagne_1100x600-scaled\" onerror=\"this.style.display='none'\" loading=\"lazy\" \/>\n\t<\/figure>\n<h2>\n\t\t\tAccommodation and meals\t<\/h2>\n\t<p>Krossbu is perfectly located for mountain hikes in Sm\u00f8rstabbtindane. We offer comfortable accommodation, homemade food and a great atmosphere after a long day in the mountains. Here you can recharge, relax and meet other mountain people.<\/p>\n\t\t\t<a href=\"https:\/\/krossbu.no.webist.no\/en\/accommodation\/\"  target=\"_self\">\n\t\t\t\t\t\t\tBooking\n\t\t\t\t\t<\/a>\n\n","protected":false},"excerpt":{"rendered":"<p>Back Summit Walks Back Peak Scrambling Storebj\u00f8rn The King of Sm\u00f8rstabbtindane, which towers high in the landscape. A relatively demanding hike, where the last part to the top is quite steep. The top is spacious, and the view cannot be described, it must be experienced. The trip often requires crossing the Leirbrean glacier, and the&hellip;<\/p>\n","protected":false},"author":2,"featured_media":1483,"parent":1484,"menu_order":0,"comment_status":"closed","ping_status":"closed","template":"","meta":{"footnotes":""},"class_list":["post-1548","page","type-page","status-publish","has-post-thumbnail","hentry"],"yoast_head":"<!-- This site is optimized with the Yoast SEO plugin v27.1.1 - https:\/\/yoast.com\/product\/yoast-seo-wordpress\/ -->\n<title>Storebj\u00f8rn - Krossbu<\/title>\n<meta name=\"robots\" content=\"noindex, follow, max-snippet:-1, max-image-preview:large, max-video-preview:-1\" \/>\n<meta property=\"og:locale\" content=\"en_US\" \/>\n<meta property=\"og:type\" content=\"article\" \/>\n<meta property=\"og:title\" content=\"Storebj\u00f8rn - Krossbu\" \/>\n<meta property=\"og:description\" content=\"Back Summit Walks Back Peak Scrambling Storebj\u00f8rn The King of Sm\u00f8rstabbtindane, which towers high in the landscape. A relatively demanding hike, where the last part to the top is quite steep. The top is spacious, and the view cannot be described, it must be experienced. The trip often requires crossing the Leirbrean glacier, and the&hellip;\" \/>\n<meta property=\"og:url\" content=\"https:\/\/krossbu.no.webist.no\/en\/activities\/summer-autumn\/summit-walks\/storebjorn\/\" \/>\n<meta property=\"og:site_name\" content=\"Krossbu\" \/>\n<meta property=\"article:publisher\" content=\"https:\/\/www.facebook.com\/krossbuturisthytteas\" \/>\n<meta property=\"article:modified_time\" content=\"2026-02-18T11:25:41+00:00\" \/>\n<meta property=\"og:image\" content=\"https:\/\/krossbu.no.webist.no\/wp-content\/uploads\/2025\/09\/topptur_bilde5_450.jpg\" \/>\n\t<meta property=\"og:image:width\" content=\"601\" \/>\n\t<meta property=\"og:image:height\" content=\"427\" \/>\n\t<meta property=\"og:image:type\" content=\"image\/jpeg\" \/>\n<meta name=\"twitter:card\" content=\"summary_large_image\" \/>\n<meta name=\"twitter:label1\" content=\"Est. reading time\" \/>\n\t<meta name=\"twitter:data1\" content=\"2 minutes\" \/>\n<script type=\"application\/ld+json\" class=\"yoast-schema-graph\">{\"@context\":\"https:\/\/schema.org\",\"@graph\":[{\"@type\":\"WebPage\",\"@id\":\"https:\/\/krossbu.no.webist.no\/en\/activities\/summer-autumn\/summit-walks\/storebjorn\/\",\"url\":\"https:\/\/krossbu.no.webist.no\/en\/activities\/summer-autumn\/summit-walks\/storebjorn\/\",\"name\":\"Storebj\u00f8rn - Krossbu\",\"isPartOf\":{\"@id\":\"https:\/\/krossbu.no.webist.no\/en\/#website\"},\"primaryImageOfPage\":{\"@id\":\"https:\/\/krossbu.no.webist.no\/en\/activities\/summer-autumn\/summit-walks\/storebjorn\/#primaryimage\"},\"image\":{\"@id\":\"https:\/\/krossbu.no.webist.no\/en\/activities\/summer-autumn\/summit-walks\/storebjorn\/#primaryimage\"},\"thumbnailUrl\":\"https:\/\/krossbu.no.webist.no\/wp-content\/uploads\/2025\/09\/topptur_bilde5_450.jpg\",\"datePublished\":\"2025-09-10T09:10:58+00:00\",\"dateModified\":\"2026-02-18T11:25:41+00:00\",\"breadcrumb\":{\"@id\":\"https:\/\/krossbu.no.webist.no\/en\/activities\/summer-autumn\/summit-walks\/storebjorn\/#breadcrumb\"},\"inLanguage\":\"en-US\",\"potentialAction\":[{\"@type\":\"ReadAction\",\"target\":[\"https:\/\/krossbu.no.webist.no\/en\/activities\/summer-autumn\/summit-walks\/storebjorn\/\"]}]},{\"@type\":\"ImageObject\",\"inLanguage\":\"en-US\",\"@id\":\"https:\/\/krossbu.no.webist.no\/en\/activities\/summer-autumn\/summit-walks\/storebjorn\/#primaryimage\",\"url\":\"https:\/\/krossbu.no.webist.no\/wp-content\/uploads\/2025\/09\/topptur_bilde5_450.jpg\",\"contentUrl\":\"https:\/\/krossbu.no.webist.no\/wp-content\/uploads\/2025\/09\/topptur_bilde5_450.jpg\",\"width\":601,\"height\":427},{\"@type\":\"BreadcrumbList\",\"@id\":\"https:\/\/krossbu.no.webist.no\/en\/activities\/summer-autumn\/summit-walks\/storebjorn\/#breadcrumb\",\"itemListElement\":[{\"@type\":\"ListItem\",\"position\":1,\"name\":\"Hjem\",\"item\":\"https:\/\/krossbu.no.webist.no\/en\/\"},{\"@type\":\"ListItem\",\"position\":2,\"name\":\"Activities\",\"item\":\"https:\/\/krossbu.no.webist.no\/en\/activities\/\"},{\"@type\":\"ListItem\",\"position\":3,\"name\":\"Summer\/autumn\",\"item\":\"https:\/\/krossbu.no.webist.no\/en\/activities\/summer-autumn\/\"},{\"@type\":\"ListItem\",\"position\":4,\"name\":\"Summit Walks\",\"item\":\"https:\/\/krossbu.no.webist.no\/en\/activities\/summer-autumn\/summit-walks\/\"},{\"@type\":\"ListItem\",\"position\":5,\"name\":\"Storebj\u00f8rn\"}]},{\"@type\":\"WebSite\",\"@id\":\"https:\/\/krossbu.no.webist.no\/en\/#website\",\"url\":\"https:\/\/krossbu.no.webist.no\/en\/\",\"name\":\"Krossbu prod.side\",\"description\":\"\",\"publisher\":{\"@id\":\"https:\/\/krossbu.no.webist.no\/en\/#organization\"},\"potentialAction\":[{\"@type\":\"SearchAction\",\"target\":{\"@type\":\"EntryPoint\",\"urlTemplate\":\"https:\/\/krossbu.no.webist.no\/en\/?s={search_term_string}\"},\"query-input\":{\"@type\":\"PropertyValueSpecification\",\"valueRequired\":true,\"valueName\":\"search_term_string\"}}],\"inLanguage\":\"en-US\"},{\"@type\":\"Organization\",\"@id\":\"https:\/\/krossbu.no.webist.no\/en\/#organization\",\"name\":\"Krossbu prod.side\",\"url\":\"https:\/\/krossbu.no.webist.no\/en\/\",\"logo\":{\"@type\":\"ImageObject\",\"inLanguage\":\"en-US\",\"@id\":\"https:\/\/krossbu.no.webist.no\/en\/#\/schema\/logo\/image\/\",\"url\":\"\",\"contentUrl\":\"\",\"caption\":\"Krossbu prod.side\"},\"image\":{\"@id\":\"https:\/\/krossbu.no.webist.no\/en\/#\/schema\/logo\/image\/\"},\"sameAs\":[\"https:\/\/www.facebook.com\/krossbuturisthytteas\"]}]}<\/script>\n<!-- \/ Yoast SEO plugin. -->","yoast_head_json":{"title":"Storebj\u00f8rn - Krossbu","robots":{"index":"noindex","follow":"follow","max-snippet":"max-snippet:-1","max-image-preview":"max-image-preview:large","max-video-preview":"max-video-preview:-1"},"og_locale":"en_US","og_type":"article","og_title":"Storebj\u00f8rn - Krossbu","og_description":"Back Summit Walks Back Peak Scrambling Storebj\u00f8rn The King of Sm\u00f8rstabbtindane, which towers high in the landscape. A relatively demanding hike, where the last part to the top is quite steep. The top is spacious, and the view cannot be described, it must be experienced. The trip often requires crossing the Leirbrean glacier, and the&hellip;","og_url":"https:\/\/krossbu.no.webist.no\/en\/activities\/summer-autumn\/summit-walks\/storebjorn\/","og_site_name":"Krossbu","article_publisher":"https:\/\/www.facebook.com\/krossbuturisthytteas","article_modified_time":"2026-02-18T11:25:41+00:00","og_image":[{"width":601,"height":427,"url":"https:\/\/krossbu.no.webist.no\/wp-content\/uploads\/2025\/09\/topptur_bilde5_450.jpg","type":"image\/jpeg"}],"twitter_card":"summary_large_image","twitter_misc":{"Est. reading time":"2 minutes"},"schema":{"@context":"https:\/\/schema.org","@graph":[{"@type":"WebPage","@id":"https:\/\/krossbu.no.webist.no\/en\/activities\/summer-autumn\/summit-walks\/storebjorn\/","url":"https:\/\/krossbu.no.webist.no\/en\/activities\/summer-autumn\/summit-walks\/storebjorn\/","name":"Storebj\u00f8rn - Krossbu","isPartOf":{"@id":"https:\/\/krossbu.no.webist.no\/en\/#website"},"primaryImageOfPage":{"@id":"https:\/\/krossbu.no.webist.no\/en\/activities\/summer-autumn\/summit-walks\/storebjorn\/#primaryimage"},"image":{"@id":"https:\/\/krossbu.no.webist.no\/en\/activities\/summer-autumn\/summit-walks\/storebjorn\/#primaryimage"},"thumbnailUrl":"https:\/\/krossbu.no.webist.no\/wp-content\/uploads\/2025\/09\/topptur_bilde5_450.jpg","datePublished":"2025-09-10T09:10:58+00:00","dateModified":"2026-02-18T11:25:41+00:00","breadcrumb":{"@id":"https:\/\/krossbu.no.webist.no\/en\/activities\/summer-autumn\/summit-walks\/storebjorn\/#breadcrumb"},"inLanguage":"en-US","potentialAction":[{"@type":"ReadAction","target":["https:\/\/krossbu.no.webist.no\/en\/activities\/summer-autumn\/summit-walks\/storebjorn\/"]}]},{"@type":"ImageObject","inLanguage":"en-US","@id":"https:\/\/krossbu.no.webist.no\/en\/activities\/summer-autumn\/summit-walks\/storebjorn\/#primaryimage","url":"https:\/\/krossbu.no.webist.no\/wp-content\/uploads\/2025\/09\/topptur_bilde5_450.jpg","contentUrl":"https:\/\/krossbu.no.webist.no\/wp-content\/uploads\/2025\/09\/topptur_bilde5_450.jpg","width":601,"height":427},{"@type":"BreadcrumbList","@id":"https:\/\/krossbu.no.webist.no\/en\/activities\/summer-autumn\/summit-walks\/storebjorn\/#breadcrumb","itemListElement":[{"@type":"ListItem","position":1,"name":"Hjem","item":"https:\/\/krossbu.no.webist.no\/en\/"},{"@type":"ListItem","position":2,"name":"Activities","item":"https:\/\/krossbu.no.webist.no\/en\/activities\/"},{"@type":"ListItem","position":3,"name":"Summer\/autumn","item":"https:\/\/krossbu.no.webist.no\/en\/activities\/summer-autumn\/"},{"@type":"ListItem","position":4,"name":"Summit Walks","item":"https:\/\/krossbu.no.webist.no\/en\/activities\/summer-autumn\/summit-walks\/"},{"@type":"ListItem","position":5,"name":"Storebj\u00f8rn"}]},{"@type":"WebSite","@id":"https:\/\/krossbu.no.webist.no\/en\/#website","url":"https:\/\/krossbu.no.webist.no\/en\/","name":"Krossbu prod.side","description":"","publisher":{"@id":"https:\/\/krossbu.no.webist.no\/en\/#organization"},"potentialAction":[{"@type":"SearchAction","target":{"@type":"EntryPoint","urlTemplate":"https:\/\/krossbu.no.webist.no\/en\/?s={search_term_string}"},"query-input":{"@type":"PropertyValueSpecification","valueRequired":true,"valueName":"search_term_string"}}],"inLanguage":"en-US"},{"@type":"Organization","@id":"https:\/\/krossbu.no.webist.no\/en\/#organization","name":"Krossbu prod.side","url":"https:\/\/krossbu.no.webist.no\/en\/","logo":{"@type":"ImageObject","inLanguage":"en-US","@id":"https:\/\/krossbu.no.webist.no\/en\/#\/schema\/logo\/image\/","url":"","contentUrl":"","caption":"Krossbu prod.side"},"image":{"@id":"https:\/\/krossbu.no.webist.no\/en\/#\/schema\/logo\/image\/"},"sameAs":["https:\/\/www.facebook.com\/krossbuturisthytteas"]}]}},"_links":{"self":[{"href":"https:\/\/krossbu.no.webist.no\/en\/wp-json\/wp\/v2\/pages\/1548","targetHints":{"allow":["GET"]}}],"collection":[{"href":"https:\/\/krossbu.no.webist.no\/en\/wp-json\/wp\/v2\/pages"}],"about":[{"href":"https:\/\/krossbu.no.webist.no\/en\/wp-json\/wp\/v2\/types\/page"}],"author":[{"embeddable":true,"href":"https:\/\/krossbu.no.webist.no\/en\/wp-json\/wp\/v2\/users\/2"}],"replies":[{"embeddable":true,"href":"https:\/\/krossbu.no.webist.no\/en\/wp-json\/wp\/v2\/comments?post=1548"}],"version-history":[{"count":2,"href":"https:\/\/krossbu.no.webist.no\/en\/wp-json\/wp\/v2\/pages\/1548\/revisions"}],"predecessor-version":[{"id":1775,"href":"https:\/\/krossbu.no.webist.no\/en\/wp-json\/wp\/v2\/pages\/1548\/revisions\/1775"}],"up":[{"embeddable":true,"href":"https:\/\/krossbu.no.webist.no\/en\/wp-json\/wp\/v2\/pages\/1484"}],"wp:featuredmedia":[{"embeddable":true,"href":"https:\/\/krossbu.no.webist.no\/en\/wp-json\/wp\/v2\/media\/1483"}],"wp:attachment":[{"href":"https:\/\/krossbu.no.webist.no\/en\/wp-json\/wp\/v2\/media?parent=1548"}],"curies":[{"name":"wp","href":"https:\/\/api.w.org\/{rel}","templated":true}]}}