{"id":1540,"date":"2025-09-01T09:17:25","date_gmt":"2025-09-01T09:17:25","guid":{"rendered":"https:\/\/krossbu.no\/activities\/summer-autumn\/summit-walks\/store-smorstabbtind\/"},"modified":"2026-02-18T11:30:40","modified_gmt":"2026-02-18T11:30:40","slug":"store-smorstabbtind","status":"publish","type":"page","link":"https:\/\/krossbu.no.webist.no\/en\/activities\/summer-autumn\/summit-walks\/store-smorstabbtind\/","title":{"rendered":"Store Sm\u00f8rstabbtind"},"content":{"rendered":"\n<h4>\n\t\t<a href=\"\/en\/activities\/summer-autumn\/summit-walks\/\" title=\"Back Summit Walks\"  target=\"_self\">\n\t\t\tBack Summit Walks\t\t<\/a>\n\t<\/h4>\n<h4>\n\t\t<a href=\"\/en\/activities\/winter-and-spring\/peak-scrambling\/\" title=\"Back Peak Scrambling\"  target=\"_self\">\n\t\t\tBack Peak Scrambling\t\t<\/a>\n\t<\/h4>\n<h1>\n\t\t\tStore Sm\u00f8rstabbtind\t<\/h1>\n\t<p>Towering above Krossbu, Store Sm\u00f8rstabbtind is a classic and highly rewarding hike for experienced mountain walkers. The summit can be reached without crossing a glacier and offers an exciting route through varied terrain. <\/p>\n\t<p>The effort is well worth it &#8211; from the top, you are rewarded with breathtaking panoramic views of Jotunheimen and the mountains surrounding Krossbu.<\/p>\n\t\t\t<p><strong>Starting point:<\/strong> Krossbu Tourist Cabin<\/p>\n<p><strong>Highest point: <\/strong>2208 masl<\/p>\n<p><strong>Difficulty:<\/strong> Demanding (airy top)<\/p>\n<p><strong>Season:<\/strong> Summer (July-September) \/ Spring ski trip (April-June)<\/p>\n<p>Ice axes and crampons should be brought if there is snow and ice.<\/p>\n\t\t\t<a href=\"javascript:void(0)\" title=\"Facts about the peak\" target=\"_self\"  data-modal=  role=\"button\" aria-label=\"Facts about the peak\">\n\t\t\t\t\t\t\t\t\t\t\tFacts about the peak\n\t\t<\/a>\n<figure itemscope itemtype=\"https:\/\/schema.org\/ImageObject\">\n\t\t\t\t<img decoding=\"async\" src=\"https:\/\/krossbu.no.webist.no\/wp-content\/uploads\/2026\/01\/20220924_125728-scaled.jpg\" alt=\"20220924_125728\" height=\"1196\" width=\"2560\" title=\"20220924_125728\" onerror=\"this.style.display='none'\" loading=\"lazy\" \/>\n\t<\/figure>\n<figure itemscope itemtype=\"https:\/\/schema.org\/ImageObject\">\n\t\t\t\t<img decoding=\"async\" src=\"https:\/\/krossbu.no.webist.no\/wp-content\/uploads\/2025\/09\/dobbeltrom_champagne_1100x600-scaled-1.jpg\" alt=\"double-room_champagne_1100x600-scaled\" height=\"1397\" width=\"2560\" title=\"double-room_champagne_1100x600-scaled\" onerror=\"this.style.display='none'\" loading=\"lazy\" \/>\n\t<\/figure>\n<h2>\n\t\t\tAccommodation and meals\t<\/h2>\n\t<p>Krossbu is perfectly located for mountain hikes in Sm\u00f8rstabbtindane. We offer comfortable accommodation, homemade food and a great atmosphere after a long day in the mountains. Here you can recharge, relax and meet other mountain people.<\/p>\n\t\t\t<a href=\"https:\/\/krossbu.no.webist.no\/en\/accommodation\/\"  target=\"_self\">\n\t\t\t\t\t\t\tBooking\n\t\t\t\t\t<\/a>\n\n","protected":false},"excerpt":{"rendered":"<p>Back Summit Walks Back Peak Scrambling Store Sm\u00f8rstabbtind Towering above Krossbu, Store Sm\u00f8rstabbtind is a classic and highly rewarding hike for experienced mountain walkers. The summit can be reached without crossing a glacier and offers an exciting route through varied terrain. The effort is well worth it &#8211; from the top, you are rewarded with&hellip;<\/p>\n","protected":false},"author":2,"featured_media":1539,"parent":1484,"menu_order":0,"comment_status":"closed","ping_status":"closed","template":"","meta":{"footnotes":""},"class_list":["post-1540","page","type-page","status-publish","has-post-thumbnail","hentry"],"yoast_head":"<!-- This site is optimized with the Yoast SEO plugin v27.1.1 - https:\/\/yoast.com\/product\/yoast-seo-wordpress\/ -->\n<title>Store Sm\u00f8rstabbtind - Krossbu<\/title>\n<meta name=\"robots\" content=\"noindex, follow, max-snippet:-1, max-image-preview:large, max-video-preview:-1\" \/>\n<meta property=\"og:locale\" content=\"en_US\" \/>\n<meta property=\"og:type\" content=\"article\" \/>\n<meta property=\"og:title\" content=\"Store Sm\u00f8rstabbtind - Krossbu\" \/>\n<meta property=\"og:description\" content=\"Back Summit Walks Back Peak Scrambling Store Sm\u00f8rstabbtind Towering above Krossbu, Store Sm\u00f8rstabbtind is a classic and highly rewarding hike for experienced mountain walkers. The summit can be reached without crossing a glacier and offers an exciting route through varied terrain. The effort is well worth it &#8211; from the top, you are rewarded with&hellip;\" \/>\n<meta property=\"og:url\" content=\"https:\/\/krossbu.no.webist.no\/en\/activities\/summer-autumn\/summit-walks\/store-smorstabbtind\/\" \/>\n<meta property=\"og:site_name\" content=\"Krossbu\" \/>\n<meta property=\"article:publisher\" content=\"https:\/\/www.facebook.com\/krossbuturisthytteas\" \/>\n<meta property=\"article:modified_time\" content=\"2026-02-18T11:30:40+00:00\" \/>\n<meta property=\"og:image\" content=\"https:\/\/krossbu.no.webist.no\/wp-content\/uploads\/2025\/09\/aktivitet_slide2_1100.jpg\" \/>\n\t<meta property=\"og:image:width\" content=\"1102\" \/>\n\t<meta property=\"og:image:height\" content=\"498\" \/>\n\t<meta property=\"og:image:type\" content=\"image\/jpeg\" \/>\n<meta name=\"twitter:card\" content=\"summary_large_image\" \/>\n<meta name=\"twitter:label1\" content=\"Est. reading time\" \/>\n\t<meta name=\"twitter:data1\" content=\"2 minutes\" \/>\n<script type=\"application\/ld+json\" class=\"yoast-schema-graph\">{\"@context\":\"https:\/\/schema.org\",\"@graph\":[{\"@type\":\"WebPage\",\"@id\":\"https:\/\/krossbu.no.webist.no\/en\/activities\/summer-autumn\/summit-walks\/store-smorstabbtind\/\",\"url\":\"https:\/\/krossbu.no.webist.no\/en\/activities\/summer-autumn\/summit-walks\/store-smorstabbtind\/\",\"name\":\"Store Sm\u00f8rstabbtind - Krossbu\",\"isPartOf\":{\"@id\":\"https:\/\/krossbu.no.webist.no\/en\/#website\"},\"primaryImageOfPage\":{\"@id\":\"https:\/\/krossbu.no.webist.no\/en\/activities\/summer-autumn\/summit-walks\/store-smorstabbtind\/#primaryimage\"},\"image\":{\"@id\":\"https:\/\/krossbu.no.webist.no\/en\/activities\/summer-autumn\/summit-walks\/store-smorstabbtind\/#primaryimage\"},\"thumbnailUrl\":\"https:\/\/krossbu.no.webist.no\/wp-content\/uploads\/2025\/09\/aktivitet_slide2_1100.jpg\",\"datePublished\":\"2025-09-01T09:17:25+00:00\",\"dateModified\":\"2026-02-18T11:30:40+00:00\",\"breadcrumb\":{\"@id\":\"https:\/\/krossbu.no.webist.no\/en\/activities\/summer-autumn\/summit-walks\/store-smorstabbtind\/#breadcrumb\"},\"inLanguage\":\"en-US\",\"potentialAction\":[{\"@type\":\"ReadAction\",\"target\":[\"https:\/\/krossbu.no.webist.no\/en\/activities\/summer-autumn\/summit-walks\/store-smorstabbtind\/\"]}]},{\"@type\":\"ImageObject\",\"inLanguage\":\"en-US\",\"@id\":\"https:\/\/krossbu.no.webist.no\/en\/activities\/summer-autumn\/summit-walks\/store-smorstabbtind\/#primaryimage\",\"url\":\"https:\/\/krossbu.no.webist.no\/wp-content\/uploads\/2025\/09\/aktivitet_slide2_1100.jpg\",\"contentUrl\":\"https:\/\/krossbu.no.webist.no\/wp-content\/uploads\/2025\/09\/aktivitet_slide2_1100.jpg\",\"width\":1102,\"height\":498},{\"@type\":\"BreadcrumbList\",\"@id\":\"https:\/\/krossbu.no.webist.no\/en\/activities\/summer-autumn\/summit-walks\/store-smorstabbtind\/#breadcrumb\",\"itemListElement\":[{\"@type\":\"ListItem\",\"position\":1,\"name\":\"Hjem\",\"item\":\"https:\/\/krossbu.no.webist.no\/en\/\"},{\"@type\":\"ListItem\",\"position\":2,\"name\":\"Activities\",\"item\":\"https:\/\/krossbu.no.webist.no\/en\/activities\/\"},{\"@type\":\"ListItem\",\"position\":3,\"name\":\"Summer\/autumn\",\"item\":\"https:\/\/krossbu.no.webist.no\/en\/activities\/summer-autumn\/\"},{\"@type\":\"ListItem\",\"position\":4,\"name\":\"Summit Walks\",\"item\":\"https:\/\/krossbu.no.webist.no\/en\/activities\/summer-autumn\/summit-walks\/\"},{\"@type\":\"ListItem\",\"position\":5,\"name\":\"Store Sm\u00f8rstabbtind\"}]},{\"@type\":\"WebSite\",\"@id\":\"https:\/\/krossbu.no.webist.no\/en\/#website\",\"url\":\"https:\/\/krossbu.no.webist.no\/en\/\",\"name\":\"Krossbu prod.side\",\"description\":\"\",\"publisher\":{\"@id\":\"https:\/\/krossbu.no.webist.no\/en\/#organization\"},\"potentialAction\":[{\"@type\":\"SearchAction\",\"target\":{\"@type\":\"EntryPoint\",\"urlTemplate\":\"https:\/\/krossbu.no.webist.no\/en\/?s={search_term_string}\"},\"query-input\":{\"@type\":\"PropertyValueSpecification\",\"valueRequired\":true,\"valueName\":\"search_term_string\"}}],\"inLanguage\":\"en-US\"},{\"@type\":\"Organization\",\"@id\":\"https:\/\/krossbu.no.webist.no\/en\/#organization\",\"name\":\"Krossbu prod.side\",\"url\":\"https:\/\/krossbu.no.webist.no\/en\/\",\"logo\":{\"@type\":\"ImageObject\",\"inLanguage\":\"en-US\",\"@id\":\"https:\/\/krossbu.no.webist.no\/en\/#\/schema\/logo\/image\/\",\"url\":\"\",\"contentUrl\":\"\",\"caption\":\"Krossbu prod.side\"},\"image\":{\"@id\":\"https:\/\/krossbu.no.webist.no\/en\/#\/schema\/logo\/image\/\"},\"sameAs\":[\"https:\/\/www.facebook.com\/krossbuturisthytteas\"]}]}<\/script>\n<!-- \/ Yoast SEO plugin. -->","yoast_head_json":{"title":"Store Sm\u00f8rstabbtind - Krossbu","robots":{"index":"noindex","follow":"follow","max-snippet":"max-snippet:-1","max-image-preview":"max-image-preview:large","max-video-preview":"max-video-preview:-1"},"og_locale":"en_US","og_type":"article","og_title":"Store Sm\u00f8rstabbtind - Krossbu","og_description":"Back Summit Walks Back Peak Scrambling Store Sm\u00f8rstabbtind Towering above Krossbu, Store Sm\u00f8rstabbtind is a classic and highly rewarding hike for experienced mountain walkers. The summit can be reached without crossing a glacier and offers an exciting route through varied terrain. The effort is well worth it &#8211; from the top, you are rewarded with&hellip;","og_url":"https:\/\/krossbu.no.webist.no\/en\/activities\/summer-autumn\/summit-walks\/store-smorstabbtind\/","og_site_name":"Krossbu","article_publisher":"https:\/\/www.facebook.com\/krossbuturisthytteas","article_modified_time":"2026-02-18T11:30:40+00:00","og_image":[{"width":1102,"height":498,"url":"https:\/\/krossbu.no.webist.no\/wp-content\/uploads\/2025\/09\/aktivitet_slide2_1100.jpg","type":"image\/jpeg"}],"twitter_card":"summary_large_image","twitter_misc":{"Est. reading time":"2 minutes"},"schema":{"@context":"https:\/\/schema.org","@graph":[{"@type":"WebPage","@id":"https:\/\/krossbu.no.webist.no\/en\/activities\/summer-autumn\/summit-walks\/store-smorstabbtind\/","url":"https:\/\/krossbu.no.webist.no\/en\/activities\/summer-autumn\/summit-walks\/store-smorstabbtind\/","name":"Store Sm\u00f8rstabbtind - Krossbu","isPartOf":{"@id":"https:\/\/krossbu.no.webist.no\/en\/#website"},"primaryImageOfPage":{"@id":"https:\/\/krossbu.no.webist.no\/en\/activities\/summer-autumn\/summit-walks\/store-smorstabbtind\/#primaryimage"},"image":{"@id":"https:\/\/krossbu.no.webist.no\/en\/activities\/summer-autumn\/summit-walks\/store-smorstabbtind\/#primaryimage"},"thumbnailUrl":"https:\/\/krossbu.no.webist.no\/wp-content\/uploads\/2025\/09\/aktivitet_slide2_1100.jpg","datePublished":"2025-09-01T09:17:25+00:00","dateModified":"2026-02-18T11:30:40+00:00","breadcrumb":{"@id":"https:\/\/krossbu.no.webist.no\/en\/activities\/summer-autumn\/summit-walks\/store-smorstabbtind\/#breadcrumb"},"inLanguage":"en-US","potentialAction":[{"@type":"ReadAction","target":["https:\/\/krossbu.no.webist.no\/en\/activities\/summer-autumn\/summit-walks\/store-smorstabbtind\/"]}]},{"@type":"ImageObject","inLanguage":"en-US","@id":"https:\/\/krossbu.no.webist.no\/en\/activities\/summer-autumn\/summit-walks\/store-smorstabbtind\/#primaryimage","url":"https:\/\/krossbu.no.webist.no\/wp-content\/uploads\/2025\/09\/aktivitet_slide2_1100.jpg","contentUrl":"https:\/\/krossbu.no.webist.no\/wp-content\/uploads\/2025\/09\/aktivitet_slide2_1100.jpg","width":1102,"height":498},{"@type":"BreadcrumbList","@id":"https:\/\/krossbu.no.webist.no\/en\/activities\/summer-autumn\/summit-walks\/store-smorstabbtind\/#breadcrumb","itemListElement":[{"@type":"ListItem","position":1,"name":"Hjem","item":"https:\/\/krossbu.no.webist.no\/en\/"},{"@type":"ListItem","position":2,"name":"Activities","item":"https:\/\/krossbu.no.webist.no\/en\/activities\/"},{"@type":"ListItem","position":3,"name":"Summer\/autumn","item":"https:\/\/krossbu.no.webist.no\/en\/activities\/summer-autumn\/"},{"@type":"ListItem","position":4,"name":"Summit Walks","item":"https:\/\/krossbu.no.webist.no\/en\/activities\/summer-autumn\/summit-walks\/"},{"@type":"ListItem","position":5,"name":"Store Sm\u00f8rstabbtind"}]},{"@type":"WebSite","@id":"https:\/\/krossbu.no.webist.no\/en\/#website","url":"https:\/\/krossbu.no.webist.no\/en\/","name":"Krossbu prod.side","description":"","publisher":{"@id":"https:\/\/krossbu.no.webist.no\/en\/#organization"},"potentialAction":[{"@type":"SearchAction","target":{"@type":"EntryPoint","urlTemplate":"https:\/\/krossbu.no.webist.no\/en\/?s={search_term_string}"},"query-input":{"@type":"PropertyValueSpecification","valueRequired":true,"valueName":"search_term_string"}}],"inLanguage":"en-US"},{"@type":"Organization","@id":"https:\/\/krossbu.no.webist.no\/en\/#organization","name":"Krossbu prod.side","url":"https:\/\/krossbu.no.webist.no\/en\/","logo":{"@type":"ImageObject","inLanguage":"en-US","@id":"https:\/\/krossbu.no.webist.no\/en\/#\/schema\/logo\/image\/","url":"","contentUrl":"","caption":"Krossbu prod.side"},"image":{"@id":"https:\/\/krossbu.no.webist.no\/en\/#\/schema\/logo\/image\/"},"sameAs":["https:\/\/www.facebook.com\/krossbuturisthytteas"]}]}},"_links":{"self":[{"href":"https:\/\/krossbu.no.webist.no\/en\/wp-json\/wp\/v2\/pages\/1540","targetHints":{"allow":["GET"]}}],"collection":[{"href":"https:\/\/krossbu.no.webist.no\/en\/wp-json\/wp\/v2\/pages"}],"about":[{"href":"https:\/\/krossbu.no.webist.no\/en\/wp-json\/wp\/v2\/types\/page"}],"author":[{"embeddable":true,"href":"https:\/\/krossbu.no.webist.no\/en\/wp-json\/wp\/v2\/users\/2"}],"replies":[{"embeddable":true,"href":"https:\/\/krossbu.no.webist.no\/en\/wp-json\/wp\/v2\/comments?post=1540"}],"version-history":[{"count":3,"href":"https:\/\/krossbu.no.webist.no\/en\/wp-json\/wp\/v2\/pages\/1540\/revisions"}],"predecessor-version":[{"id":1782,"href":"https:\/\/krossbu.no.webist.no\/en\/wp-json\/wp\/v2\/pages\/1540\/revisions\/1782"}],"up":[{"embeddable":true,"href":"https:\/\/krossbu.no.webist.no\/en\/wp-json\/wp\/v2\/pages\/1484"}],"wp:featuredmedia":[{"embeddable":true,"href":"https:\/\/krossbu.no.webist.no\/en\/wp-json\/wp\/v2\/media\/1539"}],"wp:attachment":[{"href":"https:\/\/krossbu.no.webist.no\/en\/wp-json\/wp\/v2\/media?parent=1540"}],"curies":[{"name":"wp","href":"https:\/\/api.w.org\/{rel}","templated":true}]}}