{"id":1521,"date":"2025-09-07T12:28:19","date_gmt":"2025-09-07T12:28:19","guid":{"rendered":"https:\/\/krossbu.no\/activities\/summer-autumn\/summit-walks\/loftet\/"},"modified":"2026-02-17T11:32:12","modified_gmt":"2026-02-17T11:32:12","slug":"loftet","status":"publish","type":"page","link":"https:\/\/krossbu.no.webist.no\/en\/activities\/summer-autumn\/summit-walks\/loftet\/","title":{"rendered":"Loftet"},"content":{"rendered":"\n<h4>\n\t\t<a href=\"\/topptur\/\" title=\"Tilbake topptur\"  target=\"_self\">\n\t\t\tTilbake topptur\t\t<\/a>\n\t<\/h4>\n<h4>\n\t\t<a href=\"\/tinderangling\/\" title=\"Tilbake tinderangling\"  target=\"_self\">\n\t\t\tTilbake tinderangling\t\t<\/a>\n\t<\/h4>\n<h1>\n\t\t\tLoftet\t<\/h1>\n\t<p>Loftet fra Krossbu er en popul\u00e6r og lett tilgjengelig topptur i Jotunheimen. Turen starter ved Krossbu Turisthytte, krever god form og byr p\u00e5 fantastisk utsikt mot Sm\u00f8rstabbtindane og Hurrungane.<\/p>\n\t<p>Denne turen blir ofte g\u00e5tt som en del av en 4-toppstur, hvor <a href=\"\/veslfjelltinden\/\">Veslfjelltinden<\/a>, <a href=\"\/hurrbreatinden\/\">Hurrbreatinden<\/a> og <a href=\"\/veslbreatinden\/\">Veslbreatinden<\/a> er inkludert.<\/p>\n\t\t\t<p><strong>Startpunkt:<\/strong> Krossbu Turisthytte<\/p>\n<p><strong>H\u00f8yeste punkt:<\/strong> 2170 moh<\/p>\n<p><strong>Vanskelighetsgrad:<\/strong> Krevende<\/p>\n<p><strong>Sesong:<\/strong> Sommer (juli-september) \/ V\u00e5rskitur (april-juni)<\/p>\n<p><strong>Skikj\u00f8ring:<\/strong>\u00a0Nedkj\u00f8ringen er kjent som morsom, med lang sesong, men krever stabile forhold (skredfare m\u00e5 vurderes).<\/p>\n\t\t\t<a href=\"javascript:void(0)\" title=\"Fakta om toppen\" target=\"_self\"  data-modal=  role=\"button\" aria-label=\"Fakta om toppen\">\n\t\t\t\t\t\t\t\t\t\t\tFakta om toppen\n\t\t<\/a>\n<figure itemscope itemtype=\"https:\/\/schema.org\/ImageObject\">\n\t\t\t\t<img decoding=\"async\" src=\"https:\/\/krossbu.no.webist.no\/wp-content\/uploads\/2025\/09\/DSCN3661-scaled.jpg\" alt=\"DSCN3661\" height=\"1920\" width=\"2560\" title=\"DSCN3661\" onerror=\"this.style.display='none'\" loading=\"lazy\" \/>\n\t<\/figure>\n<figure itemscope itemtype=\"https:\/\/schema.org\/ImageObject\">\n\t\t\t\t<img decoding=\"async\" src=\"https:\/\/krossbu.no.webist.no\/wp-content\/uploads\/2025\/09\/dobbeltrom_champagne_1100x600-scaled-1.jpg\" alt=\"dobbeltrom_champagne_1100x600-scaled\" height=\"1397\" width=\"2560\" title=\"dobbeltrom_champagne_1100x600-scaled\" onerror=\"this.style.display='none'\" loading=\"lazy\" \/>\n\t<\/figure>\n<h2>\n\t\t\tOvernatting og m\u00e5ltider\t<\/h2>\n\t<p>Krossbu ligger perfekt til for toppturer i Sm\u00f8rstabbtindane. Vi tilbyr komfortabel overnatting, hjemmelaget mat og god stemning etter en lang dag i fjellet. Her kan du lade opp, slappe av og m\u00f8te andre fjellfolk.<\/p>\n\t\t\t<a href=\"\/overnatting\/\"  target=\"_self\">\n\t\t\t\t\t\t\tBooking\n\t\t\t\t\t<\/a>\n\n","protected":false},"excerpt":{"rendered":"<p>Tilbake topptur Tilbake tinderangling Loftet Loftet fra Krossbu er en popul\u00e6r og lett tilgjengelig topptur i Jotunheimen. Turen starter ved Krossbu Turisthytte, krever god form og byr p\u00e5 fantastisk utsikt mot Sm\u00f8rstabbtindane og Hurrungane. Denne turen blir ofte g\u00e5tt som en del av en 4-toppstur, hvor Veslfjelltinden, Hurrbreatinden og Veslbreatinden er inkludert. Startpunkt: Krossbu Turisthytte&hellip;<\/p>\n","protected":false},"author":2,"featured_media":1511,"parent":1484,"menu_order":0,"comment_status":"closed","ping_status":"closed","template":"","meta":{"footnotes":""},"class_list":["post-1521","page","type-page","status-publish","has-post-thumbnail","hentry"],"yoast_head":"<!-- This site is optimized with the Yoast SEO plugin v27.1.1 - https:\/\/yoast.com\/product\/yoast-seo-wordpress\/ -->\n<title>Loftet - Krossbu<\/title>\n<meta name=\"robots\" content=\"noindex, follow, max-snippet:-1, max-image-preview:large, max-video-preview:-1\" \/>\n<meta property=\"og:locale\" content=\"en_US\" \/>\n<meta property=\"og:type\" content=\"article\" \/>\n<meta property=\"og:title\" content=\"Loftet - Krossbu\" \/>\n<meta property=\"og:description\" content=\"Tilbake topptur Tilbake tinderangling Loftet Loftet fra Krossbu er en popul\u00e6r og lett tilgjengelig topptur i Jotunheimen. Turen starter ved Krossbu Turisthytte, krever god form og byr p\u00e5 fantastisk utsikt mot Sm\u00f8rstabbtindane og Hurrungane. Denne turen blir ofte g\u00e5tt som en del av en 4-toppstur, hvor Veslfjelltinden, Hurrbreatinden og Veslbreatinden er inkludert. Startpunkt: Krossbu Turisthytte&hellip;\" \/>\n<meta property=\"og:url\" content=\"https:\/\/krossbu.no.webist.no\/en\/activities\/summer-autumn\/summit-walks\/loftet\/\" \/>\n<meta property=\"og:site_name\" content=\"Krossbu\" \/>\n<meta property=\"article:publisher\" content=\"https:\/\/www.facebook.com\/krossbuturisthytteas\" \/>\n<meta property=\"article:modified_time\" content=\"2026-02-17T11:32:12+00:00\" \/>\n<meta property=\"og:image\" content=\"https:\/\/krossbu.no.webist.no\/wp-content\/uploads\/2025\/09\/DSCN3656-scaled.jpg\" \/>\n\t<meta property=\"og:image:width\" content=\"2560\" \/>\n\t<meta property=\"og:image:height\" content=\"1213\" \/>\n\t<meta property=\"og:image:type\" content=\"image\/jpeg\" \/>\n<meta name=\"twitter:card\" content=\"summary_large_image\" \/>\n<meta name=\"twitter:label1\" content=\"Est. reading time\" \/>\n\t<meta name=\"twitter:data1\" content=\"1 minute\" \/>\n<script type=\"application\/ld+json\" class=\"yoast-schema-graph\">{\"@context\":\"https:\/\/schema.org\",\"@graph\":[{\"@type\":\"WebPage\",\"@id\":\"https:\/\/krossbu.no.webist.no\/en\/activities\/summer-autumn\/summit-walks\/loftet\/\",\"url\":\"https:\/\/krossbu.no.webist.no\/en\/activities\/summer-autumn\/summit-walks\/loftet\/\",\"name\":\"Loftet - Krossbu\",\"isPartOf\":{\"@id\":\"https:\/\/krossbu.no.webist.no\/en\/#website\"},\"primaryImageOfPage\":{\"@id\":\"https:\/\/krossbu.no.webist.no\/en\/activities\/summer-autumn\/summit-walks\/loftet\/#primaryimage\"},\"image\":{\"@id\":\"https:\/\/krossbu.no.webist.no\/en\/activities\/summer-autumn\/summit-walks\/loftet\/#primaryimage\"},\"thumbnailUrl\":\"https:\/\/krossbu.no.webist.no\/wp-content\/uploads\/2025\/09\/DSCN3656-scaled.jpg\",\"datePublished\":\"2025-09-07T12:28:19+00:00\",\"dateModified\":\"2026-02-17T11:32:12+00:00\",\"breadcrumb\":{\"@id\":\"https:\/\/krossbu.no.webist.no\/en\/activities\/summer-autumn\/summit-walks\/loftet\/#breadcrumb\"},\"inLanguage\":\"en-US\",\"potentialAction\":[{\"@type\":\"ReadAction\",\"target\":[\"https:\/\/krossbu.no.webist.no\/en\/activities\/summer-autumn\/summit-walks\/loftet\/\"]}]},{\"@type\":\"ImageObject\",\"inLanguage\":\"en-US\",\"@id\":\"https:\/\/krossbu.no.webist.no\/en\/activities\/summer-autumn\/summit-walks\/loftet\/#primaryimage\",\"url\":\"https:\/\/krossbu.no.webist.no\/wp-content\/uploads\/2025\/09\/DSCN3656-scaled.jpg\",\"contentUrl\":\"https:\/\/krossbu.no.webist.no\/wp-content\/uploads\/2025\/09\/DSCN3656-scaled.jpg\",\"width\":2560,\"height\":1213},{\"@type\":\"BreadcrumbList\",\"@id\":\"https:\/\/krossbu.no.webist.no\/en\/activities\/summer-autumn\/summit-walks\/loftet\/#breadcrumb\",\"itemListElement\":[{\"@type\":\"ListItem\",\"position\":1,\"name\":\"Hjem\",\"item\":\"https:\/\/krossbu.no.webist.no\/en\/\"},{\"@type\":\"ListItem\",\"position\":2,\"name\":\"Activities\",\"item\":\"https:\/\/krossbu.no.webist.no\/en\/activities\/\"},{\"@type\":\"ListItem\",\"position\":3,\"name\":\"Summer\/autumn\",\"item\":\"https:\/\/krossbu.no.webist.no\/en\/activities\/summer-autumn\/\"},{\"@type\":\"ListItem\",\"position\":4,\"name\":\"Summit Walks\",\"item\":\"https:\/\/krossbu.no.webist.no\/en\/activities\/summer-autumn\/summit-walks\/\"},{\"@type\":\"ListItem\",\"position\":5,\"name\":\"Loftet\"}]},{\"@type\":\"WebSite\",\"@id\":\"https:\/\/krossbu.no.webist.no\/en\/#website\",\"url\":\"https:\/\/krossbu.no.webist.no\/en\/\",\"name\":\"Krossbu prod.side\",\"description\":\"\",\"publisher\":{\"@id\":\"https:\/\/krossbu.no.webist.no\/en\/#organization\"},\"potentialAction\":[{\"@type\":\"SearchAction\",\"target\":{\"@type\":\"EntryPoint\",\"urlTemplate\":\"https:\/\/krossbu.no.webist.no\/en\/?s={search_term_string}\"},\"query-input\":{\"@type\":\"PropertyValueSpecification\",\"valueRequired\":true,\"valueName\":\"search_term_string\"}}],\"inLanguage\":\"en-US\"},{\"@type\":\"Organization\",\"@id\":\"https:\/\/krossbu.no.webist.no\/en\/#organization\",\"name\":\"Krossbu prod.side\",\"url\":\"https:\/\/krossbu.no.webist.no\/en\/\",\"logo\":{\"@type\":\"ImageObject\",\"inLanguage\":\"en-US\",\"@id\":\"https:\/\/krossbu.no.webist.no\/en\/#\/schema\/logo\/image\/\",\"url\":\"\",\"contentUrl\":\"\",\"caption\":\"Krossbu prod.side\"},\"image\":{\"@id\":\"https:\/\/krossbu.no.webist.no\/en\/#\/schema\/logo\/image\/\"},\"sameAs\":[\"https:\/\/www.facebook.com\/krossbuturisthytteas\"]}]}<\/script>\n<!-- \/ Yoast SEO plugin. -->","yoast_head_json":{"title":"Loftet - Krossbu","robots":{"index":"noindex","follow":"follow","max-snippet":"max-snippet:-1","max-image-preview":"max-image-preview:large","max-video-preview":"max-video-preview:-1"},"og_locale":"en_US","og_type":"article","og_title":"Loftet - Krossbu","og_description":"Tilbake topptur Tilbake tinderangling Loftet Loftet fra Krossbu er en popul\u00e6r og lett tilgjengelig topptur i Jotunheimen. Turen starter ved Krossbu Turisthytte, krever god form og byr p\u00e5 fantastisk utsikt mot Sm\u00f8rstabbtindane og Hurrungane. Denne turen blir ofte g\u00e5tt som en del av en 4-toppstur, hvor Veslfjelltinden, Hurrbreatinden og Veslbreatinden er inkludert. Startpunkt: Krossbu Turisthytte&hellip;","og_url":"https:\/\/krossbu.no.webist.no\/en\/activities\/summer-autumn\/summit-walks\/loftet\/","og_site_name":"Krossbu","article_publisher":"https:\/\/www.facebook.com\/krossbuturisthytteas","article_modified_time":"2026-02-17T11:32:12+00:00","og_image":[{"width":2560,"height":1213,"url":"https:\/\/krossbu.no.webist.no\/wp-content\/uploads\/2025\/09\/DSCN3656-scaled.jpg","type":"image\/jpeg"}],"twitter_card":"summary_large_image","twitter_misc":{"Est. reading time":"1 minute"},"schema":{"@context":"https:\/\/schema.org","@graph":[{"@type":"WebPage","@id":"https:\/\/krossbu.no.webist.no\/en\/activities\/summer-autumn\/summit-walks\/loftet\/","url":"https:\/\/krossbu.no.webist.no\/en\/activities\/summer-autumn\/summit-walks\/loftet\/","name":"Loftet - Krossbu","isPartOf":{"@id":"https:\/\/krossbu.no.webist.no\/en\/#website"},"primaryImageOfPage":{"@id":"https:\/\/krossbu.no.webist.no\/en\/activities\/summer-autumn\/summit-walks\/loftet\/#primaryimage"},"image":{"@id":"https:\/\/krossbu.no.webist.no\/en\/activities\/summer-autumn\/summit-walks\/loftet\/#primaryimage"},"thumbnailUrl":"https:\/\/krossbu.no.webist.no\/wp-content\/uploads\/2025\/09\/DSCN3656-scaled.jpg","datePublished":"2025-09-07T12:28:19+00:00","dateModified":"2026-02-17T11:32:12+00:00","breadcrumb":{"@id":"https:\/\/krossbu.no.webist.no\/en\/activities\/summer-autumn\/summit-walks\/loftet\/#breadcrumb"},"inLanguage":"en-US","potentialAction":[{"@type":"ReadAction","target":["https:\/\/krossbu.no.webist.no\/en\/activities\/summer-autumn\/summit-walks\/loftet\/"]}]},{"@type":"ImageObject","inLanguage":"en-US","@id":"https:\/\/krossbu.no.webist.no\/en\/activities\/summer-autumn\/summit-walks\/loftet\/#primaryimage","url":"https:\/\/krossbu.no.webist.no\/wp-content\/uploads\/2025\/09\/DSCN3656-scaled.jpg","contentUrl":"https:\/\/krossbu.no.webist.no\/wp-content\/uploads\/2025\/09\/DSCN3656-scaled.jpg","width":2560,"height":1213},{"@type":"BreadcrumbList","@id":"https:\/\/krossbu.no.webist.no\/en\/activities\/summer-autumn\/summit-walks\/loftet\/#breadcrumb","itemListElement":[{"@type":"ListItem","position":1,"name":"Hjem","item":"https:\/\/krossbu.no.webist.no\/en\/"},{"@type":"ListItem","position":2,"name":"Activities","item":"https:\/\/krossbu.no.webist.no\/en\/activities\/"},{"@type":"ListItem","position":3,"name":"Summer\/autumn","item":"https:\/\/krossbu.no.webist.no\/en\/activities\/summer-autumn\/"},{"@type":"ListItem","position":4,"name":"Summit Walks","item":"https:\/\/krossbu.no.webist.no\/en\/activities\/summer-autumn\/summit-walks\/"},{"@type":"ListItem","position":5,"name":"Loftet"}]},{"@type":"WebSite","@id":"https:\/\/krossbu.no.webist.no\/en\/#website","url":"https:\/\/krossbu.no.webist.no\/en\/","name":"Krossbu prod.side","description":"","publisher":{"@id":"https:\/\/krossbu.no.webist.no\/en\/#organization"},"potentialAction":[{"@type":"SearchAction","target":{"@type":"EntryPoint","urlTemplate":"https:\/\/krossbu.no.webist.no\/en\/?s={search_term_string}"},"query-input":{"@type":"PropertyValueSpecification","valueRequired":true,"valueName":"search_term_string"}}],"inLanguage":"en-US"},{"@type":"Organization","@id":"https:\/\/krossbu.no.webist.no\/en\/#organization","name":"Krossbu prod.side","url":"https:\/\/krossbu.no.webist.no\/en\/","logo":{"@type":"ImageObject","inLanguage":"en-US","@id":"https:\/\/krossbu.no.webist.no\/en\/#\/schema\/logo\/image\/","url":"","contentUrl":"","caption":"Krossbu prod.side"},"image":{"@id":"https:\/\/krossbu.no.webist.no\/en\/#\/schema\/logo\/image\/"},"sameAs":["https:\/\/www.facebook.com\/krossbuturisthytteas"]}]}},"_links":{"self":[{"href":"https:\/\/krossbu.no.webist.no\/en\/wp-json\/wp\/v2\/pages\/1521","targetHints":{"allow":["GET"]}}],"collection":[{"href":"https:\/\/krossbu.no.webist.no\/en\/wp-json\/wp\/v2\/pages"}],"about":[{"href":"https:\/\/krossbu.no.webist.no\/en\/wp-json\/wp\/v2\/types\/page"}],"author":[{"embeddable":true,"href":"https:\/\/krossbu.no.webist.no\/en\/wp-json\/wp\/v2\/users\/2"}],"replies":[{"embeddable":true,"href":"https:\/\/krossbu.no.webist.no\/en\/wp-json\/wp\/v2\/comments?post=1521"}],"version-history":[{"count":2,"href":"https:\/\/krossbu.no.webist.no\/en\/wp-json\/wp\/v2\/pages\/1521\/revisions"}],"predecessor-version":[{"id":1679,"href":"https:\/\/krossbu.no.webist.no\/en\/wp-json\/wp\/v2\/pages\/1521\/revisions\/1679"}],"up":[{"embeddable":true,"href":"https:\/\/krossbu.no.webist.no\/en\/wp-json\/wp\/v2\/pages\/1484"}],"wp:featuredmedia":[{"embeddable":true,"href":"https:\/\/krossbu.no.webist.no\/en\/wp-json\/wp\/v2\/media\/1511"}],"wp:attachment":[{"href":"https:\/\/krossbu.no.webist.no\/en\/wp-json\/wp\/v2\/media?parent=1521"}],"curies":[{"name":"wp","href":"https:\/\/api.w.org\/{rel}","templated":true}]}}