{"id":1499,"date":"2025-09-23T09:22:46","date_gmt":"2025-09-23T09:22:46","guid":{"rendered":"https:\/\/krossbu.no\/activities\/summer-autumn\/summit-walks\/kalven\/"},"modified":"2026-02-17T11:31:55","modified_gmt":"2026-02-17T11:31:55","slug":"kalven","status":"publish","type":"page","link":"https:\/\/krossbu.no.webist.no\/en\/activities\/summer-autumn\/summit-walks\/kalven\/","title":{"rendered":"Kalven"},"content":{"rendered":"\n<h4>\n\t\t<a href=\"\/topptur\/\" title=\"Tilbake topptur\"  target=\"_self\">\n\t\t\tTilbake topptur\t\t<\/a>\n\t<\/h4>\n<h4>\n\t\t<a href=\"\/tinderangling\/\" title=\"Tilbake tinderangling\"  target=\"_self\">\n\t\t\tTilbake tinderangling\t\t<\/a>\n\t<\/h4>\n<h1>\n\t\t\tKalven\t<\/h1>\n\t<p>Toppen er en del av Sm\u00f8rstabbtindane, og turen dit er lettg\u00e5tt via Leirbrean fra Krossbu. Du beveger deg i et vakkert alpint landskap, med flott utsikt.<\/p>\n\t<p>Turen krever ofte brekryssing over Leirbrean, og omr\u00e5det byr p\u00e5 krevende, alpine forhold der stegjern og is\u00f8ks anbefales, samt gode nedkj\u00f8ringsmuligheter p\u00e5 ski.\u00a0<\/p>\n\t\t\t<p><strong>Startpunkt:<\/strong> Krossbu Turisthytte<\/p>\n<p><strong>H\u00f8yeste punkt:<\/strong> 2034 moh<\/p>\n<p><strong>Vanskelighetsgrad:<\/strong> Moderat (isbre)<\/p>\n<p><strong>Sesong:<\/strong> Sommer (juli-september) \/ V\u00e5rskitur (april-juni)<\/p>\n<p>Fottur som krever breutstyr og kunnskap &#8211; evt. f\u00f8rer.<\/p>\n<p>Det anbefales \u00e5 vurdere sn\u00f8skredfaren og sjekke forholdene n\u00f8ye f\u00f8r turen, da dette er en alpin rute.<\/p>\n\t\t\t<a href=\"javascript:void(0)\" title=\"Fakta om toppen\" target=\"_self\"  data-modal=  role=\"button\" aria-label=\"Fakta om toppen\">\n\t\t\t\t\t\t\t\t\t\t\tFakta om toppen\n\t\t<\/a>\n<figure itemscope itemtype=\"https:\/\/schema.org\/ImageObject\">\n\t\t\t\t<img decoding=\"async\" src=\"https:\/\/krossbu.no.webist.no\/wp-content\/uploads\/2026\/01\/20250517_123717-scaled.jpg\" alt=\"20250517_123717\" height=\"1441\" width=\"2560\" title=\"20250517_123717\" onerror=\"this.style.display='none'\" loading=\"lazy\" \/>\n\t<\/figure>\n<figure itemscope itemtype=\"https:\/\/schema.org\/ImageObject\">\n\t\t\t\t<img decoding=\"async\" src=\"https:\/\/krossbu.no.webist.no\/wp-content\/uploads\/2025\/09\/dobbeltrom_champagne_1100x600-scaled-1.jpg\" alt=\"dobbeltrom_champagne_1100x600-scaled\" height=\"1397\" width=\"2560\" title=\"dobbeltrom_champagne_1100x600-scaled\" onerror=\"this.style.display='none'\" loading=\"lazy\" \/>\n\t<\/figure>\n<h2>\n\t\t\tOvernatting og m\u00e5ltider\t<\/h2>\n\t<p>Krossbu ligger perfekt til for toppturer i Sm\u00f8rstabbtindane. Vi tilbyr komfortabel overnatting, hjemmelaget mat og god stemning etter en lang dag i fjellet. Her kan du lade opp, slappe av og m\u00f8te andre fjellfolk.<\/p>\n\t\t\t<a href=\"\/overnatting\/\"  target=\"_self\">\n\t\t\t\t\t\t\tBooking\n\t\t\t\t\t<\/a>\n\n","protected":false},"excerpt":{"rendered":"<p>Tilbake topptur Tilbake tinderangling Kalven Toppen er en del av Sm\u00f8rstabbtindane, og turen dit er lettg\u00e5tt via Leirbrean fra Krossbu. Du beveger deg i et vakkert alpint landskap, med flott utsikt. Turen krever ofte brekryssing over Leirbrean, og omr\u00e5det byr p\u00e5 krevende, alpine forhold der stegjern og is\u00f8ks anbefales, samt gode nedkj\u00f8ringsmuligheter p\u00e5 ski.\u00a0 Startpunkt:&hellip;<\/p>\n","protected":false},"author":2,"featured_media":1498,"parent":1484,"menu_order":0,"comment_status":"closed","ping_status":"closed","template":"","meta":{"footnotes":""},"class_list":["post-1499","page","type-page","status-publish","has-post-thumbnail","hentry"],"yoast_head":"<!-- This site is optimized with the Yoast SEO plugin v27.1.1 - https:\/\/yoast.com\/product\/yoast-seo-wordpress\/ -->\n<title>Kalven - Krossbu<\/title>\n<meta name=\"robots\" content=\"noindex, follow, max-snippet:-1, max-image-preview:large, max-video-preview:-1\" \/>\n<meta property=\"og:locale\" content=\"en_US\" \/>\n<meta property=\"og:type\" content=\"article\" \/>\n<meta property=\"og:title\" content=\"Kalven - Krossbu\" \/>\n<meta property=\"og:description\" content=\"Tilbake topptur Tilbake tinderangling Kalven Toppen er en del av Sm\u00f8rstabbtindane, og turen dit er lettg\u00e5tt via Leirbrean fra Krossbu. Du beveger deg i et vakkert alpint landskap, med flott utsikt. Turen krever ofte brekryssing over Leirbrean, og omr\u00e5det byr p\u00e5 krevende, alpine forhold der stegjern og is\u00f8ks anbefales, samt gode nedkj\u00f8ringsmuligheter p\u00e5 ski.\u00a0 Startpunkt:&hellip;\" \/>\n<meta property=\"og:url\" content=\"https:\/\/krossbu.no.webist.no\/en\/activities\/summer-autumn\/summit-walks\/kalven\/\" \/>\n<meta property=\"og:site_name\" content=\"Krossbu\" \/>\n<meta property=\"article:publisher\" content=\"https:\/\/www.facebook.com\/krossbuturisthytteas\" \/>\n<meta property=\"article:modified_time\" content=\"2026-02-17T11:31:55+00:00\" \/>\n<meta property=\"og:image\" content=\"https:\/\/krossbu.no.webist.no\/wp-content\/uploads\/2025\/09\/aktivitet_slide7_1100.jpg\" \/>\n\t<meta property=\"og:image:width\" content=\"1102\" \/>\n\t<meta property=\"og:image:height\" content=\"502\" \/>\n\t<meta property=\"og:image:type\" content=\"image\/jpeg\" \/>\n<meta name=\"twitter:card\" content=\"summary_large_image\" \/>\n<meta name=\"twitter:label1\" content=\"Est. reading time\" \/>\n\t<meta name=\"twitter:data1\" content=\"1 minute\" \/>\n<script type=\"application\/ld+json\" class=\"yoast-schema-graph\">{\"@context\":\"https:\/\/schema.org\",\"@graph\":[{\"@type\":\"WebPage\",\"@id\":\"https:\/\/krossbu.no.webist.no\/en\/activities\/summer-autumn\/summit-walks\/kalven\/\",\"url\":\"https:\/\/krossbu.no.webist.no\/en\/activities\/summer-autumn\/summit-walks\/kalven\/\",\"name\":\"Kalven - Krossbu\",\"isPartOf\":{\"@id\":\"https:\/\/krossbu.no.webist.no\/en\/#website\"},\"primaryImageOfPage\":{\"@id\":\"https:\/\/krossbu.no.webist.no\/en\/activities\/summer-autumn\/summit-walks\/kalven\/#primaryimage\"},\"image\":{\"@id\":\"https:\/\/krossbu.no.webist.no\/en\/activities\/summer-autumn\/summit-walks\/kalven\/#primaryimage\"},\"thumbnailUrl\":\"https:\/\/krossbu.no.webist.no\/wp-content\/uploads\/2025\/09\/aktivitet_slide7_1100.jpg\",\"datePublished\":\"2025-09-23T09:22:46+00:00\",\"dateModified\":\"2026-02-17T11:31:55+00:00\",\"breadcrumb\":{\"@id\":\"https:\/\/krossbu.no.webist.no\/en\/activities\/summer-autumn\/summit-walks\/kalven\/#breadcrumb\"},\"inLanguage\":\"en-US\",\"potentialAction\":[{\"@type\":\"ReadAction\",\"target\":[\"https:\/\/krossbu.no.webist.no\/en\/activities\/summer-autumn\/summit-walks\/kalven\/\"]}]},{\"@type\":\"ImageObject\",\"inLanguage\":\"en-US\",\"@id\":\"https:\/\/krossbu.no.webist.no\/en\/activities\/summer-autumn\/summit-walks\/kalven\/#primaryimage\",\"url\":\"https:\/\/krossbu.no.webist.no\/wp-content\/uploads\/2025\/09\/aktivitet_slide7_1100.jpg\",\"contentUrl\":\"https:\/\/krossbu.no.webist.no\/wp-content\/uploads\/2025\/09\/aktivitet_slide7_1100.jpg\",\"width\":1102,\"height\":502},{\"@type\":\"BreadcrumbList\",\"@id\":\"https:\/\/krossbu.no.webist.no\/en\/activities\/summer-autumn\/summit-walks\/kalven\/#breadcrumb\",\"itemListElement\":[{\"@type\":\"ListItem\",\"position\":1,\"name\":\"Hjem\",\"item\":\"https:\/\/krossbu.no.webist.no\/en\/\"},{\"@type\":\"ListItem\",\"position\":2,\"name\":\"Activities\",\"item\":\"https:\/\/krossbu.no.webist.no\/en\/activities\/\"},{\"@type\":\"ListItem\",\"position\":3,\"name\":\"Summer\/autumn\",\"item\":\"https:\/\/krossbu.no.webist.no\/en\/activities\/summer-autumn\/\"},{\"@type\":\"ListItem\",\"position\":4,\"name\":\"Summit Walks\",\"item\":\"https:\/\/krossbu.no.webist.no\/en\/activities\/summer-autumn\/summit-walks\/\"},{\"@type\":\"ListItem\",\"position\":5,\"name\":\"Kalven\"}]},{\"@type\":\"WebSite\",\"@id\":\"https:\/\/krossbu.no.webist.no\/en\/#website\",\"url\":\"https:\/\/krossbu.no.webist.no\/en\/\",\"name\":\"Krossbu prod.side\",\"description\":\"\",\"publisher\":{\"@id\":\"https:\/\/krossbu.no.webist.no\/en\/#organization\"},\"potentialAction\":[{\"@type\":\"SearchAction\",\"target\":{\"@type\":\"EntryPoint\",\"urlTemplate\":\"https:\/\/krossbu.no.webist.no\/en\/?s={search_term_string}\"},\"query-input\":{\"@type\":\"PropertyValueSpecification\",\"valueRequired\":true,\"valueName\":\"search_term_string\"}}],\"inLanguage\":\"en-US\"},{\"@type\":\"Organization\",\"@id\":\"https:\/\/krossbu.no.webist.no\/en\/#organization\",\"name\":\"Krossbu prod.side\",\"url\":\"https:\/\/krossbu.no.webist.no\/en\/\",\"logo\":{\"@type\":\"ImageObject\",\"inLanguage\":\"en-US\",\"@id\":\"https:\/\/krossbu.no.webist.no\/en\/#\/schema\/logo\/image\/\",\"url\":\"\",\"contentUrl\":\"\",\"caption\":\"Krossbu prod.side\"},\"image\":{\"@id\":\"https:\/\/krossbu.no.webist.no\/en\/#\/schema\/logo\/image\/\"},\"sameAs\":[\"https:\/\/www.facebook.com\/krossbuturisthytteas\"]}]}<\/script>\n<!-- \/ Yoast SEO plugin. -->","yoast_head_json":{"title":"Kalven - Krossbu","robots":{"index":"noindex","follow":"follow","max-snippet":"max-snippet:-1","max-image-preview":"max-image-preview:large","max-video-preview":"max-video-preview:-1"},"og_locale":"en_US","og_type":"article","og_title":"Kalven - Krossbu","og_description":"Tilbake topptur Tilbake tinderangling Kalven Toppen er en del av Sm\u00f8rstabbtindane, og turen dit er lettg\u00e5tt via Leirbrean fra Krossbu. Du beveger deg i et vakkert alpint landskap, med flott utsikt. Turen krever ofte brekryssing over Leirbrean, og omr\u00e5det byr p\u00e5 krevende, alpine forhold der stegjern og is\u00f8ks anbefales, samt gode nedkj\u00f8ringsmuligheter p\u00e5 ski.\u00a0 Startpunkt:&hellip;","og_url":"https:\/\/krossbu.no.webist.no\/en\/activities\/summer-autumn\/summit-walks\/kalven\/","og_site_name":"Krossbu","article_publisher":"https:\/\/www.facebook.com\/krossbuturisthytteas","article_modified_time":"2026-02-17T11:31:55+00:00","og_image":[{"width":1102,"height":502,"url":"https:\/\/krossbu.no.webist.no\/wp-content\/uploads\/2025\/09\/aktivitet_slide7_1100.jpg","type":"image\/jpeg"}],"twitter_card":"summary_large_image","twitter_misc":{"Est. reading time":"1 minute"},"schema":{"@context":"https:\/\/schema.org","@graph":[{"@type":"WebPage","@id":"https:\/\/krossbu.no.webist.no\/en\/activities\/summer-autumn\/summit-walks\/kalven\/","url":"https:\/\/krossbu.no.webist.no\/en\/activities\/summer-autumn\/summit-walks\/kalven\/","name":"Kalven - Krossbu","isPartOf":{"@id":"https:\/\/krossbu.no.webist.no\/en\/#website"},"primaryImageOfPage":{"@id":"https:\/\/krossbu.no.webist.no\/en\/activities\/summer-autumn\/summit-walks\/kalven\/#primaryimage"},"image":{"@id":"https:\/\/krossbu.no.webist.no\/en\/activities\/summer-autumn\/summit-walks\/kalven\/#primaryimage"},"thumbnailUrl":"https:\/\/krossbu.no.webist.no\/wp-content\/uploads\/2025\/09\/aktivitet_slide7_1100.jpg","datePublished":"2025-09-23T09:22:46+00:00","dateModified":"2026-02-17T11:31:55+00:00","breadcrumb":{"@id":"https:\/\/krossbu.no.webist.no\/en\/activities\/summer-autumn\/summit-walks\/kalven\/#breadcrumb"},"inLanguage":"en-US","potentialAction":[{"@type":"ReadAction","target":["https:\/\/krossbu.no.webist.no\/en\/activities\/summer-autumn\/summit-walks\/kalven\/"]}]},{"@type":"ImageObject","inLanguage":"en-US","@id":"https:\/\/krossbu.no.webist.no\/en\/activities\/summer-autumn\/summit-walks\/kalven\/#primaryimage","url":"https:\/\/krossbu.no.webist.no\/wp-content\/uploads\/2025\/09\/aktivitet_slide7_1100.jpg","contentUrl":"https:\/\/krossbu.no.webist.no\/wp-content\/uploads\/2025\/09\/aktivitet_slide7_1100.jpg","width":1102,"height":502},{"@type":"BreadcrumbList","@id":"https:\/\/krossbu.no.webist.no\/en\/activities\/summer-autumn\/summit-walks\/kalven\/#breadcrumb","itemListElement":[{"@type":"ListItem","position":1,"name":"Hjem","item":"https:\/\/krossbu.no.webist.no\/en\/"},{"@type":"ListItem","position":2,"name":"Activities","item":"https:\/\/krossbu.no.webist.no\/en\/activities\/"},{"@type":"ListItem","position":3,"name":"Summer\/autumn","item":"https:\/\/krossbu.no.webist.no\/en\/activities\/summer-autumn\/"},{"@type":"ListItem","position":4,"name":"Summit Walks","item":"https:\/\/krossbu.no.webist.no\/en\/activities\/summer-autumn\/summit-walks\/"},{"@type":"ListItem","position":5,"name":"Kalven"}]},{"@type":"WebSite","@id":"https:\/\/krossbu.no.webist.no\/en\/#website","url":"https:\/\/krossbu.no.webist.no\/en\/","name":"Krossbu prod.side","description":"","publisher":{"@id":"https:\/\/krossbu.no.webist.no\/en\/#organization"},"potentialAction":[{"@type":"SearchAction","target":{"@type":"EntryPoint","urlTemplate":"https:\/\/krossbu.no.webist.no\/en\/?s={search_term_string}"},"query-input":{"@type":"PropertyValueSpecification","valueRequired":true,"valueName":"search_term_string"}}],"inLanguage":"en-US"},{"@type":"Organization","@id":"https:\/\/krossbu.no.webist.no\/en\/#organization","name":"Krossbu prod.side","url":"https:\/\/krossbu.no.webist.no\/en\/","logo":{"@type":"ImageObject","inLanguage":"en-US","@id":"https:\/\/krossbu.no.webist.no\/en\/#\/schema\/logo\/image\/","url":"","contentUrl":"","caption":"Krossbu prod.side"},"image":{"@id":"https:\/\/krossbu.no.webist.no\/en\/#\/schema\/logo\/image\/"},"sameAs":["https:\/\/www.facebook.com\/krossbuturisthytteas"]}]}},"_links":{"self":[{"href":"https:\/\/krossbu.no.webist.no\/en\/wp-json\/wp\/v2\/pages\/1499","targetHints":{"allow":["GET"]}}],"collection":[{"href":"https:\/\/krossbu.no.webist.no\/en\/wp-json\/wp\/v2\/pages"}],"about":[{"href":"https:\/\/krossbu.no.webist.no\/en\/wp-json\/wp\/v2\/types\/page"}],"author":[{"embeddable":true,"href":"https:\/\/krossbu.no.webist.no\/en\/wp-json\/wp\/v2\/users\/2"}],"replies":[{"embeddable":true,"href":"https:\/\/krossbu.no.webist.no\/en\/wp-json\/wp\/v2\/comments?post=1499"}],"version-history":[{"count":1,"href":"https:\/\/krossbu.no.webist.no\/en\/wp-json\/wp\/v2\/pages\/1499\/revisions"}],"predecessor-version":[{"id":1677,"href":"https:\/\/krossbu.no.webist.no\/en\/wp-json\/wp\/v2\/pages\/1499\/revisions\/1677"}],"up":[{"embeddable":true,"href":"https:\/\/krossbu.no.webist.no\/en\/wp-json\/wp\/v2\/pages\/1484"}],"wp:featuredmedia":[{"embeddable":true,"href":"https:\/\/krossbu.no.webist.no\/en\/wp-json\/wp\/v2\/media\/1498"}],"wp:attachment":[{"href":"https:\/\/krossbu.no.webist.no\/en\/wp-json\/wp\/v2\/media?parent=1499"}],"curies":[{"name":"wp","href":"https:\/\/api.w.org\/{rel}","templated":true}]}}