{"id":1420,"date":"2025-09-19T15:00:46","date_gmt":"2025-09-19T15:00:46","guid":{"rendered":"https:\/\/krossbu.no\/activities\/summer-autumn\/mountain-climbing\/"},"modified":"2026-02-17T10:34:49","modified_gmt":"2026-02-17T10:34:49","slug":"mountain-climbing","status":"publish","type":"page","link":"https:\/\/krossbu.no.webist.no\/en\/activities\/summer-autumn\/mountain-climbing\/","title":{"rendered":"Mountain climbing"},"content":{"rendered":"\n\n\t<p>Foto: Christian Nesset<\/p>\n<h4>\n\t\t<a href=\"\/sommer\/#topp\" title=\"Tilbake\"  target=\"_self\">\n\t\t\tTilbake\t\t<\/a>\n\t<\/h4>\n<h1>\n\t\t\tFjellklatring\t<\/h1>\n\t<p>Fjellklatring i Jotunheimen byr p\u00e5 noen av Norges mest storsl\u00e5tte alpine opplevelser. Med spisse tinder, breer og dype daler, er omr\u00e5det et naturlig trekkplaster for b\u00e5de erfarne klatrere og eventyrlystne nybegynnere.<\/p>\n<p>Klassikere som Store Skagast\u00f8lstind, Sm\u00f8rstabbtindane og Galdh\u00f8piggen lokker med utfordrende ruter og spektakul\u00e6r utsikt. Terrenget varierer fra bratte fjellvegger til luftige egger, og forholdene skifter raskt, noe som gj\u00f8r god forberedelse og respekt for naturkreftene avgj\u00f8rende.<\/p>\n<p>Jotunheimen kombinerer r\u00e5 villmark med uforglemmelige mestringsopplevelser &#8211; et perfekt sted for den som s\u00f8ker ekte fjelleventyr.<\/p>\n\t<p>Vi bruker et felt rett over hytta til \u00e5 klatre. Her det nydelig utsikt til omr\u00e5det rundt.<\/p>\n<p>Andre perler er Austanbotntind, og \u00f8nsker du litt utfordring er S\u00f8rryggen (bilde over) et flott alternativ. <a href=\"mailto:post@krossbu.no\">Ta kontakt med oss<\/a> s\u00e5 vi kan oppfylle dine \u00f8nsker.<\/p>\n<figure itemscope itemtype=\"https:\/\/schema.org\/ImageObject\">\n\t\t\t\t<img decoding=\"async\" src=\"https:\/\/krossbu.no.webist.no\/wp-content\/uploads\/2026\/02\/Aktiviteter.jpg\" alt=\"Aktiviteter\" height=\"1440\" width=\"1440\" title=\"Aktiviteter\" onerror=\"this.style.display='none'\" loading=\"lazy\" \/>\n\t<\/figure>\n<h2>\n\t\t\tFlere aktiviteter\t<\/h2>\n\n","protected":false},"excerpt":{"rendered":"<p>Foto: Christian Nesset Tilbake Fjellklatring Fjellklatring i Jotunheimen byr p\u00e5 noen av Norges mest storsl\u00e5tte alpine opplevelser. Med spisse tinder, breer og dype daler, er omr\u00e5det et naturlig trekkplaster for b\u00e5de erfarne klatrere og eventyrlystne nybegynnere. Klassikere som Store Skagast\u00f8lstind, Sm\u00f8rstabbtindane og Galdh\u00f8piggen lokker med utfordrende ruter og spektakul\u00e6r utsikt. Terrenget varierer fra bratte fjellvegger&hellip;<\/p>\n","protected":false},"author":2,"featured_media":1419,"parent":1380,"menu_order":0,"comment_status":"closed","ping_status":"closed","template":"","meta":{"footnotes":""},"class_list":["post-1420","page","type-page","status-publish","has-post-thumbnail","hentry"],"yoast_head":"<!-- This site is optimized with the Yoast SEO plugin v27.1.1 - https:\/\/yoast.com\/product\/yoast-seo-wordpress\/ -->\n<title>Mountain climbing - Krossbu<\/title>\n<meta name=\"robots\" content=\"noindex, follow, max-snippet:-1, max-image-preview:large, max-video-preview:-1\" \/>\n<meta property=\"og:locale\" content=\"en_US\" \/>\n<meta property=\"og:type\" content=\"article\" \/>\n<meta property=\"og:title\" content=\"Mountain climbing - Krossbu\" \/>\n<meta property=\"og:description\" content=\"Foto: Christian Nesset Tilbake Fjellklatring Fjellklatring i Jotunheimen byr p\u00e5 noen av Norges mest storsl\u00e5tte alpine opplevelser. Med spisse tinder, breer og dype daler, er omr\u00e5det et naturlig trekkplaster for b\u00e5de erfarne klatrere og eventyrlystne nybegynnere. Klassikere som Store Skagast\u00f8lstind, Sm\u00f8rstabbtindane og Galdh\u00f8piggen lokker med utfordrende ruter og spektakul\u00e6r utsikt. Terrenget varierer fra bratte fjellvegger&hellip;\" \/>\n<meta property=\"og:url\" content=\"https:\/\/krossbu.no.webist.no\/en\/activities\/summer-autumn\/mountain-climbing\/\" \/>\n<meta property=\"og:site_name\" content=\"Krossbu\" \/>\n<meta property=\"article:publisher\" content=\"https:\/\/www.facebook.com\/krossbuturisthytteas\" \/>\n<meta property=\"article:modified_time\" content=\"2026-02-17T10:34:49+00:00\" \/>\n<meta property=\"og:image\" content=\"https:\/\/krossbu.no.webist.no\/wp-content\/uploads\/2025\/09\/Fjellklatring.jpg\" \/>\n\t<meta property=\"og:image:width\" content=\"1300\" \/>\n\t<meta property=\"og:image:height\" content=\"732\" \/>\n\t<meta property=\"og:image:type\" content=\"image\/jpeg\" \/>\n<meta name=\"twitter:card\" content=\"summary_large_image\" \/>\n<meta name=\"twitter:label1\" content=\"Est. reading time\" \/>\n\t<meta name=\"twitter:data1\" content=\"1 minute\" \/>\n<script type=\"application\/ld+json\" class=\"yoast-schema-graph\">{\"@context\":\"https:\/\/schema.org\",\"@graph\":[{\"@type\":\"WebPage\",\"@id\":\"https:\/\/krossbu.no.webist.no\/en\/activities\/summer-autumn\/mountain-climbing\/\",\"url\":\"https:\/\/krossbu.no.webist.no\/en\/activities\/summer-autumn\/mountain-climbing\/\",\"name\":\"Mountain climbing - Krossbu\",\"isPartOf\":{\"@id\":\"https:\/\/krossbu.no.webist.no\/en\/#website\"},\"primaryImageOfPage\":{\"@id\":\"https:\/\/krossbu.no.webist.no\/en\/activities\/summer-autumn\/mountain-climbing\/#primaryimage\"},\"image\":{\"@id\":\"https:\/\/krossbu.no.webist.no\/en\/activities\/summer-autumn\/mountain-climbing\/#primaryimage\"},\"thumbnailUrl\":\"https:\/\/krossbu.no.webist.no\/wp-content\/uploads\/2025\/09\/Fjellklatring.jpg\",\"datePublished\":\"2025-09-19T15:00:46+00:00\",\"dateModified\":\"2026-02-17T10:34:49+00:00\",\"breadcrumb\":{\"@id\":\"https:\/\/krossbu.no.webist.no\/en\/activities\/summer-autumn\/mountain-climbing\/#breadcrumb\"},\"inLanguage\":\"en-US\",\"potentialAction\":[{\"@type\":\"ReadAction\",\"target\":[\"https:\/\/krossbu.no.webist.no\/en\/activities\/summer-autumn\/mountain-climbing\/\"]}]},{\"@type\":\"ImageObject\",\"inLanguage\":\"en-US\",\"@id\":\"https:\/\/krossbu.no.webist.no\/en\/activities\/summer-autumn\/mountain-climbing\/#primaryimage\",\"url\":\"https:\/\/krossbu.no.webist.no\/wp-content\/uploads\/2025\/09\/Fjellklatring.jpg\",\"contentUrl\":\"https:\/\/krossbu.no.webist.no\/wp-content\/uploads\/2025\/09\/Fjellklatring.jpg\",\"width\":1300,\"height\":732},{\"@type\":\"BreadcrumbList\",\"@id\":\"https:\/\/krossbu.no.webist.no\/en\/activities\/summer-autumn\/mountain-climbing\/#breadcrumb\",\"itemListElement\":[{\"@type\":\"ListItem\",\"position\":1,\"name\":\"Hjem\",\"item\":\"https:\/\/krossbu.no.webist.no\/en\/\"},{\"@type\":\"ListItem\",\"position\":2,\"name\":\"Activities\",\"item\":\"https:\/\/krossbu.no.webist.no\/en\/activities\/\"},{\"@type\":\"ListItem\",\"position\":3,\"name\":\"Summer\/autumn\",\"item\":\"https:\/\/krossbu.no.webist.no\/en\/activities\/summer-autumn\/\"},{\"@type\":\"ListItem\",\"position\":4,\"name\":\"Mountain climbing\"}]},{\"@type\":\"WebSite\",\"@id\":\"https:\/\/krossbu.no.webist.no\/en\/#website\",\"url\":\"https:\/\/krossbu.no.webist.no\/en\/\",\"name\":\"Krossbu prod.side\",\"description\":\"\",\"publisher\":{\"@id\":\"https:\/\/krossbu.no.webist.no\/en\/#organization\"},\"potentialAction\":[{\"@type\":\"SearchAction\",\"target\":{\"@type\":\"EntryPoint\",\"urlTemplate\":\"https:\/\/krossbu.no.webist.no\/en\/?s={search_term_string}\"},\"query-input\":{\"@type\":\"PropertyValueSpecification\",\"valueRequired\":true,\"valueName\":\"search_term_string\"}}],\"inLanguage\":\"en-US\"},{\"@type\":\"Organization\",\"@id\":\"https:\/\/krossbu.no.webist.no\/en\/#organization\",\"name\":\"Krossbu prod.side\",\"url\":\"https:\/\/krossbu.no.webist.no\/en\/\",\"logo\":{\"@type\":\"ImageObject\",\"inLanguage\":\"en-US\",\"@id\":\"https:\/\/krossbu.no.webist.no\/en\/#\/schema\/logo\/image\/\",\"url\":\"\",\"contentUrl\":\"\",\"caption\":\"Krossbu prod.side\"},\"image\":{\"@id\":\"https:\/\/krossbu.no.webist.no\/en\/#\/schema\/logo\/image\/\"},\"sameAs\":[\"https:\/\/www.facebook.com\/krossbuturisthytteas\"]}]}<\/script>\n<!-- \/ Yoast SEO plugin. -->","yoast_head_json":{"title":"Mountain climbing - Krossbu","robots":{"index":"noindex","follow":"follow","max-snippet":"max-snippet:-1","max-image-preview":"max-image-preview:large","max-video-preview":"max-video-preview:-1"},"og_locale":"en_US","og_type":"article","og_title":"Mountain climbing - Krossbu","og_description":"Foto: Christian Nesset Tilbake Fjellklatring Fjellklatring i Jotunheimen byr p\u00e5 noen av Norges mest storsl\u00e5tte alpine opplevelser. Med spisse tinder, breer og dype daler, er omr\u00e5det et naturlig trekkplaster for b\u00e5de erfarne klatrere og eventyrlystne nybegynnere. Klassikere som Store Skagast\u00f8lstind, Sm\u00f8rstabbtindane og Galdh\u00f8piggen lokker med utfordrende ruter og spektakul\u00e6r utsikt. Terrenget varierer fra bratte fjellvegger&hellip;","og_url":"https:\/\/krossbu.no.webist.no\/en\/activities\/summer-autumn\/mountain-climbing\/","og_site_name":"Krossbu","article_publisher":"https:\/\/www.facebook.com\/krossbuturisthytteas","article_modified_time":"2026-02-17T10:34:49+00:00","og_image":[{"width":1300,"height":732,"url":"https:\/\/krossbu.no.webist.no\/wp-content\/uploads\/2025\/09\/Fjellklatring.jpg","type":"image\/jpeg"}],"twitter_card":"summary_large_image","twitter_misc":{"Est. reading time":"1 minute"},"schema":{"@context":"https:\/\/schema.org","@graph":[{"@type":"WebPage","@id":"https:\/\/krossbu.no.webist.no\/en\/activities\/summer-autumn\/mountain-climbing\/","url":"https:\/\/krossbu.no.webist.no\/en\/activities\/summer-autumn\/mountain-climbing\/","name":"Mountain climbing - Krossbu","isPartOf":{"@id":"https:\/\/krossbu.no.webist.no\/en\/#website"},"primaryImageOfPage":{"@id":"https:\/\/krossbu.no.webist.no\/en\/activities\/summer-autumn\/mountain-climbing\/#primaryimage"},"image":{"@id":"https:\/\/krossbu.no.webist.no\/en\/activities\/summer-autumn\/mountain-climbing\/#primaryimage"},"thumbnailUrl":"https:\/\/krossbu.no.webist.no\/wp-content\/uploads\/2025\/09\/Fjellklatring.jpg","datePublished":"2025-09-19T15:00:46+00:00","dateModified":"2026-02-17T10:34:49+00:00","breadcrumb":{"@id":"https:\/\/krossbu.no.webist.no\/en\/activities\/summer-autumn\/mountain-climbing\/#breadcrumb"},"inLanguage":"en-US","potentialAction":[{"@type":"ReadAction","target":["https:\/\/krossbu.no.webist.no\/en\/activities\/summer-autumn\/mountain-climbing\/"]}]},{"@type":"ImageObject","inLanguage":"en-US","@id":"https:\/\/krossbu.no.webist.no\/en\/activities\/summer-autumn\/mountain-climbing\/#primaryimage","url":"https:\/\/krossbu.no.webist.no\/wp-content\/uploads\/2025\/09\/Fjellklatring.jpg","contentUrl":"https:\/\/krossbu.no.webist.no\/wp-content\/uploads\/2025\/09\/Fjellklatring.jpg","width":1300,"height":732},{"@type":"BreadcrumbList","@id":"https:\/\/krossbu.no.webist.no\/en\/activities\/summer-autumn\/mountain-climbing\/#breadcrumb","itemListElement":[{"@type":"ListItem","position":1,"name":"Hjem","item":"https:\/\/krossbu.no.webist.no\/en\/"},{"@type":"ListItem","position":2,"name":"Activities","item":"https:\/\/krossbu.no.webist.no\/en\/activities\/"},{"@type":"ListItem","position":3,"name":"Summer\/autumn","item":"https:\/\/krossbu.no.webist.no\/en\/activities\/summer-autumn\/"},{"@type":"ListItem","position":4,"name":"Mountain climbing"}]},{"@type":"WebSite","@id":"https:\/\/krossbu.no.webist.no\/en\/#website","url":"https:\/\/krossbu.no.webist.no\/en\/","name":"Krossbu prod.side","description":"","publisher":{"@id":"https:\/\/krossbu.no.webist.no\/en\/#organization"},"potentialAction":[{"@type":"SearchAction","target":{"@type":"EntryPoint","urlTemplate":"https:\/\/krossbu.no.webist.no\/en\/?s={search_term_string}"},"query-input":{"@type":"PropertyValueSpecification","valueRequired":true,"valueName":"search_term_string"}}],"inLanguage":"en-US"},{"@type":"Organization","@id":"https:\/\/krossbu.no.webist.no\/en\/#organization","name":"Krossbu prod.side","url":"https:\/\/krossbu.no.webist.no\/en\/","logo":{"@type":"ImageObject","inLanguage":"en-US","@id":"https:\/\/krossbu.no.webist.no\/en\/#\/schema\/logo\/image\/","url":"","contentUrl":"","caption":"Krossbu prod.side"},"image":{"@id":"https:\/\/krossbu.no.webist.no\/en\/#\/schema\/logo\/image\/"},"sameAs":["https:\/\/www.facebook.com\/krossbuturisthytteas"]}]}},"_links":{"self":[{"href":"https:\/\/krossbu.no.webist.no\/en\/wp-json\/wp\/v2\/pages\/1420","targetHints":{"allow":["GET"]}}],"collection":[{"href":"https:\/\/krossbu.no.webist.no\/en\/wp-json\/wp\/v2\/pages"}],"about":[{"href":"https:\/\/krossbu.no.webist.no\/en\/wp-json\/wp\/v2\/types\/page"}],"author":[{"embeddable":true,"href":"https:\/\/krossbu.no.webist.no\/en\/wp-json\/wp\/v2\/users\/2"}],"replies":[{"embeddable":true,"href":"https:\/\/krossbu.no.webist.no\/en\/wp-json\/wp\/v2\/comments?post=1420"}],"version-history":[{"count":1,"href":"https:\/\/krossbu.no.webist.no\/en\/wp-json\/wp\/v2\/pages\/1420\/revisions"}],"predecessor-version":[{"id":1661,"href":"https:\/\/krossbu.no.webist.no\/en\/wp-json\/wp\/v2\/pages\/1420\/revisions\/1661"}],"up":[{"embeddable":true,"href":"https:\/\/krossbu.no.webist.no\/en\/wp-json\/wp\/v2\/pages\/1380"}],"wp:featuredmedia":[{"embeddable":true,"href":"https:\/\/krossbu.no.webist.no\/en\/wp-json\/wp\/v2\/media\/1419"}],"wp:attachment":[{"href":"https:\/\/krossbu.no.webist.no\/en\/wp-json\/wp\/v2\/media?parent=1420"}],"curies":[{"name":"wp","href":"https:\/\/api.w.org\/{rel}","templated":true}]}}