{"id":1400,"date":"2025-09-19T13:00:53","date_gmt":"2025-09-19T13:00:53","guid":{"rendered":"https:\/\/krossbu.no\/activities\/summer-autumn\/cave-tour-in-dumdalen\/"},"modified":"2026-02-17T10:35:22","modified_gmt":"2026-02-17T10:35:22","slug":"cave-tour-in-dumdalen","status":"publish","type":"page","link":"https:\/\/krossbu.no.webist.no\/en\/activities\/summer-autumn\/cave-tour-in-dumdalen\/","title":{"rendered":"Cave tour in Dumdalen"},"content":{"rendered":"\n<h4>\n\t\t<a href=\"\/sommer\/#topp\" title=\"Tilbake\"  target=\"_self\">\n\t\t\tTilbake\t\t<\/a>\n\t<\/h4>\n<h1>\n\t\t\tDumdalsgrottene\t<\/h1>\n<h2>\n\t\t\t&#8211; en spennende dagstur\t<\/h2>\n\tDumdalsgrottene ligger i Dumdalen, rett ved FV55 Sognefjellsvegen, like nedenfor Krossbu ved B\u00f8vertun. Her har elva Dumma i tusenvis av \u00e5r slipt ut spennende ganger og grotter i det kalkrike fjellet. Du finner alt fra store katedral-lignende rom til smale ganger der du m\u00e5 \u00e5le deg gjennom &#8211; ingen grotter er like!<br \/>\nDen kalkrike grunnen gj\u00f8r Dumdalen til en frodig og vakker dal med et rikt utvalg av blomster og planter. Med elvebrus, klare fjellvann og spektakul\u00e6re grotter er dette en opplevelse for hele familien.\n<h2>\n\t\t\tSlik kommer du dit\t<\/h2>\n\tFra Krossbu kan du f\u00f8lge merket sti over Krossh\u00f8e og videre til Dumdalen. Dette er en flott dagstur som tar deg gjennom variert fjellterreng ned til FV55. Herfra kan du sjekke busstider og returnere til Krossbu, eller g\u00e5 tilbake langs veien &#8211; ca. 7 km.<br \/>\nVi anbefaler guidet tur for \u00e5 utforske grottene p\u00e5 en trygg og spennende m\u00e5te, og f\u00e5 mest mulig ut av opplevelsen.\n<figure itemscope itemtype=\"https:\/\/schema.org\/ImageObject\">\n\t\t\t\t<img decoding=\"async\" src=\"https:\/\/krossbu.no.webist.no\/wp-content\/uploads\/2026\/01\/dumdalsgrotte_bilde2_600.jpg\" alt=\"dumdalsgrotte_bilde2_600\" height=\"600\" width=\"600\" title=\"dumdalsgrotte_bilde2_600\" onerror=\"this.style.display='none'\" loading=\"lazy\" \/>\n\t<\/figure>\n<h2>\n\t\t\tFlere aktiviteter\t<\/h2>\n\n","protected":false},"excerpt":{"rendered":"<p>Tilbake Dumdalsgrottene &#8211; en spennende dagstur Dumdalsgrottene ligger i Dumdalen, rett ved FV55 Sognefjellsvegen, like nedenfor Krossbu ved B\u00f8vertun. Her har elva Dumma i tusenvis av \u00e5r slipt ut spennende ganger og grotter i det kalkrike fjellet. Du finner alt fra store katedral-lignende rom til smale ganger der du m\u00e5 \u00e5le deg gjennom &#8211; ingen&hellip;<\/p>\n","protected":false},"author":2,"featured_media":1399,"parent":1380,"menu_order":0,"comment_status":"closed","ping_status":"closed","template":"","meta":{"footnotes":""},"class_list":["post-1400","page","type-page","status-publish","has-post-thumbnail","hentry"],"yoast_head":"<!-- This site is optimized with the Yoast SEO plugin v27.1.1 - https:\/\/yoast.com\/product\/yoast-seo-wordpress\/ -->\n<title>Cave tour in Dumdalen - Krossbu<\/title>\n<meta name=\"robots\" content=\"noindex, follow, max-snippet:-1, max-image-preview:large, max-video-preview:-1\" \/>\n<meta property=\"og:locale\" content=\"en_US\" \/>\n<meta property=\"og:type\" content=\"article\" \/>\n<meta property=\"og:title\" content=\"Cave tour in Dumdalen - Krossbu\" \/>\n<meta property=\"og:description\" content=\"Tilbake Dumdalsgrottene &#8211; en spennende dagstur Dumdalsgrottene ligger i Dumdalen, rett ved FV55 Sognefjellsvegen, like nedenfor Krossbu ved B\u00f8vertun. Her har elva Dumma i tusenvis av \u00e5r slipt ut spennende ganger og grotter i det kalkrike fjellet. Du finner alt fra store katedral-lignende rom til smale ganger der du m\u00e5 \u00e5le deg gjennom &#8211; ingen&hellip;\" \/>\n<meta property=\"og:url\" content=\"https:\/\/krossbu.no.webist.no\/en\/activities\/summer-autumn\/cave-tour-in-dumdalen\/\" \/>\n<meta property=\"og:site_name\" content=\"Krossbu\" \/>\n<meta property=\"article:publisher\" content=\"https:\/\/www.facebook.com\/krossbuturisthytteas\" \/>\n<meta property=\"article:modified_time\" content=\"2026-02-17T10:35:22+00:00\" \/>\n<meta property=\"og:image\" content=\"https:\/\/krossbu.no.webist.no\/wp-content\/uploads\/2025\/09\/dumdalsgrotte_bilde3_600.jpg\" \/>\n\t<meta property=\"og:image:width\" content=\"600\" \/>\n\t<meta property=\"og:image:height\" content=\"430\" \/>\n\t<meta property=\"og:image:type\" content=\"image\/jpeg\" \/>\n<meta name=\"twitter:card\" content=\"summary_large_image\" \/>\n<meta name=\"twitter:label1\" content=\"Est. reading time\" \/>\n\t<meta name=\"twitter:data1\" content=\"1 minute\" \/>\n<script type=\"application\/ld+json\" class=\"yoast-schema-graph\">{\"@context\":\"https:\/\/schema.org\",\"@graph\":[{\"@type\":\"WebPage\",\"@id\":\"https:\/\/krossbu.no.webist.no\/en\/activities\/summer-autumn\/cave-tour-in-dumdalen\/\",\"url\":\"https:\/\/krossbu.no.webist.no\/en\/activities\/summer-autumn\/cave-tour-in-dumdalen\/\",\"name\":\"Cave tour in Dumdalen - Krossbu\",\"isPartOf\":{\"@id\":\"https:\/\/krossbu.no.webist.no\/en\/#website\"},\"primaryImageOfPage\":{\"@id\":\"https:\/\/krossbu.no.webist.no\/en\/activities\/summer-autumn\/cave-tour-in-dumdalen\/#primaryimage\"},\"image\":{\"@id\":\"https:\/\/krossbu.no.webist.no\/en\/activities\/summer-autumn\/cave-tour-in-dumdalen\/#primaryimage\"},\"thumbnailUrl\":\"https:\/\/krossbu.no.webist.no\/wp-content\/uploads\/2025\/09\/dumdalsgrotte_bilde3_600.jpg\",\"datePublished\":\"2025-09-19T13:00:53+00:00\",\"dateModified\":\"2026-02-17T10:35:22+00:00\",\"breadcrumb\":{\"@id\":\"https:\/\/krossbu.no.webist.no\/en\/activities\/summer-autumn\/cave-tour-in-dumdalen\/#breadcrumb\"},\"inLanguage\":\"en-US\",\"potentialAction\":[{\"@type\":\"ReadAction\",\"target\":[\"https:\/\/krossbu.no.webist.no\/en\/activities\/summer-autumn\/cave-tour-in-dumdalen\/\"]}]},{\"@type\":\"ImageObject\",\"inLanguage\":\"en-US\",\"@id\":\"https:\/\/krossbu.no.webist.no\/en\/activities\/summer-autumn\/cave-tour-in-dumdalen\/#primaryimage\",\"url\":\"https:\/\/krossbu.no.webist.no\/wp-content\/uploads\/2025\/09\/dumdalsgrotte_bilde3_600.jpg\",\"contentUrl\":\"https:\/\/krossbu.no.webist.no\/wp-content\/uploads\/2025\/09\/dumdalsgrotte_bilde3_600.jpg\",\"width\":600,\"height\":430},{\"@type\":\"BreadcrumbList\",\"@id\":\"https:\/\/krossbu.no.webist.no\/en\/activities\/summer-autumn\/cave-tour-in-dumdalen\/#breadcrumb\",\"itemListElement\":[{\"@type\":\"ListItem\",\"position\":1,\"name\":\"Hjem\",\"item\":\"https:\/\/krossbu.no.webist.no\/en\/\"},{\"@type\":\"ListItem\",\"position\":2,\"name\":\"Activities\",\"item\":\"https:\/\/krossbu.no.webist.no\/en\/activities\/\"},{\"@type\":\"ListItem\",\"position\":3,\"name\":\"Summer\/autumn\",\"item\":\"https:\/\/krossbu.no.webist.no\/en\/activities\/summer-autumn\/\"},{\"@type\":\"ListItem\",\"position\":4,\"name\":\"Cave tour in Dumdalen\"}]},{\"@type\":\"WebSite\",\"@id\":\"https:\/\/krossbu.no.webist.no\/en\/#website\",\"url\":\"https:\/\/krossbu.no.webist.no\/en\/\",\"name\":\"Krossbu prod.side\",\"description\":\"\",\"publisher\":{\"@id\":\"https:\/\/krossbu.no.webist.no\/en\/#organization\"},\"potentialAction\":[{\"@type\":\"SearchAction\",\"target\":{\"@type\":\"EntryPoint\",\"urlTemplate\":\"https:\/\/krossbu.no.webist.no\/en\/?s={search_term_string}\"},\"query-input\":{\"@type\":\"PropertyValueSpecification\",\"valueRequired\":true,\"valueName\":\"search_term_string\"}}],\"inLanguage\":\"en-US\"},{\"@type\":\"Organization\",\"@id\":\"https:\/\/krossbu.no.webist.no\/en\/#organization\",\"name\":\"Krossbu prod.side\",\"url\":\"https:\/\/krossbu.no.webist.no\/en\/\",\"logo\":{\"@type\":\"ImageObject\",\"inLanguage\":\"en-US\",\"@id\":\"https:\/\/krossbu.no.webist.no\/en\/#\/schema\/logo\/image\/\",\"url\":\"\",\"contentUrl\":\"\",\"caption\":\"Krossbu prod.side\"},\"image\":{\"@id\":\"https:\/\/krossbu.no.webist.no\/en\/#\/schema\/logo\/image\/\"},\"sameAs\":[\"https:\/\/www.facebook.com\/krossbuturisthytteas\"]}]}<\/script>\n<!-- \/ Yoast SEO plugin. -->","yoast_head_json":{"title":"Cave tour in Dumdalen - Krossbu","robots":{"index":"noindex","follow":"follow","max-snippet":"max-snippet:-1","max-image-preview":"max-image-preview:large","max-video-preview":"max-video-preview:-1"},"og_locale":"en_US","og_type":"article","og_title":"Cave tour in Dumdalen - Krossbu","og_description":"Tilbake Dumdalsgrottene &#8211; en spennende dagstur Dumdalsgrottene ligger i Dumdalen, rett ved FV55 Sognefjellsvegen, like nedenfor Krossbu ved B\u00f8vertun. Her har elva Dumma i tusenvis av \u00e5r slipt ut spennende ganger og grotter i det kalkrike fjellet. Du finner alt fra store katedral-lignende rom til smale ganger der du m\u00e5 \u00e5le deg gjennom &#8211; ingen&hellip;","og_url":"https:\/\/krossbu.no.webist.no\/en\/activities\/summer-autumn\/cave-tour-in-dumdalen\/","og_site_name":"Krossbu","article_publisher":"https:\/\/www.facebook.com\/krossbuturisthytteas","article_modified_time":"2026-02-17T10:35:22+00:00","og_image":[{"width":600,"height":430,"url":"https:\/\/krossbu.no.webist.no\/wp-content\/uploads\/2025\/09\/dumdalsgrotte_bilde3_600.jpg","type":"image\/jpeg"}],"twitter_card":"summary_large_image","twitter_misc":{"Est. reading time":"1 minute"},"schema":{"@context":"https:\/\/schema.org","@graph":[{"@type":"WebPage","@id":"https:\/\/krossbu.no.webist.no\/en\/activities\/summer-autumn\/cave-tour-in-dumdalen\/","url":"https:\/\/krossbu.no.webist.no\/en\/activities\/summer-autumn\/cave-tour-in-dumdalen\/","name":"Cave tour in Dumdalen - Krossbu","isPartOf":{"@id":"https:\/\/krossbu.no.webist.no\/en\/#website"},"primaryImageOfPage":{"@id":"https:\/\/krossbu.no.webist.no\/en\/activities\/summer-autumn\/cave-tour-in-dumdalen\/#primaryimage"},"image":{"@id":"https:\/\/krossbu.no.webist.no\/en\/activities\/summer-autumn\/cave-tour-in-dumdalen\/#primaryimage"},"thumbnailUrl":"https:\/\/krossbu.no.webist.no\/wp-content\/uploads\/2025\/09\/dumdalsgrotte_bilde3_600.jpg","datePublished":"2025-09-19T13:00:53+00:00","dateModified":"2026-02-17T10:35:22+00:00","breadcrumb":{"@id":"https:\/\/krossbu.no.webist.no\/en\/activities\/summer-autumn\/cave-tour-in-dumdalen\/#breadcrumb"},"inLanguage":"en-US","potentialAction":[{"@type":"ReadAction","target":["https:\/\/krossbu.no.webist.no\/en\/activities\/summer-autumn\/cave-tour-in-dumdalen\/"]}]},{"@type":"ImageObject","inLanguage":"en-US","@id":"https:\/\/krossbu.no.webist.no\/en\/activities\/summer-autumn\/cave-tour-in-dumdalen\/#primaryimage","url":"https:\/\/krossbu.no.webist.no\/wp-content\/uploads\/2025\/09\/dumdalsgrotte_bilde3_600.jpg","contentUrl":"https:\/\/krossbu.no.webist.no\/wp-content\/uploads\/2025\/09\/dumdalsgrotte_bilde3_600.jpg","width":600,"height":430},{"@type":"BreadcrumbList","@id":"https:\/\/krossbu.no.webist.no\/en\/activities\/summer-autumn\/cave-tour-in-dumdalen\/#breadcrumb","itemListElement":[{"@type":"ListItem","position":1,"name":"Hjem","item":"https:\/\/krossbu.no.webist.no\/en\/"},{"@type":"ListItem","position":2,"name":"Activities","item":"https:\/\/krossbu.no.webist.no\/en\/activities\/"},{"@type":"ListItem","position":3,"name":"Summer\/autumn","item":"https:\/\/krossbu.no.webist.no\/en\/activities\/summer-autumn\/"},{"@type":"ListItem","position":4,"name":"Cave tour in Dumdalen"}]},{"@type":"WebSite","@id":"https:\/\/krossbu.no.webist.no\/en\/#website","url":"https:\/\/krossbu.no.webist.no\/en\/","name":"Krossbu prod.side","description":"","publisher":{"@id":"https:\/\/krossbu.no.webist.no\/en\/#organization"},"potentialAction":[{"@type":"SearchAction","target":{"@type":"EntryPoint","urlTemplate":"https:\/\/krossbu.no.webist.no\/en\/?s={search_term_string}"},"query-input":{"@type":"PropertyValueSpecification","valueRequired":true,"valueName":"search_term_string"}}],"inLanguage":"en-US"},{"@type":"Organization","@id":"https:\/\/krossbu.no.webist.no\/en\/#organization","name":"Krossbu prod.side","url":"https:\/\/krossbu.no.webist.no\/en\/","logo":{"@type":"ImageObject","inLanguage":"en-US","@id":"https:\/\/krossbu.no.webist.no\/en\/#\/schema\/logo\/image\/","url":"","contentUrl":"","caption":"Krossbu prod.side"},"image":{"@id":"https:\/\/krossbu.no.webist.no\/en\/#\/schema\/logo\/image\/"},"sameAs":["https:\/\/www.facebook.com\/krossbuturisthytteas"]}]}},"_links":{"self":[{"href":"https:\/\/krossbu.no.webist.no\/en\/wp-json\/wp\/v2\/pages\/1400","targetHints":{"allow":["GET"]}}],"collection":[{"href":"https:\/\/krossbu.no.webist.no\/en\/wp-json\/wp\/v2\/pages"}],"about":[{"href":"https:\/\/krossbu.no.webist.no\/en\/wp-json\/wp\/v2\/types\/page"}],"author":[{"embeddable":true,"href":"https:\/\/krossbu.no.webist.no\/en\/wp-json\/wp\/v2\/users\/2"}],"replies":[{"embeddable":true,"href":"https:\/\/krossbu.no.webist.no\/en\/wp-json\/wp\/v2\/comments?post=1400"}],"version-history":[{"count":1,"href":"https:\/\/krossbu.no.webist.no\/en\/wp-json\/wp\/v2\/pages\/1400\/revisions"}],"predecessor-version":[{"id":1663,"href":"https:\/\/krossbu.no.webist.no\/en\/wp-json\/wp\/v2\/pages\/1400\/revisions\/1663"}],"up":[{"embeddable":true,"href":"https:\/\/krossbu.no.webist.no\/en\/wp-json\/wp\/v2\/pages\/1380"}],"wp:featuredmedia":[{"embeddable":true,"href":"https:\/\/krossbu.no.webist.no\/en\/wp-json\/wp\/v2\/media\/1399"}],"wp:attachment":[{"href":"https:\/\/krossbu.no.webist.no\/en\/wp-json\/wp\/v2\/media?parent=1400"}],"curies":[{"name":"wp","href":"https:\/\/api.w.org\/{rel}","templated":true}]}}