{"id":1397,"date":"2026-01-29T09:04:23","date_gmt":"2026-01-29T09:04:23","guid":{"rendered":"https:\/\/krossbu.no\/galdhopiggen\/"},"modified":"2026-02-18T11:59:14","modified_gmt":"2026-02-18T11:59:14","slug":"galdhopiggen","status":"publish","type":"page","link":"https:\/\/krossbu.no.webist.no\/en\/activities\/summer-autumn\/summit-walks\/galdhopiggen\/","title":{"rendered":"Galdh\u00f8piggen"},"content":{"rendered":"\n<h4>\n\t\t<a href=\"\/en\/activities\/summer-autumn\/summit-walks\/\" title=\"Back\"  target=\"_self\">\n\t\t\tBack\t\t<\/a>\n\t<\/h4>\n<h1>\n\t\t\tGaldh\u00f8piggen\t<\/h1>\n\t<p>Galdh\u00f8piggen rises to 2,469 metres above sea level and is the highest mountain on mainland Norway, in Scandinavia, and in Northern Europe. From Krossbu, you have easy access to the main starting points for the summit hike:<\/p>\n<p>\u2022 Juvasshytta: approx. 45 minutes by car<br \/>\u2022 Spiterstulen: approx. 55 minutes by car<\/p>\nFrom Juvasshytta, a guided glacier crossing is required to reach the summit, while the route from Spiterstulen can be completed independently without crossing a glacier.<br \/>A hike to Galdh\u00f8piggen is a true high-mountain adventure, offering breathtaking views, a sense of achievement, and the unforgettable experience of standing on the very top of Norway. A must-do for mountain lovers visiting the region.<br \/>\n<a href=\"https:\/\/ut.no\/turforslag\/1115743\/topptur-til-galdhpiggen-fra-spiterstulen\" target=\"_blank\" rel=\"noopener\">Summit hike to Galdh\u00f8piggen from Spiterstulen (ut.no)<\/a><br \/>\n<a href=\"https:\/\/ut.no\/turforslag\/116788\/galdhpiggen-2469-moh-til-topps-pa-norges-tak\" target=\"_blank\" rel=\"noopener\">Galdh\u00f8piggen (2469 moh) &#8211; to the top of Norway&#8217;s roof (ut.no)<\/a>\n<p>&nbsp;<\/p>\n<p>&nbsp;<\/p>\n\tIt is also possible to walk from Elves\u00e6ter up Br\u00e5n\u00e5vegen, a slightly less well-known route up to Galdh\u00f8piggen.<br \/>\nFrom Krossbu to Elves\u00e6ter it takes approx. 19 min. by car. \nHere you can read about the trip Bj\u00f8rn Lytskjold and three friends had in December 2020:<br \/>\n<a href=\"https:\/\/lytskjold.blogspot.com\/2020\/12\/hvite-dager-i-desember-fra-elvester-til.html\" target=\"_blank\" rel=\"noopener\">White days in December from Elves\u00e6ter to Galdh\u00f8piggen<\/a>\n\t\t\t<p><strong>Highest point:<\/strong> 2469 masl<\/p>\n<p><strong>Difficulty:<\/strong> Easy &#8211; moderate<\/p>\n<p><strong>Season: <\/strong>Summer (July-September) \/ Spring ski trip (May-June)<\/p>\n<p>A trip that requires glacier equipment and knowledge &#8211; possibly a guide, if you leave from Juvasshytta. <\/p>\n\t\t\t<a href=\"javascript:void(0)\" title=\"Facts about the peak\" target=\"_self\"  data-modal=  role=\"button\" aria-label=\"Facts about the peak\">\n\t\t\t\t\t\t\t\t\t\t\tFacts about the peak\n\t\t<\/a>\n<figure itemscope itemtype=\"https:\/\/schema.org\/ImageObject\">\n\t\t\t\t<img decoding=\"async\" src=\"https:\/\/krossbu.no.webist.no\/wp-content\/uploads\/2025\/09\/DSCN2455-scaled.jpg\" alt=\"DSCN2455\" height=\"1920\" width=\"2560\" title=\"DSCN2455\" onerror=\"this.style.display='none'\" loading=\"lazy\" \/>\n\t<\/figure>\n<figure itemscope itemtype=\"https:\/\/schema.org\/ImageObject\">\n\t\t\t\t<img decoding=\"async\" src=\"https:\/\/krossbu.no.webist.no\/wp-content\/uploads\/2025\/09\/dobbeltrom_champagne_1100x600-scaled-1.jpg\" alt=\"double-room_champagne_1100x600-scaled\" height=\"1397\" width=\"2560\" title=\"double-room_champagne_1100x600-scaled\" onerror=\"this.style.display='none'\" loading=\"lazy\" \/>\n\t<\/figure>\n<h2>\n\t\t\tAccommodation and meals\t<\/h2>\n\t<p>Krossbu is perfectly located for mountain hikes in Sm\u00f8rstabbtindane. We offer comfortable accommodation, homemade food and a great atmosphere after a long day in the mountains. Here you can recharge, relax and meet other mountain people.<\/p>\n\t\t\t<a href=\"https:\/\/krossbu.no.webist.no\/en\/accommodation\/\"  target=\"_self\">\n\t\t\t\t\t\t\tBooking\n\t\t\t\t\t<\/a>\n\n","protected":false},"excerpt":{"rendered":"<p>Back Galdh\u00f8piggen Galdh\u00f8piggen rises to 2,469 metres above sea level and is the highest mountain on mainland Norway, in Scandinavia, and in Northern Europe. From Krossbu, you have easy access to the main starting points for the summit hike: \u2022 Juvasshytta: approx. 45 minutes by car\u2022 Spiterstulen: approx. 55 minutes by car From Juvasshytta, a&hellip;<\/p>\n","protected":false},"author":2,"featured_media":1396,"parent":1484,"menu_order":0,"comment_status":"closed","ping_status":"closed","template":"","meta":{"footnotes":""},"class_list":["post-1397","page","type-page","status-publish","has-post-thumbnail","hentry"],"yoast_head":"<!-- This site is optimized with the Yoast SEO plugin v27.1.1 - https:\/\/yoast.com\/product\/yoast-seo-wordpress\/ -->\n<title>Galdh\u00f8piggen - Krossbu<\/title>\n<meta name=\"robots\" content=\"noindex, follow, max-snippet:-1, max-image-preview:large, max-video-preview:-1\" \/>\n<meta property=\"og:locale\" content=\"en_US\" \/>\n<meta property=\"og:type\" content=\"article\" \/>\n<meta property=\"og:title\" content=\"Galdh\u00f8piggen - Krossbu\" \/>\n<meta property=\"og:description\" content=\"Back Galdh\u00f8piggen Galdh\u00f8piggen rises to 2,469 metres above sea level and is the highest mountain on mainland Norway, in Scandinavia, and in Northern Europe. From Krossbu, you have easy access to the main starting points for the summit hike: \u2022 Juvasshytta: approx. 45 minutes by car\u2022 Spiterstulen: approx. 55 minutes by car From Juvasshytta, a&hellip;\" \/>\n<meta property=\"og:url\" content=\"https:\/\/krossbu.no.webist.no\/en\/activities\/summer-autumn\/summit-walks\/galdhopiggen\/\" \/>\n<meta property=\"og:site_name\" content=\"Krossbu\" \/>\n<meta property=\"article:publisher\" content=\"https:\/\/www.facebook.com\/krossbuturisthytteas\" \/>\n<meta property=\"article:modified_time\" content=\"2026-02-18T11:59:14+00:00\" \/>\n<meta property=\"og:image\" content=\"https:\/\/krossbu.no.webist.no\/wp-content\/uploads\/2025\/09\/DSC_0139-scaled.jpg\" \/>\n\t<meta property=\"og:image:width\" content=\"2560\" \/>\n\t<meta property=\"og:image:height\" content=\"1440\" \/>\n\t<meta property=\"og:image:type\" content=\"image\/jpeg\" \/>\n<meta name=\"twitter:card\" content=\"summary_large_image\" \/>\n<meta name=\"twitter:label1\" content=\"Est. reading time\" \/>\n\t<meta name=\"twitter:data1\" content=\"2 minutes\" \/>\n<script type=\"application\/ld+json\" class=\"yoast-schema-graph\">{\"@context\":\"https:\/\/schema.org\",\"@graph\":[{\"@type\":\"WebPage\",\"@id\":\"https:\/\/krossbu.no.webist.no\/en\/activities\/summer-autumn\/summit-walks\/galdhopiggen\/\",\"url\":\"https:\/\/krossbu.no.webist.no\/en\/activities\/summer-autumn\/summit-walks\/galdhopiggen\/\",\"name\":\"Galdh\u00f8piggen - Krossbu\",\"isPartOf\":{\"@id\":\"https:\/\/krossbu.no.webist.no\/en\/#website\"},\"primaryImageOfPage\":{\"@id\":\"https:\/\/krossbu.no.webist.no\/en\/activities\/summer-autumn\/summit-walks\/galdhopiggen\/#primaryimage\"},\"image\":{\"@id\":\"https:\/\/krossbu.no.webist.no\/en\/activities\/summer-autumn\/summit-walks\/galdhopiggen\/#primaryimage\"},\"thumbnailUrl\":\"https:\/\/krossbu.no.webist.no\/wp-content\/uploads\/2025\/09\/DSC_0139-scaled.jpg\",\"datePublished\":\"2026-01-29T09:04:23+00:00\",\"dateModified\":\"2026-02-18T11:59:14+00:00\",\"breadcrumb\":{\"@id\":\"https:\/\/krossbu.no.webist.no\/en\/activities\/summer-autumn\/summit-walks\/galdhopiggen\/#breadcrumb\"},\"inLanguage\":\"en-US\",\"potentialAction\":[{\"@type\":\"ReadAction\",\"target\":[\"https:\/\/krossbu.no.webist.no\/en\/activities\/summer-autumn\/summit-walks\/galdhopiggen\/\"]}]},{\"@type\":\"ImageObject\",\"inLanguage\":\"en-US\",\"@id\":\"https:\/\/krossbu.no.webist.no\/en\/activities\/summer-autumn\/summit-walks\/galdhopiggen\/#primaryimage\",\"url\":\"https:\/\/krossbu.no.webist.no\/wp-content\/uploads\/2025\/09\/DSC_0139-scaled.jpg\",\"contentUrl\":\"https:\/\/krossbu.no.webist.no\/wp-content\/uploads\/2025\/09\/DSC_0139-scaled.jpg\",\"width\":2560,\"height\":1440},{\"@type\":\"BreadcrumbList\",\"@id\":\"https:\/\/krossbu.no.webist.no\/en\/activities\/summer-autumn\/summit-walks\/galdhopiggen\/#breadcrumb\",\"itemListElement\":[{\"@type\":\"ListItem\",\"position\":1,\"name\":\"Hjem\",\"item\":\"https:\/\/krossbu.no.webist.no\/en\/\"},{\"@type\":\"ListItem\",\"position\":2,\"name\":\"Activities\",\"item\":\"https:\/\/krossbu.no.webist.no\/en\/activities\/\"},{\"@type\":\"ListItem\",\"position\":3,\"name\":\"Summer\/autumn\",\"item\":\"https:\/\/krossbu.no.webist.no\/en\/activities\/summer-autumn\/\"},{\"@type\":\"ListItem\",\"position\":4,\"name\":\"Summit Walks\",\"item\":\"https:\/\/krossbu.no.webist.no\/en\/activities\/summer-autumn\/summit-walks\/\"},{\"@type\":\"ListItem\",\"position\":5,\"name\":\"Galdh\u00f8piggen\"}]},{\"@type\":\"WebSite\",\"@id\":\"https:\/\/krossbu.no.webist.no\/en\/#website\",\"url\":\"https:\/\/krossbu.no.webist.no\/en\/\",\"name\":\"Krossbu prod.side\",\"description\":\"\",\"publisher\":{\"@id\":\"https:\/\/krossbu.no.webist.no\/en\/#organization\"},\"potentialAction\":[{\"@type\":\"SearchAction\",\"target\":{\"@type\":\"EntryPoint\",\"urlTemplate\":\"https:\/\/krossbu.no.webist.no\/en\/?s={search_term_string}\"},\"query-input\":{\"@type\":\"PropertyValueSpecification\",\"valueRequired\":true,\"valueName\":\"search_term_string\"}}],\"inLanguage\":\"en-US\"},{\"@type\":\"Organization\",\"@id\":\"https:\/\/krossbu.no.webist.no\/en\/#organization\",\"name\":\"Krossbu prod.side\",\"url\":\"https:\/\/krossbu.no.webist.no\/en\/\",\"logo\":{\"@type\":\"ImageObject\",\"inLanguage\":\"en-US\",\"@id\":\"https:\/\/krossbu.no.webist.no\/en\/#\/schema\/logo\/image\/\",\"url\":\"\",\"contentUrl\":\"\",\"caption\":\"Krossbu prod.side\"},\"image\":{\"@id\":\"https:\/\/krossbu.no.webist.no\/en\/#\/schema\/logo\/image\/\"},\"sameAs\":[\"https:\/\/www.facebook.com\/krossbuturisthytteas\"]}]}<\/script>\n<!-- \/ Yoast SEO plugin. -->","yoast_head_json":{"title":"Galdh\u00f8piggen - Krossbu","robots":{"index":"noindex","follow":"follow","max-snippet":"max-snippet:-1","max-image-preview":"max-image-preview:large","max-video-preview":"max-video-preview:-1"},"og_locale":"en_US","og_type":"article","og_title":"Galdh\u00f8piggen - Krossbu","og_description":"Back Galdh\u00f8piggen Galdh\u00f8piggen rises to 2,469 metres above sea level and is the highest mountain on mainland Norway, in Scandinavia, and in Northern Europe. From Krossbu, you have easy access to the main starting points for the summit hike: \u2022 Juvasshytta: approx. 45 minutes by car\u2022 Spiterstulen: approx. 55 minutes by car From Juvasshytta, a&hellip;","og_url":"https:\/\/krossbu.no.webist.no\/en\/activities\/summer-autumn\/summit-walks\/galdhopiggen\/","og_site_name":"Krossbu","article_publisher":"https:\/\/www.facebook.com\/krossbuturisthytteas","article_modified_time":"2026-02-18T11:59:14+00:00","og_image":[{"width":2560,"height":1440,"url":"https:\/\/krossbu.no.webist.no\/wp-content\/uploads\/2025\/09\/DSC_0139-scaled.jpg","type":"image\/jpeg"}],"twitter_card":"summary_large_image","twitter_misc":{"Est. reading time":"2 minutes"},"schema":{"@context":"https:\/\/schema.org","@graph":[{"@type":"WebPage","@id":"https:\/\/krossbu.no.webist.no\/en\/activities\/summer-autumn\/summit-walks\/galdhopiggen\/","url":"https:\/\/krossbu.no.webist.no\/en\/activities\/summer-autumn\/summit-walks\/galdhopiggen\/","name":"Galdh\u00f8piggen - Krossbu","isPartOf":{"@id":"https:\/\/krossbu.no.webist.no\/en\/#website"},"primaryImageOfPage":{"@id":"https:\/\/krossbu.no.webist.no\/en\/activities\/summer-autumn\/summit-walks\/galdhopiggen\/#primaryimage"},"image":{"@id":"https:\/\/krossbu.no.webist.no\/en\/activities\/summer-autumn\/summit-walks\/galdhopiggen\/#primaryimage"},"thumbnailUrl":"https:\/\/krossbu.no.webist.no\/wp-content\/uploads\/2025\/09\/DSC_0139-scaled.jpg","datePublished":"2026-01-29T09:04:23+00:00","dateModified":"2026-02-18T11:59:14+00:00","breadcrumb":{"@id":"https:\/\/krossbu.no.webist.no\/en\/activities\/summer-autumn\/summit-walks\/galdhopiggen\/#breadcrumb"},"inLanguage":"en-US","potentialAction":[{"@type":"ReadAction","target":["https:\/\/krossbu.no.webist.no\/en\/activities\/summer-autumn\/summit-walks\/galdhopiggen\/"]}]},{"@type":"ImageObject","inLanguage":"en-US","@id":"https:\/\/krossbu.no.webist.no\/en\/activities\/summer-autumn\/summit-walks\/galdhopiggen\/#primaryimage","url":"https:\/\/krossbu.no.webist.no\/wp-content\/uploads\/2025\/09\/DSC_0139-scaled.jpg","contentUrl":"https:\/\/krossbu.no.webist.no\/wp-content\/uploads\/2025\/09\/DSC_0139-scaled.jpg","width":2560,"height":1440},{"@type":"BreadcrumbList","@id":"https:\/\/krossbu.no.webist.no\/en\/activities\/summer-autumn\/summit-walks\/galdhopiggen\/#breadcrumb","itemListElement":[{"@type":"ListItem","position":1,"name":"Hjem","item":"https:\/\/krossbu.no.webist.no\/en\/"},{"@type":"ListItem","position":2,"name":"Activities","item":"https:\/\/krossbu.no.webist.no\/en\/activities\/"},{"@type":"ListItem","position":3,"name":"Summer\/autumn","item":"https:\/\/krossbu.no.webist.no\/en\/activities\/summer-autumn\/"},{"@type":"ListItem","position":4,"name":"Summit Walks","item":"https:\/\/krossbu.no.webist.no\/en\/activities\/summer-autumn\/summit-walks\/"},{"@type":"ListItem","position":5,"name":"Galdh\u00f8piggen"}]},{"@type":"WebSite","@id":"https:\/\/krossbu.no.webist.no\/en\/#website","url":"https:\/\/krossbu.no.webist.no\/en\/","name":"Krossbu prod.side","description":"","publisher":{"@id":"https:\/\/krossbu.no.webist.no\/en\/#organization"},"potentialAction":[{"@type":"SearchAction","target":{"@type":"EntryPoint","urlTemplate":"https:\/\/krossbu.no.webist.no\/en\/?s={search_term_string}"},"query-input":{"@type":"PropertyValueSpecification","valueRequired":true,"valueName":"search_term_string"}}],"inLanguage":"en-US"},{"@type":"Organization","@id":"https:\/\/krossbu.no.webist.no\/en\/#organization","name":"Krossbu prod.side","url":"https:\/\/krossbu.no.webist.no\/en\/","logo":{"@type":"ImageObject","inLanguage":"en-US","@id":"https:\/\/krossbu.no.webist.no\/en\/#\/schema\/logo\/image\/","url":"","contentUrl":"","caption":"Krossbu prod.side"},"image":{"@id":"https:\/\/krossbu.no.webist.no\/en\/#\/schema\/logo\/image\/"},"sameAs":["https:\/\/www.facebook.com\/krossbuturisthytteas"]}]}},"_links":{"self":[{"href":"https:\/\/krossbu.no.webist.no\/en\/wp-json\/wp\/v2\/pages\/1397","targetHints":{"allow":["GET"]}}],"collection":[{"href":"https:\/\/krossbu.no.webist.no\/en\/wp-json\/wp\/v2\/pages"}],"about":[{"href":"https:\/\/krossbu.no.webist.no\/en\/wp-json\/wp\/v2\/types\/page"}],"author":[{"embeddable":true,"href":"https:\/\/krossbu.no.webist.no\/en\/wp-json\/wp\/v2\/users\/2"}],"replies":[{"embeddable":true,"href":"https:\/\/krossbu.no.webist.no\/en\/wp-json\/wp\/v2\/comments?post=1397"}],"version-history":[{"count":3,"href":"https:\/\/krossbu.no.webist.no\/en\/wp-json\/wp\/v2\/pages\/1397\/revisions"}],"predecessor-version":[{"id":1808,"href":"https:\/\/krossbu.no.webist.no\/en\/wp-json\/wp\/v2\/pages\/1397\/revisions\/1808"}],"up":[{"embeddable":true,"href":"https:\/\/krossbu.no.webist.no\/en\/wp-json\/wp\/v2\/pages\/1484"}],"wp:featuredmedia":[{"embeddable":true,"href":"https:\/\/krossbu.no.webist.no\/en\/wp-json\/wp\/v2\/media\/1396"}],"wp:attachment":[{"href":"https:\/\/krossbu.no.webist.no\/en\/wp-json\/wp\/v2\/media?parent=1397"}],"curies":[{"name":"wp","href":"https:\/\/api.w.org\/{rel}","templated":true}]}}