{"id":1391,"date":"2025-09-19T12:00:45","date_gmt":"2025-09-19T12:00:45","guid":{"rendered":"https:\/\/krossbu.no\/activities\/summer-autumn\/fishing-trips-in-jotunheimen\/"},"modified":"2026-02-17T10:34:40","modified_gmt":"2026-02-17T10:34:40","slug":"fishing-trips-in-jotunheimen","status":"publish","type":"page","link":"https:\/\/krossbu.no.webist.no\/en\/activities\/summer-autumn\/fishing-trips-in-jotunheimen\/","title":{"rendered":"Fishing Trips in Jotunheimen"},"content":{"rendered":"\n<h4>\n\t\t<a href=\"\/sommer\/#topp\" title=\"Tilbake\"  target=\"_self\">\n\t\t\tTilbake\t\t<\/a>\n\t<\/h4>\n<h1>\n\t\t\tFiske i Jotunheimen\t<\/h1>\n\t<p>Omr\u00e5det rundt Krossbu byr p\u00e5 fantastiske fiskemuligheter i h\u00f8yalpine innsj\u00f8er og fjellvann. Her kan du kombinere fiskelykke med storsl\u00e5tte naturopplevelser i rolig fjellterreng.<\/p>\n\t<p>Rundt Krossbu finnes det mange sm\u00e5 og store fjellvann, ideelle for b\u00e5de nybegynnere og erfarne fiskere. Fiskesesongen starter n\u00e5r isen har g\u00e5tt, vanligvis fra midten til slutten av juli og ut august, avhengig av v\u00e6r og sn\u00f8forhold.<\/p>\n<figure itemscope itemtype=\"https:\/\/schema.org\/ImageObject\">\n\t\t\t\t<img decoding=\"async\" src=\"https:\/\/krossbu.no.webist.no\/wp-content\/uploads\/2025\/09\/fiskevann_bilde1_1100.jpg\" alt=\"fiskevann_bilde1_1100\" height=\"702\" width=\"1100\" title=\"fiskevann_bilde1_1100\" onerror=\"this.style.display='none'\" loading=\"lazy\" \/>\n\t<\/figure>\n<h2>\n\t\t\tFlere aktiviteter\t<\/h2>\n\n","protected":false},"excerpt":{"rendered":"<p>Tilbake Fiske i Jotunheimen Omr\u00e5det rundt Krossbu byr p\u00e5 fantastiske fiskemuligheter i h\u00f8yalpine innsj\u00f8er og fjellvann. Her kan du kombinere fiskelykke med storsl\u00e5tte naturopplevelser i rolig fjellterreng. Rundt Krossbu finnes det mange sm\u00e5 og store fjellvann, ideelle for b\u00e5de nybegynnere og erfarne fiskere. Fiskesesongen starter n\u00e5r isen har g\u00e5tt, vanligvis fra midten til slutten av&hellip;<\/p>\n","protected":false},"author":2,"featured_media":1390,"parent":1380,"menu_order":0,"comment_status":"closed","ping_status":"closed","template":"","meta":{"footnotes":""},"class_list":["post-1391","page","type-page","status-publish","has-post-thumbnail","hentry"],"yoast_head":"<!-- This site is optimized with the Yoast SEO plugin v27.1.1 - https:\/\/yoast.com\/product\/yoast-seo-wordpress\/ -->\n<title>Fishing Trips in Jotunheimen - Krossbu<\/title>\n<meta name=\"robots\" content=\"noindex, follow, max-snippet:-1, max-image-preview:large, max-video-preview:-1\" \/>\n<meta property=\"og:locale\" content=\"en_US\" \/>\n<meta property=\"og:type\" content=\"article\" \/>\n<meta property=\"og:title\" content=\"Fishing Trips in Jotunheimen - Krossbu\" \/>\n<meta property=\"og:description\" content=\"Tilbake Fiske i Jotunheimen Omr\u00e5det rundt Krossbu byr p\u00e5 fantastiske fiskemuligheter i h\u00f8yalpine innsj\u00f8er og fjellvann. Her kan du kombinere fiskelykke med storsl\u00e5tte naturopplevelser i rolig fjellterreng. Rundt Krossbu finnes det mange sm\u00e5 og store fjellvann, ideelle for b\u00e5de nybegynnere og erfarne fiskere. Fiskesesongen starter n\u00e5r isen har g\u00e5tt, vanligvis fra midten til slutten av&hellip;\" \/>\n<meta property=\"og:url\" content=\"https:\/\/krossbu.no.webist.no\/en\/activities\/summer-autumn\/fishing-trips-in-jotunheimen\/\" \/>\n<meta property=\"og:site_name\" content=\"Krossbu\" \/>\n<meta property=\"article:publisher\" content=\"https:\/\/www.facebook.com\/krossbuturisthytteas\" \/>\n<meta property=\"article:modified_time\" content=\"2026-02-17T10:34:40+00:00\" \/>\n<meta property=\"og:image\" content=\"https:\/\/krossbu.no.webist.no\/wp-content\/uploads\/2025\/09\/fiskevann_bilde2_1100.jpg\" \/>\n\t<meta property=\"og:image:width\" content=\"1102\" \/>\n\t<meta property=\"og:image:height\" content=\"703\" \/>\n\t<meta property=\"og:image:type\" content=\"image\/jpeg\" \/>\n<meta name=\"twitter:card\" content=\"summary_large_image\" \/>\n<script type=\"application\/ld+json\" class=\"yoast-schema-graph\">{\"@context\":\"https:\/\/schema.org\",\"@graph\":[{\"@type\":\"WebPage\",\"@id\":\"https:\/\/krossbu.no.webist.no\/en\/activities\/summer-autumn\/fishing-trips-in-jotunheimen\/\",\"url\":\"https:\/\/krossbu.no.webist.no\/en\/activities\/summer-autumn\/fishing-trips-in-jotunheimen\/\",\"name\":\"Fishing Trips in Jotunheimen - Krossbu\",\"isPartOf\":{\"@id\":\"https:\/\/krossbu.no.webist.no\/en\/#website\"},\"primaryImageOfPage\":{\"@id\":\"https:\/\/krossbu.no.webist.no\/en\/activities\/summer-autumn\/fishing-trips-in-jotunheimen\/#primaryimage\"},\"image\":{\"@id\":\"https:\/\/krossbu.no.webist.no\/en\/activities\/summer-autumn\/fishing-trips-in-jotunheimen\/#primaryimage\"},\"thumbnailUrl\":\"https:\/\/krossbu.no.webist.no\/wp-content\/uploads\/2025\/09\/fiskevann_bilde2_1100.jpg\",\"datePublished\":\"2025-09-19T12:00:45+00:00\",\"dateModified\":\"2026-02-17T10:34:40+00:00\",\"breadcrumb\":{\"@id\":\"https:\/\/krossbu.no.webist.no\/en\/activities\/summer-autumn\/fishing-trips-in-jotunheimen\/#breadcrumb\"},\"inLanguage\":\"en-US\",\"potentialAction\":[{\"@type\":\"ReadAction\",\"target\":[\"https:\/\/krossbu.no.webist.no\/en\/activities\/summer-autumn\/fishing-trips-in-jotunheimen\/\"]}]},{\"@type\":\"ImageObject\",\"inLanguage\":\"en-US\",\"@id\":\"https:\/\/krossbu.no.webist.no\/en\/activities\/summer-autumn\/fishing-trips-in-jotunheimen\/#primaryimage\",\"url\":\"https:\/\/krossbu.no.webist.no\/wp-content\/uploads\/2025\/09\/fiskevann_bilde2_1100.jpg\",\"contentUrl\":\"https:\/\/krossbu.no.webist.no\/wp-content\/uploads\/2025\/09\/fiskevann_bilde2_1100.jpg\",\"width\":1102,\"height\":703},{\"@type\":\"BreadcrumbList\",\"@id\":\"https:\/\/krossbu.no.webist.no\/en\/activities\/summer-autumn\/fishing-trips-in-jotunheimen\/#breadcrumb\",\"itemListElement\":[{\"@type\":\"ListItem\",\"position\":1,\"name\":\"Hjem\",\"item\":\"https:\/\/krossbu.no.webist.no\/en\/\"},{\"@type\":\"ListItem\",\"position\":2,\"name\":\"Activities\",\"item\":\"https:\/\/krossbu.no.webist.no\/en\/activities\/\"},{\"@type\":\"ListItem\",\"position\":3,\"name\":\"Summer\/autumn\",\"item\":\"https:\/\/krossbu.no.webist.no\/en\/activities\/summer-autumn\/\"},{\"@type\":\"ListItem\",\"position\":4,\"name\":\"Fishing Trips in Jotunheimen\"}]},{\"@type\":\"WebSite\",\"@id\":\"https:\/\/krossbu.no.webist.no\/en\/#website\",\"url\":\"https:\/\/krossbu.no.webist.no\/en\/\",\"name\":\"Krossbu prod.side\",\"description\":\"\",\"publisher\":{\"@id\":\"https:\/\/krossbu.no.webist.no\/en\/#organization\"},\"potentialAction\":[{\"@type\":\"SearchAction\",\"target\":{\"@type\":\"EntryPoint\",\"urlTemplate\":\"https:\/\/krossbu.no.webist.no\/en\/?s={search_term_string}\"},\"query-input\":{\"@type\":\"PropertyValueSpecification\",\"valueRequired\":true,\"valueName\":\"search_term_string\"}}],\"inLanguage\":\"en-US\"},{\"@type\":\"Organization\",\"@id\":\"https:\/\/krossbu.no.webist.no\/en\/#organization\",\"name\":\"Krossbu prod.side\",\"url\":\"https:\/\/krossbu.no.webist.no\/en\/\",\"logo\":{\"@type\":\"ImageObject\",\"inLanguage\":\"en-US\",\"@id\":\"https:\/\/krossbu.no.webist.no\/en\/#\/schema\/logo\/image\/\",\"url\":\"\",\"contentUrl\":\"\",\"caption\":\"Krossbu prod.side\"},\"image\":{\"@id\":\"https:\/\/krossbu.no.webist.no\/en\/#\/schema\/logo\/image\/\"},\"sameAs\":[\"https:\/\/www.facebook.com\/krossbuturisthytteas\"]}]}<\/script>\n<!-- \/ Yoast SEO plugin. -->","yoast_head_json":{"title":"Fishing Trips in Jotunheimen - Krossbu","robots":{"index":"noindex","follow":"follow","max-snippet":"max-snippet:-1","max-image-preview":"max-image-preview:large","max-video-preview":"max-video-preview:-1"},"og_locale":"en_US","og_type":"article","og_title":"Fishing Trips in Jotunheimen - Krossbu","og_description":"Tilbake Fiske i Jotunheimen Omr\u00e5det rundt Krossbu byr p\u00e5 fantastiske fiskemuligheter i h\u00f8yalpine innsj\u00f8er og fjellvann. Her kan du kombinere fiskelykke med storsl\u00e5tte naturopplevelser i rolig fjellterreng. Rundt Krossbu finnes det mange sm\u00e5 og store fjellvann, ideelle for b\u00e5de nybegynnere og erfarne fiskere. Fiskesesongen starter n\u00e5r isen har g\u00e5tt, vanligvis fra midten til slutten av&hellip;","og_url":"https:\/\/krossbu.no.webist.no\/en\/activities\/summer-autumn\/fishing-trips-in-jotunheimen\/","og_site_name":"Krossbu","article_publisher":"https:\/\/www.facebook.com\/krossbuturisthytteas","article_modified_time":"2026-02-17T10:34:40+00:00","og_image":[{"width":1102,"height":703,"url":"https:\/\/krossbu.no.webist.no\/wp-content\/uploads\/2025\/09\/fiskevann_bilde2_1100.jpg","type":"image\/jpeg"}],"twitter_card":"summary_large_image","schema":{"@context":"https:\/\/schema.org","@graph":[{"@type":"WebPage","@id":"https:\/\/krossbu.no.webist.no\/en\/activities\/summer-autumn\/fishing-trips-in-jotunheimen\/","url":"https:\/\/krossbu.no.webist.no\/en\/activities\/summer-autumn\/fishing-trips-in-jotunheimen\/","name":"Fishing Trips in Jotunheimen - Krossbu","isPartOf":{"@id":"https:\/\/krossbu.no.webist.no\/en\/#website"},"primaryImageOfPage":{"@id":"https:\/\/krossbu.no.webist.no\/en\/activities\/summer-autumn\/fishing-trips-in-jotunheimen\/#primaryimage"},"image":{"@id":"https:\/\/krossbu.no.webist.no\/en\/activities\/summer-autumn\/fishing-trips-in-jotunheimen\/#primaryimage"},"thumbnailUrl":"https:\/\/krossbu.no.webist.no\/wp-content\/uploads\/2025\/09\/fiskevann_bilde2_1100.jpg","datePublished":"2025-09-19T12:00:45+00:00","dateModified":"2026-02-17T10:34:40+00:00","breadcrumb":{"@id":"https:\/\/krossbu.no.webist.no\/en\/activities\/summer-autumn\/fishing-trips-in-jotunheimen\/#breadcrumb"},"inLanguage":"en-US","potentialAction":[{"@type":"ReadAction","target":["https:\/\/krossbu.no.webist.no\/en\/activities\/summer-autumn\/fishing-trips-in-jotunheimen\/"]}]},{"@type":"ImageObject","inLanguage":"en-US","@id":"https:\/\/krossbu.no.webist.no\/en\/activities\/summer-autumn\/fishing-trips-in-jotunheimen\/#primaryimage","url":"https:\/\/krossbu.no.webist.no\/wp-content\/uploads\/2025\/09\/fiskevann_bilde2_1100.jpg","contentUrl":"https:\/\/krossbu.no.webist.no\/wp-content\/uploads\/2025\/09\/fiskevann_bilde2_1100.jpg","width":1102,"height":703},{"@type":"BreadcrumbList","@id":"https:\/\/krossbu.no.webist.no\/en\/activities\/summer-autumn\/fishing-trips-in-jotunheimen\/#breadcrumb","itemListElement":[{"@type":"ListItem","position":1,"name":"Hjem","item":"https:\/\/krossbu.no.webist.no\/en\/"},{"@type":"ListItem","position":2,"name":"Activities","item":"https:\/\/krossbu.no.webist.no\/en\/activities\/"},{"@type":"ListItem","position":3,"name":"Summer\/autumn","item":"https:\/\/krossbu.no.webist.no\/en\/activities\/summer-autumn\/"},{"@type":"ListItem","position":4,"name":"Fishing Trips in Jotunheimen"}]},{"@type":"WebSite","@id":"https:\/\/krossbu.no.webist.no\/en\/#website","url":"https:\/\/krossbu.no.webist.no\/en\/","name":"Krossbu prod.side","description":"","publisher":{"@id":"https:\/\/krossbu.no.webist.no\/en\/#organization"},"potentialAction":[{"@type":"SearchAction","target":{"@type":"EntryPoint","urlTemplate":"https:\/\/krossbu.no.webist.no\/en\/?s={search_term_string}"},"query-input":{"@type":"PropertyValueSpecification","valueRequired":true,"valueName":"search_term_string"}}],"inLanguage":"en-US"},{"@type":"Organization","@id":"https:\/\/krossbu.no.webist.no\/en\/#organization","name":"Krossbu prod.side","url":"https:\/\/krossbu.no.webist.no\/en\/","logo":{"@type":"ImageObject","inLanguage":"en-US","@id":"https:\/\/krossbu.no.webist.no\/en\/#\/schema\/logo\/image\/","url":"","contentUrl":"","caption":"Krossbu prod.side"},"image":{"@id":"https:\/\/krossbu.no.webist.no\/en\/#\/schema\/logo\/image\/"},"sameAs":["https:\/\/www.facebook.com\/krossbuturisthytteas"]}]}},"_links":{"self":[{"href":"https:\/\/krossbu.no.webist.no\/en\/wp-json\/wp\/v2\/pages\/1391","targetHints":{"allow":["GET"]}}],"collection":[{"href":"https:\/\/krossbu.no.webist.no\/en\/wp-json\/wp\/v2\/pages"}],"about":[{"href":"https:\/\/krossbu.no.webist.no\/en\/wp-json\/wp\/v2\/types\/page"}],"author":[{"embeddable":true,"href":"https:\/\/krossbu.no.webist.no\/en\/wp-json\/wp\/v2\/users\/2"}],"replies":[{"embeddable":true,"href":"https:\/\/krossbu.no.webist.no\/en\/wp-json\/wp\/v2\/comments?post=1391"}],"version-history":[{"count":2,"href":"https:\/\/krossbu.no.webist.no\/en\/wp-json\/wp\/v2\/pages\/1391\/revisions"}],"predecessor-version":[{"id":1660,"href":"https:\/\/krossbu.no.webist.no\/en\/wp-json\/wp\/v2\/pages\/1391\/revisions\/1660"}],"up":[{"embeddable":true,"href":"https:\/\/krossbu.no.webist.no\/en\/wp-json\/wp\/v2\/pages\/1380"}],"wp:featuredmedia":[{"embeddable":true,"href":"https:\/\/krossbu.no.webist.no\/en\/wp-json\/wp\/v2\/media\/1390"}],"wp:attachment":[{"href":"https:\/\/krossbu.no.webist.no\/en\/wp-json\/wp\/v2\/media?parent=1391"}],"curies":[{"name":"wp","href":"https:\/\/api.w.org\/{rel}","templated":true}]}}