{"id":1386,"date":"2025-10-06T14:21:03","date_gmt":"2025-10-06T14:21:03","guid":{"rendered":"https:\/\/krossbu.no\/activities\/guided-tours\/"},"modified":"2026-02-17T10:35:34","modified_gmt":"2026-02-17T10:35:34","slug":"guided-tours","status":"publish","type":"page","link":"https:\/\/krossbu.no.webist.no\/en\/activities\/guided-tours\/","title":{"rendered":"Guided tours"},"content":{"rendered":"\n<h4>\n\t\t<a href=\"\/aktiviteter\/\" title=\"Tilbake\"  target=\"_self\">\n\t\t\tTilbake\t\t<\/a>\n\t<\/h4>\n<h1>\n\t\t\tGuidede turer\t<\/h1>\n\t<p>Vi har flere forskjellige guidede turer \u00e5 tilby. \u00d8nsker du en helt spesiell tur, ta gjerne kontakt med oss.<\/p>\n<h2>\n\t\t\tToppturer i Sm\u00f8rstabbtindane &#8211; sommer\/h\u00f8st\t<\/h2>\n\tFor \u00e5 n\u00e5 toppene i Sm\u00f8rstabbtindan m\u00e5 bre krysses. P\u00e5 sommeren krever dette taulag og breutstyr. Har du kurs, erfaring og riktig utstyr, kan turene gjennomf\u00f8res p\u00e5 egen h\u00e5nd, men vi anbefaler \u00e5 delta p\u00e5 arrangerte turer med f\u00f8ring.\n<p><strong>Vi tilbyr f\u00f8ring til:<\/strong><\/p>\n<ul>\n<li>Skeie<\/li>\n<li>Kniven<\/li>\n<li>Kalven<\/li>\n<li>Veslebj\u00f8rn<\/li>\n<li>Storebj\u00f8rn<\/li>\n<li>Sokse<\/li>\n<\/ul>\n<img decoding=\"async\" role=\"img\" draggable=\"false\" src=\"https:\/\/s.w.org\/images\/core\/emoji\/17.0.2\/svg\/1f4e7.svg\" alt=\"\ud83d\udce7\" \/>\u00a0For pris og booking:\u00a0<a href=\"mailto:post@krossbu.no\" target=\"_blank\" rel=\"noopener\">post@krossbu.no<\/a><br \/>\nVi samarbeider ogs\u00e5 med Klatrekompaniet for f\u00f8ring i Sm\u00f8rstabbtindane.\n<figure itemscope itemtype=\"https:\/\/schema.org\/ImageObject\">\n\t\t\t\t<img decoding=\"async\" src=\"https:\/\/krossbu.no.webist.no\/wp-content\/uploads\/2025\/09\/bretur_bilde4_450.jpg\" alt=\"bretur_bilde4_450\" height=\"630\" width=\"450\" title=\"bretur_bilde4_450\" onerror=\"this.style.display='none'\" loading=\"lazy\" \/>\n\t<\/figure>\n<figure itemscope itemtype=\"https:\/\/schema.org\/ImageObject\">\n\t\t\t\t<img decoding=\"async\" src=\"https:\/\/krossbu.no.webist.no\/wp-content\/uploads\/2025\/09\/Krossbu-enhanced-18.jpg\" alt=\"Krossbu-enhanced-18\" height=\"1920\" width=\"1920\" title=\"Krossbu-enhanced-18\" onerror=\"this.style.display='none'\" loading=\"lazy\" \/>\n\t<\/figure>\n<h2>\n\t\t\tGuidede toppturer vinter\/v\u00e5r\t<\/h2>\n\tKrossbu tilbyr ikke f\u00f8ring p\u00e5 toppturer, men flere eksterne akt\u00f8rer arrangerer guidede toppturer p\u00e5 ski med utgangspunkt fra Krossbu. Turene bestilles direkte hos tilbyder, blant annet:\n<a href=\"https:\/\/www.fyrstogfremst.no\/\" target=\"_blank\" rel=\"noopener\">Fyrst og Fremst<\/a><br \/>\n<a href=\"https:\/\/www.jotunheimenarr.no\/\" target=\"_blank\" rel=\"noopener\">Jotunheimen Arrangement<\/a>\n<h2>\n\t\t\tBreturer fra Krossbu\t<\/h2>\n\t<p>Vi arrangerer breturer og f\u00f8ring p\u00e5 toppturer fra slutten av juni til september. Den aller beste tiden for \u00e5 oppleve den spektakul\u00e6re bl\u00e5isen er i august og september, n\u00e5r breen virkelig viser seg fra sin vakreste side.<\/p>\n<h3>\n\t\t\tErfaren bref\u00f8rer med lokal kunnskap\t<\/h3>\n\tV\u00e5r bref\u00f8rer Dhan kommer fra Nepal og har jobbet som bref\u00f8rer p\u00e5 Krossbu siden 1998. Dhan har lang erfaring som guide p\u00e5 b\u00e5de bre og fjell, og kjenner Sm\u00f8rstabbreen og toppene rundt sv\u00e6rt godt etter mange \u00e5r i omr\u00e5det. Han har ogs\u00e5 inng\u00e5ende kunnskap om hvordan breen har utviklet seg over tid.<br \/>\nOm vinteren jobber Dhan som guide og fjellf\u00f8rer i fjellene i Nepal.\n\t\t\t<a href=\"\/brevandring\/\"  target=\"_self\">\n\t\t\t\t\t\tLes mer her\n\t\t\t\t\t<\/a>\n<figure itemscope itemtype=\"https:\/\/schema.org\/ImageObject\">\n\t\t\t\t<img decoding=\"async\" src=\"https:\/\/krossbu.no.webist.no\/wp-content\/uploads\/2026\/02\/Dhan-scaled.jpg\" alt=\"Dhan\" height=\"2560\" width=\"1920\" title=\"Dhan\" onerror=\"this.style.display='none'\" loading=\"lazy\" \/>\n\t<\/figure>\n\n","protected":false},"excerpt":{"rendered":"<p>Tilbake Guidede turer Vi har flere forskjellige guidede turer \u00e5 tilby. \u00d8nsker du en helt spesiell tur, ta gjerne kontakt med oss. Toppturer i Sm\u00f8rstabbtindane &#8211; sommer\/h\u00f8st For \u00e5 n\u00e5 toppene i Sm\u00f8rstabbtindan m\u00e5 bre krysses. P\u00e5 sommeren krever dette taulag og breutstyr. Har du kurs, erfaring og riktig utstyr, kan turene gjennomf\u00f8res p\u00e5 egen&hellip;<\/p>\n","protected":false},"author":2,"featured_media":1385,"parent":1362,"menu_order":0,"comment_status":"closed","ping_status":"closed","template":"","meta":{"footnotes":""},"class_list":["post-1386","page","type-page","status-publish","has-post-thumbnail","hentry"],"yoast_head":"<!-- This site is optimized with the Yoast SEO plugin v27.1.1 - https:\/\/yoast.com\/product\/yoast-seo-wordpress\/ -->\n<title>Guided tours - Krossbu<\/title>\n<meta name=\"robots\" content=\"noindex, follow, max-snippet:-1, max-image-preview:large, max-video-preview:-1\" \/>\n<meta property=\"og:locale\" content=\"en_US\" \/>\n<meta property=\"og:type\" content=\"article\" \/>\n<meta property=\"og:title\" content=\"Guided tours - Krossbu\" \/>\n<meta property=\"og:description\" content=\"Tilbake Guidede turer Vi har flere forskjellige guidede turer \u00e5 tilby. \u00d8nsker du en helt spesiell tur, ta gjerne kontakt med oss. Toppturer i Sm\u00f8rstabbtindane &#8211; sommer\/h\u00f8st For \u00e5 n\u00e5 toppene i Sm\u00f8rstabbtindan m\u00e5 bre krysses. P\u00e5 sommeren krever dette taulag og breutstyr. Har du kurs, erfaring og riktig utstyr, kan turene gjennomf\u00f8res p\u00e5 egen&hellip;\" \/>\n<meta property=\"og:url\" content=\"https:\/\/krossbu.no.webist.no\/en\/activities\/guided-tours\/\" \/>\n<meta property=\"og:site_name\" content=\"Krossbu\" \/>\n<meta property=\"article:publisher\" content=\"https:\/\/www.facebook.com\/krossbuturisthytteas\" \/>\n<meta property=\"article:modified_time\" content=\"2026-02-17T10:35:34+00:00\" \/>\n<meta property=\"og:image\" content=\"https:\/\/krossbu.no.webist.no\/wp-content\/uploads\/2026\/01\/DSC_0105-scaled.jpg\" \/>\n\t<meta property=\"og:image:width\" content=\"2560\" \/>\n\t<meta property=\"og:image:height\" content=\"1440\" \/>\n\t<meta property=\"og:image:type\" content=\"image\/jpeg\" \/>\n<meta name=\"twitter:card\" content=\"summary_large_image\" \/>\n<meta name=\"twitter:label1\" content=\"Est. reading time\" \/>\n\t<meta name=\"twitter:data1\" content=\"1 minute\" \/>\n<script type=\"application\/ld+json\" class=\"yoast-schema-graph\">{\"@context\":\"https:\/\/schema.org\",\"@graph\":[{\"@type\":\"WebPage\",\"@id\":\"https:\/\/krossbu.no.webist.no\/en\/activities\/guided-tours\/\",\"url\":\"https:\/\/krossbu.no.webist.no\/en\/activities\/guided-tours\/\",\"name\":\"Guided tours - Krossbu\",\"isPartOf\":{\"@id\":\"https:\/\/krossbu.no.webist.no\/en\/#website\"},\"primaryImageOfPage\":{\"@id\":\"https:\/\/krossbu.no.webist.no\/en\/activities\/guided-tours\/#primaryimage\"},\"image\":{\"@id\":\"https:\/\/krossbu.no.webist.no\/en\/activities\/guided-tours\/#primaryimage\"},\"thumbnailUrl\":\"https:\/\/krossbu.no.webist.no\/wp-content\/uploads\/2026\/01\/DSC_0105-scaled.jpg\",\"datePublished\":\"2025-10-06T14:21:03+00:00\",\"dateModified\":\"2026-02-17T10:35:34+00:00\",\"breadcrumb\":{\"@id\":\"https:\/\/krossbu.no.webist.no\/en\/activities\/guided-tours\/#breadcrumb\"},\"inLanguage\":\"en-US\",\"potentialAction\":[{\"@type\":\"ReadAction\",\"target\":[\"https:\/\/krossbu.no.webist.no\/en\/activities\/guided-tours\/\"]}]},{\"@type\":\"ImageObject\",\"inLanguage\":\"en-US\",\"@id\":\"https:\/\/krossbu.no.webist.no\/en\/activities\/guided-tours\/#primaryimage\",\"url\":\"https:\/\/krossbu.no.webist.no\/wp-content\/uploads\/2026\/01\/DSC_0105-scaled.jpg\",\"contentUrl\":\"https:\/\/krossbu.no.webist.no\/wp-content\/uploads\/2026\/01\/DSC_0105-scaled.jpg\",\"width\":2560,\"height\":1440},{\"@type\":\"BreadcrumbList\",\"@id\":\"https:\/\/krossbu.no.webist.no\/en\/activities\/guided-tours\/#breadcrumb\",\"itemListElement\":[{\"@type\":\"ListItem\",\"position\":1,\"name\":\"Hjem\",\"item\":\"https:\/\/krossbu.no.webist.no\/en\/\"},{\"@type\":\"ListItem\",\"position\":2,\"name\":\"Activities\",\"item\":\"https:\/\/krossbu.no.webist.no\/en\/activities\/\"},{\"@type\":\"ListItem\",\"position\":3,\"name\":\"Guided tours\"}]},{\"@type\":\"WebSite\",\"@id\":\"https:\/\/krossbu.no.webist.no\/en\/#website\",\"url\":\"https:\/\/krossbu.no.webist.no\/en\/\",\"name\":\"Krossbu prod.side\",\"description\":\"\",\"publisher\":{\"@id\":\"https:\/\/krossbu.no.webist.no\/en\/#organization\"},\"potentialAction\":[{\"@type\":\"SearchAction\",\"target\":{\"@type\":\"EntryPoint\",\"urlTemplate\":\"https:\/\/krossbu.no.webist.no\/en\/?s={search_term_string}\"},\"query-input\":{\"@type\":\"PropertyValueSpecification\",\"valueRequired\":true,\"valueName\":\"search_term_string\"}}],\"inLanguage\":\"en-US\"},{\"@type\":\"Organization\",\"@id\":\"https:\/\/krossbu.no.webist.no\/en\/#organization\",\"name\":\"Krossbu prod.side\",\"url\":\"https:\/\/krossbu.no.webist.no\/en\/\",\"logo\":{\"@type\":\"ImageObject\",\"inLanguage\":\"en-US\",\"@id\":\"https:\/\/krossbu.no.webist.no\/en\/#\/schema\/logo\/image\/\",\"url\":\"\",\"contentUrl\":\"\",\"caption\":\"Krossbu prod.side\"},\"image\":{\"@id\":\"https:\/\/krossbu.no.webist.no\/en\/#\/schema\/logo\/image\/\"},\"sameAs\":[\"https:\/\/www.facebook.com\/krossbuturisthytteas\"]}]}<\/script>\n<!-- \/ Yoast SEO plugin. -->","yoast_head_json":{"title":"Guided tours - Krossbu","robots":{"index":"noindex","follow":"follow","max-snippet":"max-snippet:-1","max-image-preview":"max-image-preview:large","max-video-preview":"max-video-preview:-1"},"og_locale":"en_US","og_type":"article","og_title":"Guided tours - Krossbu","og_description":"Tilbake Guidede turer Vi har flere forskjellige guidede turer \u00e5 tilby. \u00d8nsker du en helt spesiell tur, ta gjerne kontakt med oss. Toppturer i Sm\u00f8rstabbtindane &#8211; sommer\/h\u00f8st For \u00e5 n\u00e5 toppene i Sm\u00f8rstabbtindan m\u00e5 bre krysses. P\u00e5 sommeren krever dette taulag og breutstyr. Har du kurs, erfaring og riktig utstyr, kan turene gjennomf\u00f8res p\u00e5 egen&hellip;","og_url":"https:\/\/krossbu.no.webist.no\/en\/activities\/guided-tours\/","og_site_name":"Krossbu","article_publisher":"https:\/\/www.facebook.com\/krossbuturisthytteas","article_modified_time":"2026-02-17T10:35:34+00:00","og_image":[{"width":2560,"height":1440,"url":"https:\/\/krossbu.no.webist.no\/wp-content\/uploads\/2026\/01\/DSC_0105-scaled.jpg","type":"image\/jpeg"}],"twitter_card":"summary_large_image","twitter_misc":{"Est. reading time":"1 minute"},"schema":{"@context":"https:\/\/schema.org","@graph":[{"@type":"WebPage","@id":"https:\/\/krossbu.no.webist.no\/en\/activities\/guided-tours\/","url":"https:\/\/krossbu.no.webist.no\/en\/activities\/guided-tours\/","name":"Guided tours - Krossbu","isPartOf":{"@id":"https:\/\/krossbu.no.webist.no\/en\/#website"},"primaryImageOfPage":{"@id":"https:\/\/krossbu.no.webist.no\/en\/activities\/guided-tours\/#primaryimage"},"image":{"@id":"https:\/\/krossbu.no.webist.no\/en\/activities\/guided-tours\/#primaryimage"},"thumbnailUrl":"https:\/\/krossbu.no.webist.no\/wp-content\/uploads\/2026\/01\/DSC_0105-scaled.jpg","datePublished":"2025-10-06T14:21:03+00:00","dateModified":"2026-02-17T10:35:34+00:00","breadcrumb":{"@id":"https:\/\/krossbu.no.webist.no\/en\/activities\/guided-tours\/#breadcrumb"},"inLanguage":"en-US","potentialAction":[{"@type":"ReadAction","target":["https:\/\/krossbu.no.webist.no\/en\/activities\/guided-tours\/"]}]},{"@type":"ImageObject","inLanguage":"en-US","@id":"https:\/\/krossbu.no.webist.no\/en\/activities\/guided-tours\/#primaryimage","url":"https:\/\/krossbu.no.webist.no\/wp-content\/uploads\/2026\/01\/DSC_0105-scaled.jpg","contentUrl":"https:\/\/krossbu.no.webist.no\/wp-content\/uploads\/2026\/01\/DSC_0105-scaled.jpg","width":2560,"height":1440},{"@type":"BreadcrumbList","@id":"https:\/\/krossbu.no.webist.no\/en\/activities\/guided-tours\/#breadcrumb","itemListElement":[{"@type":"ListItem","position":1,"name":"Hjem","item":"https:\/\/krossbu.no.webist.no\/en\/"},{"@type":"ListItem","position":2,"name":"Activities","item":"https:\/\/krossbu.no.webist.no\/en\/activities\/"},{"@type":"ListItem","position":3,"name":"Guided tours"}]},{"@type":"WebSite","@id":"https:\/\/krossbu.no.webist.no\/en\/#website","url":"https:\/\/krossbu.no.webist.no\/en\/","name":"Krossbu prod.side","description":"","publisher":{"@id":"https:\/\/krossbu.no.webist.no\/en\/#organization"},"potentialAction":[{"@type":"SearchAction","target":{"@type":"EntryPoint","urlTemplate":"https:\/\/krossbu.no.webist.no\/en\/?s={search_term_string}"},"query-input":{"@type":"PropertyValueSpecification","valueRequired":true,"valueName":"search_term_string"}}],"inLanguage":"en-US"},{"@type":"Organization","@id":"https:\/\/krossbu.no.webist.no\/en\/#organization","name":"Krossbu prod.side","url":"https:\/\/krossbu.no.webist.no\/en\/","logo":{"@type":"ImageObject","inLanguage":"en-US","@id":"https:\/\/krossbu.no.webist.no\/en\/#\/schema\/logo\/image\/","url":"","contentUrl":"","caption":"Krossbu prod.side"},"image":{"@id":"https:\/\/krossbu.no.webist.no\/en\/#\/schema\/logo\/image\/"},"sameAs":["https:\/\/www.facebook.com\/krossbuturisthytteas"]}]}},"_links":{"self":[{"href":"https:\/\/krossbu.no.webist.no\/en\/wp-json\/wp\/v2\/pages\/1386","targetHints":{"allow":["GET"]}}],"collection":[{"href":"https:\/\/krossbu.no.webist.no\/en\/wp-json\/wp\/v2\/pages"}],"about":[{"href":"https:\/\/krossbu.no.webist.no\/en\/wp-json\/wp\/v2\/types\/page"}],"author":[{"embeddable":true,"href":"https:\/\/krossbu.no.webist.no\/en\/wp-json\/wp\/v2\/users\/2"}],"replies":[{"embeddable":true,"href":"https:\/\/krossbu.no.webist.no\/en\/wp-json\/wp\/v2\/comments?post=1386"}],"version-history":[{"count":1,"href":"https:\/\/krossbu.no.webist.no\/en\/wp-json\/wp\/v2\/pages\/1386\/revisions"}],"predecessor-version":[{"id":1659,"href":"https:\/\/krossbu.no.webist.no\/en\/wp-json\/wp\/v2\/pages\/1386\/revisions\/1659"}],"up":[{"embeddable":true,"href":"https:\/\/krossbu.no.webist.no\/en\/wp-json\/wp\/v2\/pages\/1362"}],"wp:featuredmedia":[{"embeddable":true,"href":"https:\/\/krossbu.no.webist.no\/en\/wp-json\/wp\/v2\/media\/1385"}],"wp:attachment":[{"href":"https:\/\/krossbu.no.webist.no\/en\/wp-json\/wp\/v2\/media?parent=1386"}],"curies":[{"name":"wp","href":"https:\/\/api.w.org\/{rel}","templated":true}]}}