{"id":1366,"date":"2025-09-19T10:00:03","date_gmt":"2025-09-19T10:00:03","guid":{"rendered":"https:\/\/krossbu.no\/glacier-hiking\/"},"modified":"2026-02-17T10:33:59","modified_gmt":"2026-02-17T10:33:59","slug":"glacier-hiking","status":"publish","type":"page","link":"https:\/\/krossbu.no.webist.no\/en\/activities\/summer-autumn\/glacier-hiking\/","title":{"rendered":"Glacier hiking"},"content":{"rendered":"\n<h4>\n\t\t<a href=\"\/sommer\/#topp\" title=\"Tilbake\"  target=\"_self\">\n\t\t\tTilbake\t\t<\/a>\n\t<\/h4>\n<h1>\n\t\t\tBreturer fra Krossbu\t<\/h1>\n\t<p>Vi arrangerer breturer og f\u00f8ring p\u00e5 toppturer fra slutten av juni til september. Den aller beste tiden for \u00e5 oppleve den spektakul\u00e6re bl\u00e5isen er i august og september, n\u00e5r breen virkelig viser seg fra sin vakreste side.<\/p>\n<h2>\n\t\t\tErfaren bref\u00f8rer med lokal kunnskap\t<\/h2>\n\tV\u00e5r bref\u00f8rer Dhan kommer fra Nepal og har jobbet som bref\u00f8rer p\u00e5 Krossbu siden 1998. Dhan har lang erfaring som guide p\u00e5 b\u00e5de bre og fjell, og kjenner Sm\u00f8rstabbreen og toppene rundt sv\u00e6rt godt etter mange \u00e5r i omr\u00e5det. Han har ogs\u00e5 inng\u00e5ende kunnskap om hvordan breen har utviklet seg over tid.<br \/>\nOm vinteren jobber Dhan som guide og fjellf\u00f8rer i fjellene i Nepal.\n\t\t\t<p>For en trygg og god opplevelse er riktig bekledning og utstyr viktig. Vi anbefaler at du har med:<\/p>\n<ul>\n<li>Dagstursekk (med plass til is\u00f8ks og stegjern)<\/li>\n<li>Varme kl\u00e6r: ull innerst, vind- og vanntette kl\u00e6r ytterst<\/li>\n<li>Varm ullgenser eller dunjakke til pauser<\/li>\n<li>Varme votter og lue<\/li>\n<li>Gode fjellsko<\/li>\n<li>Solbriller og solkrem<br \/>Niste, varm og kald drikke, gjerne litt tursjokolade<\/li>\n<\/ul>\n\t\t\t<a href=\"javascript:void(0)\" title=\"Anbefalt utstyr for en dag p\u00e5 breen\" target=\"_self\"  data-modal=  role=\"button\" aria-label=\"Anbefalt utstyr for en dag p\u00e5 breen\">\n\t\t\t\t\t\t\t\t\t\t\tAnbefalt utstyr for en dag p\u00e5 breen\n\t\t<\/a>\n<h2>\n\t\t\tFlere aktiviteter\t<\/h2>\n\n","protected":false},"excerpt":{"rendered":"<p>Tilbake Breturer fra Krossbu Vi arrangerer breturer og f\u00f8ring p\u00e5 toppturer fra slutten av juni til september. Den aller beste tiden for \u00e5 oppleve den spektakul\u00e6re bl\u00e5isen er i august og september, n\u00e5r breen virkelig viser seg fra sin vakreste side. Erfaren bref\u00f8rer med lokal kunnskap V\u00e5r bref\u00f8rer Dhan kommer fra Nepal og har jobbet&hellip;<\/p>\n","protected":false},"author":2,"featured_media":1365,"parent":1380,"menu_order":0,"comment_status":"closed","ping_status":"closed","template":"","meta":{"footnotes":""},"class_list":["post-1366","page","type-page","status-publish","has-post-thumbnail","hentry"],"yoast_head":"<!-- This site is optimized with the Yoast SEO plugin v27.1.1 - https:\/\/yoast.com\/product\/yoast-seo-wordpress\/ -->\n<title>Glacier hiking - Krossbu<\/title>\n<meta name=\"robots\" content=\"noindex, follow, max-snippet:-1, max-image-preview:large, max-video-preview:-1\" \/>\n<meta property=\"og:locale\" content=\"en_US\" \/>\n<meta property=\"og:type\" content=\"article\" \/>\n<meta property=\"og:title\" content=\"Glacier hiking - Krossbu\" \/>\n<meta property=\"og:description\" content=\"Tilbake Breturer fra Krossbu Vi arrangerer breturer og f\u00f8ring p\u00e5 toppturer fra slutten av juni til september. Den aller beste tiden for \u00e5 oppleve den spektakul\u00e6re bl\u00e5isen er i august og september, n\u00e5r breen virkelig viser seg fra sin vakreste side. Erfaren bref\u00f8rer med lokal kunnskap V\u00e5r bref\u00f8rer Dhan kommer fra Nepal og har jobbet&hellip;\" \/>\n<meta property=\"og:url\" content=\"https:\/\/krossbu.no.webist.no\/en\/activities\/summer-autumn\/glacier-hiking\/\" \/>\n<meta property=\"og:site_name\" content=\"Krossbu\" \/>\n<meta property=\"article:publisher\" content=\"https:\/\/www.facebook.com\/krossbuturisthytteas\" \/>\n<meta property=\"article:modified_time\" content=\"2026-02-17T10:33:59+00:00\" \/>\n<meta property=\"og:image\" content=\"https:\/\/krossbu.no.webist.no\/wp-content\/uploads\/2025\/09\/KIM_8977-1.jpg\" \/>\n\t<meta property=\"og:image:width\" content=\"1024\" \/>\n\t<meta property=\"og:image:height\" content=\"680\" \/>\n\t<meta property=\"og:image:type\" content=\"image\/jpeg\" \/>\n<meta name=\"twitter:card\" content=\"summary_large_image\" \/>\n<meta name=\"twitter:label1\" content=\"Est. reading time\" \/>\n\t<meta name=\"twitter:data1\" content=\"1 minute\" \/>\n<script type=\"application\/ld+json\" class=\"yoast-schema-graph\">{\"@context\":\"https:\/\/schema.org\",\"@graph\":[{\"@type\":\"WebPage\",\"@id\":\"https:\/\/krossbu.no.webist.no\/en\/activities\/summer-autumn\/glacier-hiking\/\",\"url\":\"https:\/\/krossbu.no.webist.no\/en\/activities\/summer-autumn\/glacier-hiking\/\",\"name\":\"Glacier hiking - Krossbu\",\"isPartOf\":{\"@id\":\"https:\/\/krossbu.no.webist.no\/en\/#website\"},\"primaryImageOfPage\":{\"@id\":\"https:\/\/krossbu.no.webist.no\/en\/activities\/summer-autumn\/glacier-hiking\/#primaryimage\"},\"image\":{\"@id\":\"https:\/\/krossbu.no.webist.no\/en\/activities\/summer-autumn\/glacier-hiking\/#primaryimage\"},\"thumbnailUrl\":\"https:\/\/krossbu.no.webist.no\/wp-content\/uploads\/2025\/09\/KIM_8977-1.jpg\",\"datePublished\":\"2025-09-19T10:00:03+00:00\",\"dateModified\":\"2026-02-17T10:33:59+00:00\",\"breadcrumb\":{\"@id\":\"https:\/\/krossbu.no.webist.no\/en\/activities\/summer-autumn\/glacier-hiking\/#breadcrumb\"},\"inLanguage\":\"en-US\",\"potentialAction\":[{\"@type\":\"ReadAction\",\"target\":[\"https:\/\/krossbu.no.webist.no\/en\/activities\/summer-autumn\/glacier-hiking\/\"]}]},{\"@type\":\"ImageObject\",\"inLanguage\":\"en-US\",\"@id\":\"https:\/\/krossbu.no.webist.no\/en\/activities\/summer-autumn\/glacier-hiking\/#primaryimage\",\"url\":\"https:\/\/krossbu.no.webist.no\/wp-content\/uploads\/2025\/09\/KIM_8977-1.jpg\",\"contentUrl\":\"https:\/\/krossbu.no.webist.no\/wp-content\/uploads\/2025\/09\/KIM_8977-1.jpg\",\"width\":1024,\"height\":680},{\"@type\":\"BreadcrumbList\",\"@id\":\"https:\/\/krossbu.no.webist.no\/en\/activities\/summer-autumn\/glacier-hiking\/#breadcrumb\",\"itemListElement\":[{\"@type\":\"ListItem\",\"position\":1,\"name\":\"Hjem\",\"item\":\"https:\/\/krossbu.no.webist.no\/en\/\"},{\"@type\":\"ListItem\",\"position\":2,\"name\":\"Activities\",\"item\":\"https:\/\/krossbu.no.webist.no\/en\/activities\/\"},{\"@type\":\"ListItem\",\"position\":3,\"name\":\"Summer\/autumn\",\"item\":\"https:\/\/krossbu.no.webist.no\/en\/activities\/summer-autumn\/\"},{\"@type\":\"ListItem\",\"position\":4,\"name\":\"Glacier hiking\"}]},{\"@type\":\"WebSite\",\"@id\":\"https:\/\/krossbu.no.webist.no\/en\/#website\",\"url\":\"https:\/\/krossbu.no.webist.no\/en\/\",\"name\":\"Krossbu prod.side\",\"description\":\"\",\"publisher\":{\"@id\":\"https:\/\/krossbu.no.webist.no\/en\/#organization\"},\"potentialAction\":[{\"@type\":\"SearchAction\",\"target\":{\"@type\":\"EntryPoint\",\"urlTemplate\":\"https:\/\/krossbu.no.webist.no\/en\/?s={search_term_string}\"},\"query-input\":{\"@type\":\"PropertyValueSpecification\",\"valueRequired\":true,\"valueName\":\"search_term_string\"}}],\"inLanguage\":\"en-US\"},{\"@type\":\"Organization\",\"@id\":\"https:\/\/krossbu.no.webist.no\/en\/#organization\",\"name\":\"Krossbu prod.side\",\"url\":\"https:\/\/krossbu.no.webist.no\/en\/\",\"logo\":{\"@type\":\"ImageObject\",\"inLanguage\":\"en-US\",\"@id\":\"https:\/\/krossbu.no.webist.no\/en\/#\/schema\/logo\/image\/\",\"url\":\"\",\"contentUrl\":\"\",\"caption\":\"Krossbu prod.side\"},\"image\":{\"@id\":\"https:\/\/krossbu.no.webist.no\/en\/#\/schema\/logo\/image\/\"},\"sameAs\":[\"https:\/\/www.facebook.com\/krossbuturisthytteas\"]}]}<\/script>\n<!-- \/ Yoast SEO plugin. -->","yoast_head_json":{"title":"Glacier hiking - Krossbu","robots":{"index":"noindex","follow":"follow","max-snippet":"max-snippet:-1","max-image-preview":"max-image-preview:large","max-video-preview":"max-video-preview:-1"},"og_locale":"en_US","og_type":"article","og_title":"Glacier hiking - Krossbu","og_description":"Tilbake Breturer fra Krossbu Vi arrangerer breturer og f\u00f8ring p\u00e5 toppturer fra slutten av juni til september. Den aller beste tiden for \u00e5 oppleve den spektakul\u00e6re bl\u00e5isen er i august og september, n\u00e5r breen virkelig viser seg fra sin vakreste side. Erfaren bref\u00f8rer med lokal kunnskap V\u00e5r bref\u00f8rer Dhan kommer fra Nepal og har jobbet&hellip;","og_url":"https:\/\/krossbu.no.webist.no\/en\/activities\/summer-autumn\/glacier-hiking\/","og_site_name":"Krossbu","article_publisher":"https:\/\/www.facebook.com\/krossbuturisthytteas","article_modified_time":"2026-02-17T10:33:59+00:00","og_image":[{"width":1024,"height":680,"url":"https:\/\/krossbu.no.webist.no\/wp-content\/uploads\/2025\/09\/KIM_8977-1.jpg","type":"image\/jpeg"}],"twitter_card":"summary_large_image","twitter_misc":{"Est. reading time":"1 minute"},"schema":{"@context":"https:\/\/schema.org","@graph":[{"@type":"WebPage","@id":"https:\/\/krossbu.no.webist.no\/en\/activities\/summer-autumn\/glacier-hiking\/","url":"https:\/\/krossbu.no.webist.no\/en\/activities\/summer-autumn\/glacier-hiking\/","name":"Glacier hiking - Krossbu","isPartOf":{"@id":"https:\/\/krossbu.no.webist.no\/en\/#website"},"primaryImageOfPage":{"@id":"https:\/\/krossbu.no.webist.no\/en\/activities\/summer-autumn\/glacier-hiking\/#primaryimage"},"image":{"@id":"https:\/\/krossbu.no.webist.no\/en\/activities\/summer-autumn\/glacier-hiking\/#primaryimage"},"thumbnailUrl":"https:\/\/krossbu.no.webist.no\/wp-content\/uploads\/2025\/09\/KIM_8977-1.jpg","datePublished":"2025-09-19T10:00:03+00:00","dateModified":"2026-02-17T10:33:59+00:00","breadcrumb":{"@id":"https:\/\/krossbu.no.webist.no\/en\/activities\/summer-autumn\/glacier-hiking\/#breadcrumb"},"inLanguage":"en-US","potentialAction":[{"@type":"ReadAction","target":["https:\/\/krossbu.no.webist.no\/en\/activities\/summer-autumn\/glacier-hiking\/"]}]},{"@type":"ImageObject","inLanguage":"en-US","@id":"https:\/\/krossbu.no.webist.no\/en\/activities\/summer-autumn\/glacier-hiking\/#primaryimage","url":"https:\/\/krossbu.no.webist.no\/wp-content\/uploads\/2025\/09\/KIM_8977-1.jpg","contentUrl":"https:\/\/krossbu.no.webist.no\/wp-content\/uploads\/2025\/09\/KIM_8977-1.jpg","width":1024,"height":680},{"@type":"BreadcrumbList","@id":"https:\/\/krossbu.no.webist.no\/en\/activities\/summer-autumn\/glacier-hiking\/#breadcrumb","itemListElement":[{"@type":"ListItem","position":1,"name":"Hjem","item":"https:\/\/krossbu.no.webist.no\/en\/"},{"@type":"ListItem","position":2,"name":"Activities","item":"https:\/\/krossbu.no.webist.no\/en\/activities\/"},{"@type":"ListItem","position":3,"name":"Summer\/autumn","item":"https:\/\/krossbu.no.webist.no\/en\/activities\/summer-autumn\/"},{"@type":"ListItem","position":4,"name":"Glacier hiking"}]},{"@type":"WebSite","@id":"https:\/\/krossbu.no.webist.no\/en\/#website","url":"https:\/\/krossbu.no.webist.no\/en\/","name":"Krossbu prod.side","description":"","publisher":{"@id":"https:\/\/krossbu.no.webist.no\/en\/#organization"},"potentialAction":[{"@type":"SearchAction","target":{"@type":"EntryPoint","urlTemplate":"https:\/\/krossbu.no.webist.no\/en\/?s={search_term_string}"},"query-input":{"@type":"PropertyValueSpecification","valueRequired":true,"valueName":"search_term_string"}}],"inLanguage":"en-US"},{"@type":"Organization","@id":"https:\/\/krossbu.no.webist.no\/en\/#organization","name":"Krossbu prod.side","url":"https:\/\/krossbu.no.webist.no\/en\/","logo":{"@type":"ImageObject","inLanguage":"en-US","@id":"https:\/\/krossbu.no.webist.no\/en\/#\/schema\/logo\/image\/","url":"","contentUrl":"","caption":"Krossbu prod.side"},"image":{"@id":"https:\/\/krossbu.no.webist.no\/en\/#\/schema\/logo\/image\/"},"sameAs":["https:\/\/www.facebook.com\/krossbuturisthytteas"]}]}},"_links":{"self":[{"href":"https:\/\/krossbu.no.webist.no\/en\/wp-json\/wp\/v2\/pages\/1366","targetHints":{"allow":["GET"]}}],"collection":[{"href":"https:\/\/krossbu.no.webist.no\/en\/wp-json\/wp\/v2\/pages"}],"about":[{"href":"https:\/\/krossbu.no.webist.no\/en\/wp-json\/wp\/v2\/types\/page"}],"author":[{"embeddable":true,"href":"https:\/\/krossbu.no.webist.no\/en\/wp-json\/wp\/v2\/users\/2"}],"replies":[{"embeddable":true,"href":"https:\/\/krossbu.no.webist.no\/en\/wp-json\/wp\/v2\/comments?post=1366"}],"version-history":[{"count":2,"href":"https:\/\/krossbu.no.webist.no\/en\/wp-json\/wp\/v2\/pages\/1366\/revisions"}],"predecessor-version":[{"id":1655,"href":"https:\/\/krossbu.no.webist.no\/en\/wp-json\/wp\/v2\/pages\/1366\/revisions\/1655"}],"up":[{"embeddable":true,"href":"https:\/\/krossbu.no.webist.no\/en\/wp-json\/wp\/v2\/pages\/1380"}],"wp:featuredmedia":[{"embeddable":true,"href":"https:\/\/krossbu.no.webist.no\/en\/wp-json\/wp\/v2\/media\/1365"}],"wp:attachment":[{"href":"https:\/\/krossbu.no.webist.no\/en\/wp-json\/wp\/v2\/media?parent=1366"}],"curies":[{"name":"wp","href":"https:\/\/api.w.org\/{rel}","templated":true}]}}