{"id":1352,"date":"2025-09-26T09:15:56","date_gmt":"2025-09-26T09:15:56","guid":{"rendered":"https:\/\/krossbu.no\/our-kitchen\/"},"modified":"2026-02-17T10:38:56","modified_gmt":"2026-02-17T10:38:56","slug":"our-kitchen","status":"publish","type":"page","link":"https:\/\/krossbu.no.webist.no\/en\/about-us\/our-kitchen\/","title":{"rendered":"Our Kitchen"},"content":{"rendered":"\n<h4>\n\t\t<a href=\"\/om-oss\/#kjokken\" title=\"Tilbake\"  target=\"_self\">\n\t\t\tTilbake\t\t<\/a>\n\t<\/h4>\n<h1>\n\t\t\tV\u00e5rt kj\u00f8kken\t<\/h1>\n\t<p>God mat er en viktig del av fjellopplevelsen p\u00e5 Krossbu. Hver morgen serverer vi en solid og smakfull frokost, perfekt start p\u00e5 dagen f\u00f8r turen. Her har du mulighet til \u00e5 sm\u00f8re niste til dagens etappe, og \u00f8nsker du \u00e5 f\u00e5 fylt termosen, kan denne leveres i resepsjonen kvelden f\u00f8r.<\/p>\n<p>Om kvelden serverer vi en 3-retters middag, tilberedt med gode og gjerne lokale r\u00e5varer &#8211; en hyggelig avslutning p\u00e5 en lang dag i fjellet.<\/p>\n<h2>\n\t\t\tVi har alle rettigheter\t<\/h2>\n<figure itemscope itemtype=\"https:\/\/schema.org\/ImageObject\">\n\t\t\t\t<img decoding=\"async\" src=\"https:\/\/krossbu.no.webist.no\/wp-content\/uploads\/2026\/02\/Forrett.jpg\" alt=\"Forrett\" height=\"1500\" width=\"1500\" title=\"Forrett\" onerror=\"this.style.display='none'\" loading=\"lazy\" \/>\n\t<\/figure>\n<figure itemscope itemtype=\"https:\/\/schema.org\/ImageObject\">\n\t\t\t\t<img decoding=\"async\" src=\"https:\/\/krossbu.no.webist.no\/wp-content\/uploads\/2026\/02\/Middag.jpg\" alt=\"Middag\" height=\"1400\" width=\"1400\" title=\"Middag\" onerror=\"this.style.display='none'\" loading=\"lazy\" \/>\n\t<\/figure>\n<figure itemscope itemtype=\"https:\/\/schema.org\/ImageObject\">\n\t\t\t\t<img decoding=\"async\" src=\"https:\/\/krossbu.no.webist.no\/wp-content\/uploads\/2025\/09\/slide2_mat_ny-scaled-1.jpg\" alt=\"slide2_mat_ny-scaled\" height=\"1200\" width=\"2560\" title=\"slide2_mat_ny-scaled\" onerror=\"this.style.display='none'\" loading=\"lazy\" \/>\n\t<\/figure>\n<h2>\n\t\t\tKafeteria i h\u00f8ysesong\t<\/h2>\n\t<p>I h\u00f8ysesongen holder vi kafeteriaen \u00e5pen, med salg av kaker og enkle lunsjretter &#8211; perfekt for en pause i sola eller noe godt etter turen.<\/p>\n<figure itemscope itemtype=\"https:\/\/schema.org\/ImageObject\">\n\t\t\t\t<img decoding=\"async\" src=\"https:\/\/krossbu.no.webist.no\/wp-content\/uploads\/2026\/02\/20180721_160852717_iOS-scaled.jpg\" alt=\"20180721_160852717_iOS\" height=\"2560\" width=\"1920\" title=\"20180721_160852717_iOS\" onerror=\"this.style.display='none'\" loading=\"lazy\" \/>\n\t<\/figure>\n\n","protected":false},"excerpt":{"rendered":"<p>Tilbake V\u00e5rt kj\u00f8kken God mat er en viktig del av fjellopplevelsen p\u00e5 Krossbu. Hver morgen serverer vi en solid og smakfull frokost, perfekt start p\u00e5 dagen f\u00f8r turen. Her har du mulighet til \u00e5 sm\u00f8re niste til dagens etappe, og \u00f8nsker du \u00e5 f\u00e5 fylt termosen, kan denne leveres i resepsjonen kvelden f\u00f8r. Om kvelden&hellip;<\/p>\n","protected":false},"author":2,"featured_media":1354,"parent":1413,"menu_order":0,"comment_status":"closed","ping_status":"closed","template":"","meta":{"footnotes":""},"class_list":["post-1352","page","type-page","status-publish","has-post-thumbnail","hentry"],"yoast_head":"<!-- This site is optimized with the Yoast SEO plugin v27.1.1 - https:\/\/yoast.com\/product\/yoast-seo-wordpress\/ -->\n<title>Our Kitchen - Krossbu<\/title>\n<meta name=\"robots\" content=\"noindex, follow, max-snippet:-1, max-image-preview:large, max-video-preview:-1\" \/>\n<meta property=\"og:locale\" content=\"en_US\" \/>\n<meta property=\"og:type\" content=\"article\" \/>\n<meta property=\"og:title\" content=\"Our Kitchen - Krossbu\" \/>\n<meta property=\"og:description\" content=\"Tilbake V\u00e5rt kj\u00f8kken God mat er en viktig del av fjellopplevelsen p\u00e5 Krossbu. Hver morgen serverer vi en solid og smakfull frokost, perfekt start p\u00e5 dagen f\u00f8r turen. Her har du mulighet til \u00e5 sm\u00f8re niste til dagens etappe, og \u00f8nsker du \u00e5 f\u00e5 fylt termosen, kan denne leveres i resepsjonen kvelden f\u00f8r. Om kvelden&hellip;\" \/>\n<meta property=\"og:url\" content=\"https:\/\/krossbu.no.webist.no\/en\/about-us\/our-kitchen\/\" \/>\n<meta property=\"og:site_name\" content=\"Krossbu\" \/>\n<meta property=\"article:publisher\" content=\"https:\/\/www.facebook.com\/krossbuturisthytteas\" \/>\n<meta property=\"article:modified_time\" content=\"2026-02-17T10:38:56+00:00\" \/>\n<meta property=\"og:image\" content=\"https:\/\/krossbu.no.webist.no\/wp-content\/uploads\/2025\/09\/Krossbu-enhanced-11.jpg\" \/>\n\t<meta property=\"og:image:width\" content=\"1440\" \/>\n\t<meta property=\"og:image:height\" content=\"1920\" \/>\n\t<meta property=\"og:image:type\" content=\"image\/jpeg\" \/>\n<meta name=\"twitter:card\" content=\"summary_large_image\" \/>\n<meta name=\"twitter:label1\" content=\"Est. reading time\" \/>\n\t<meta name=\"twitter:data1\" content=\"1 minute\" \/>\n<script type=\"application\/ld+json\" class=\"yoast-schema-graph\">{\"@context\":\"https:\/\/schema.org\",\"@graph\":[{\"@type\":\"WebPage\",\"@id\":\"https:\/\/krossbu.no.webist.no\/en\/about-us\/our-kitchen\/\",\"url\":\"https:\/\/krossbu.no.webist.no\/en\/about-us\/our-kitchen\/\",\"name\":\"Our Kitchen - Krossbu\",\"isPartOf\":{\"@id\":\"https:\/\/krossbu.no.webist.no\/en\/#website\"},\"primaryImageOfPage\":{\"@id\":\"https:\/\/krossbu.no.webist.no\/en\/about-us\/our-kitchen\/#primaryimage\"},\"image\":{\"@id\":\"https:\/\/krossbu.no.webist.no\/en\/about-us\/our-kitchen\/#primaryimage\"},\"thumbnailUrl\":\"https:\/\/krossbu.no.webist.no\/wp-content\/uploads\/2025\/09\/Krossbu-enhanced-11.jpg\",\"datePublished\":\"2025-09-26T09:15:56+00:00\",\"dateModified\":\"2026-02-17T10:38:56+00:00\",\"breadcrumb\":{\"@id\":\"https:\/\/krossbu.no.webist.no\/en\/about-us\/our-kitchen\/#breadcrumb\"},\"inLanguage\":\"en-US\",\"potentialAction\":[{\"@type\":\"ReadAction\",\"target\":[\"https:\/\/krossbu.no.webist.no\/en\/about-us\/our-kitchen\/\"]}]},{\"@type\":\"ImageObject\",\"inLanguage\":\"en-US\",\"@id\":\"https:\/\/krossbu.no.webist.no\/en\/about-us\/our-kitchen\/#primaryimage\",\"url\":\"https:\/\/krossbu.no.webist.no\/wp-content\/uploads\/2025\/09\/Krossbu-enhanced-11.jpg\",\"contentUrl\":\"https:\/\/krossbu.no.webist.no\/wp-content\/uploads\/2025\/09\/Krossbu-enhanced-11.jpg\",\"width\":1440,\"height\":1920},{\"@type\":\"BreadcrumbList\",\"@id\":\"https:\/\/krossbu.no.webist.no\/en\/about-us\/our-kitchen\/#breadcrumb\",\"itemListElement\":[{\"@type\":\"ListItem\",\"position\":1,\"name\":\"Hjem\",\"item\":\"https:\/\/krossbu.no.webist.no\/en\/\"},{\"@type\":\"ListItem\",\"position\":2,\"name\":\"About us\",\"item\":\"https:\/\/krossbu.no.webist.no\/en\/about-us\/\"},{\"@type\":\"ListItem\",\"position\":3,\"name\":\"Our Kitchen\"}]},{\"@type\":\"WebSite\",\"@id\":\"https:\/\/krossbu.no.webist.no\/en\/#website\",\"url\":\"https:\/\/krossbu.no.webist.no\/en\/\",\"name\":\"Krossbu prod.side\",\"description\":\"\",\"publisher\":{\"@id\":\"https:\/\/krossbu.no.webist.no\/en\/#organization\"},\"potentialAction\":[{\"@type\":\"SearchAction\",\"target\":{\"@type\":\"EntryPoint\",\"urlTemplate\":\"https:\/\/krossbu.no.webist.no\/en\/?s={search_term_string}\"},\"query-input\":{\"@type\":\"PropertyValueSpecification\",\"valueRequired\":true,\"valueName\":\"search_term_string\"}}],\"inLanguage\":\"en-US\"},{\"@type\":\"Organization\",\"@id\":\"https:\/\/krossbu.no.webist.no\/en\/#organization\",\"name\":\"Krossbu prod.side\",\"url\":\"https:\/\/krossbu.no.webist.no\/en\/\",\"logo\":{\"@type\":\"ImageObject\",\"inLanguage\":\"en-US\",\"@id\":\"https:\/\/krossbu.no.webist.no\/en\/#\/schema\/logo\/image\/\",\"url\":\"\",\"contentUrl\":\"\",\"caption\":\"Krossbu prod.side\"},\"image\":{\"@id\":\"https:\/\/krossbu.no.webist.no\/en\/#\/schema\/logo\/image\/\"},\"sameAs\":[\"https:\/\/www.facebook.com\/krossbuturisthytteas\"]}]}<\/script>\n<!-- \/ Yoast SEO plugin. -->","yoast_head_json":{"title":"Our Kitchen - Krossbu","robots":{"index":"noindex","follow":"follow","max-snippet":"max-snippet:-1","max-image-preview":"max-image-preview:large","max-video-preview":"max-video-preview:-1"},"og_locale":"en_US","og_type":"article","og_title":"Our Kitchen - Krossbu","og_description":"Tilbake V\u00e5rt kj\u00f8kken God mat er en viktig del av fjellopplevelsen p\u00e5 Krossbu. Hver morgen serverer vi en solid og smakfull frokost, perfekt start p\u00e5 dagen f\u00f8r turen. Her har du mulighet til \u00e5 sm\u00f8re niste til dagens etappe, og \u00f8nsker du \u00e5 f\u00e5 fylt termosen, kan denne leveres i resepsjonen kvelden f\u00f8r. Om kvelden&hellip;","og_url":"https:\/\/krossbu.no.webist.no\/en\/about-us\/our-kitchen\/","og_site_name":"Krossbu","article_publisher":"https:\/\/www.facebook.com\/krossbuturisthytteas","article_modified_time":"2026-02-17T10:38:56+00:00","og_image":[{"width":1440,"height":1920,"url":"https:\/\/krossbu.no.webist.no\/wp-content\/uploads\/2025\/09\/Krossbu-enhanced-11.jpg","type":"image\/jpeg"}],"twitter_card":"summary_large_image","twitter_misc":{"Est. reading time":"1 minute"},"schema":{"@context":"https:\/\/schema.org","@graph":[{"@type":"WebPage","@id":"https:\/\/krossbu.no.webist.no\/en\/about-us\/our-kitchen\/","url":"https:\/\/krossbu.no.webist.no\/en\/about-us\/our-kitchen\/","name":"Our Kitchen - Krossbu","isPartOf":{"@id":"https:\/\/krossbu.no.webist.no\/en\/#website"},"primaryImageOfPage":{"@id":"https:\/\/krossbu.no.webist.no\/en\/about-us\/our-kitchen\/#primaryimage"},"image":{"@id":"https:\/\/krossbu.no.webist.no\/en\/about-us\/our-kitchen\/#primaryimage"},"thumbnailUrl":"https:\/\/krossbu.no.webist.no\/wp-content\/uploads\/2025\/09\/Krossbu-enhanced-11.jpg","datePublished":"2025-09-26T09:15:56+00:00","dateModified":"2026-02-17T10:38:56+00:00","breadcrumb":{"@id":"https:\/\/krossbu.no.webist.no\/en\/about-us\/our-kitchen\/#breadcrumb"},"inLanguage":"en-US","potentialAction":[{"@type":"ReadAction","target":["https:\/\/krossbu.no.webist.no\/en\/about-us\/our-kitchen\/"]}]},{"@type":"ImageObject","inLanguage":"en-US","@id":"https:\/\/krossbu.no.webist.no\/en\/about-us\/our-kitchen\/#primaryimage","url":"https:\/\/krossbu.no.webist.no\/wp-content\/uploads\/2025\/09\/Krossbu-enhanced-11.jpg","contentUrl":"https:\/\/krossbu.no.webist.no\/wp-content\/uploads\/2025\/09\/Krossbu-enhanced-11.jpg","width":1440,"height":1920},{"@type":"BreadcrumbList","@id":"https:\/\/krossbu.no.webist.no\/en\/about-us\/our-kitchen\/#breadcrumb","itemListElement":[{"@type":"ListItem","position":1,"name":"Hjem","item":"https:\/\/krossbu.no.webist.no\/en\/"},{"@type":"ListItem","position":2,"name":"About us","item":"https:\/\/krossbu.no.webist.no\/en\/about-us\/"},{"@type":"ListItem","position":3,"name":"Our Kitchen"}]},{"@type":"WebSite","@id":"https:\/\/krossbu.no.webist.no\/en\/#website","url":"https:\/\/krossbu.no.webist.no\/en\/","name":"Krossbu prod.side","description":"","publisher":{"@id":"https:\/\/krossbu.no.webist.no\/en\/#organization"},"potentialAction":[{"@type":"SearchAction","target":{"@type":"EntryPoint","urlTemplate":"https:\/\/krossbu.no.webist.no\/en\/?s={search_term_string}"},"query-input":{"@type":"PropertyValueSpecification","valueRequired":true,"valueName":"search_term_string"}}],"inLanguage":"en-US"},{"@type":"Organization","@id":"https:\/\/krossbu.no.webist.no\/en\/#organization","name":"Krossbu prod.side","url":"https:\/\/krossbu.no.webist.no\/en\/","logo":{"@type":"ImageObject","inLanguage":"en-US","@id":"https:\/\/krossbu.no.webist.no\/en\/#\/schema\/logo\/image\/","url":"","contentUrl":"","caption":"Krossbu prod.side"},"image":{"@id":"https:\/\/krossbu.no.webist.no\/en\/#\/schema\/logo\/image\/"},"sameAs":["https:\/\/www.facebook.com\/krossbuturisthytteas"]}]}},"_links":{"self":[{"href":"https:\/\/krossbu.no.webist.no\/en\/wp-json\/wp\/v2\/pages\/1352","targetHints":{"allow":["GET"]}}],"collection":[{"href":"https:\/\/krossbu.no.webist.no\/en\/wp-json\/wp\/v2\/pages"}],"about":[{"href":"https:\/\/krossbu.no.webist.no\/en\/wp-json\/wp\/v2\/types\/page"}],"author":[{"embeddable":true,"href":"https:\/\/krossbu.no.webist.no\/en\/wp-json\/wp\/v2\/users\/2"}],"replies":[{"embeddable":true,"href":"https:\/\/krossbu.no.webist.no\/en\/wp-json\/wp\/v2\/comments?post=1352"}],"version-history":[{"count":2,"href":"https:\/\/krossbu.no.webist.no\/en\/wp-json\/wp\/v2\/pages\/1352\/revisions"}],"predecessor-version":[{"id":1670,"href":"https:\/\/krossbu.no.webist.no\/en\/wp-json\/wp\/v2\/pages\/1352\/revisions\/1670"}],"up":[{"embeddable":true,"href":"https:\/\/krossbu.no.webist.no\/en\/wp-json\/wp\/v2\/pages\/1413"}],"wp:featuredmedia":[{"embeddable":true,"href":"https:\/\/krossbu.no.webist.no\/en\/wp-json\/wp\/v2\/media\/1354"}],"wp:attachment":[{"href":"https:\/\/krossbu.no.webist.no\/en\/wp-json\/wp\/v2\/media?parent=1352"}],"curies":[{"name":"wp","href":"https:\/\/api.w.org\/{rel}","templated":true}]}}