{"id":1326,"date":"2025-09-26T08:40:15","date_gmt":"2025-09-26T08:40:15","guid":{"rendered":"https:\/\/krossbu.no\/history\/"},"modified":"2026-02-17T10:35:46","modified_gmt":"2026-02-17T10:35:46","slug":"history","status":"publish","type":"page","link":"https:\/\/krossbu.no.webist.no\/en\/about-us\/history\/","title":{"rendered":"History"},"content":{"rendered":"\n<h4>\n\t\t<a href=\"\/om-oss\/#historie\" title=\"Tilbake\"  target=\"_self\">\n\t\t\tTilbake\t\t<\/a>\n\t<\/h4>\n<h1>\n\t\t\tHistorien om Krossbu\t<\/h1>\n\t<p>Krossbu ble p\u00e5begynt i 1901 og \u00e5pnet i 1902, og er i dag en av de eldste turisthyttene i landet. Hytta het opprinnelig Krossboden, senere Krossh\u00f8 Hotell, og ble bygget og drevet av Nils T. Bakkeberg, som var fjellf\u00f8rer i omr\u00e5det p\u00e5 den tiden.<\/p>\n<p>Krossbu erstattet en gammel steinbu, og ble reist for \u00e5 gi ferdselsfolk bedre ly mens de ventet p\u00e5 v\u00e6r som gjorde det mulig \u00e5 komme seg trygt over det v\u00e6rharde Sognefjellet.<\/p>\n<p>Navnet Krossbu &#8211; og h\u00f8yden bak, Krossh\u00f8 &#8211; stammer trolig fra et kors som sto i en varde omtrent der hytta ligger i dag, innerst i Breids\u00e6terdalen. If\u00f8lge tradisjonen skulle det \u00e5 gj\u00f8re korsets tegn p\u00e5 dette stedet sikre en velsignet og trygg ferd over fjellet.<\/p>\n<h2>\n\t\t\tFra ferdselsbu til turisthytte\t<\/h2>\n\tEtter bare noen f\u00e5 \u00e5r ble hytta for liten. Den tiltrakk seg ikke bare reisende som skulle over fjellet, men ogs\u00e5 fjellturister som \u00f8nsket \u00e5 oppleve de vakre og ville fjellene p\u00e5 n\u00e6rt hold og g\u00e5 rolige turer i omr\u00e5det. I 1914 bygde Bakkeberg derfor et anneks med flere sengeplasser, som fikk navnet Nilsestugu.<br \/>\nDa Sognefjellsveien \u00e5pnet i 1938, \u00f8kte turisttrafikken ytterligere, og det ble reist enda et bygg. Allerede i 1936 ble Krossbu brevhus for Lom kommune &#8211; den minste typen postkontor p\u00e5 den tiden. F\u00f8rste brevhusbestyrer var Rolf Bakkeberg, senere Kristine Vole \u00d8ien, som sammen med sin mann Bjarne \u00d8ien drev turisthytta i mange ti\u00e5r.\n<figure itemscope itemtype=\"https:\/\/schema.org\/ImageObject\">\n\t\t\t\t<img decoding=\"async\" src=\"https:\/\/krossbu.no.webist.no\/wp-content\/uploads\/2025\/12\/Krossbu_gammelt.jpg\" alt=\"Krossbu_gammelt\" height=\"1200\" width=\"1600\" title=\"Krossbu_gammelt\" onerror=\"this.style.display='none'\" loading=\"lazy\" \/>\n\t<\/figure>\n<figure itemscope itemtype=\"https:\/\/schema.org\/ImageObject\">\n\t\t\t\t<img decoding=\"async\" src=\"https:\/\/krossbu.no.webist.no\/wp-content\/uploads\/2025\/12\/Gammelt-bilde-1938.jpg\" alt=\"Gammelt bilde 1938\" height=\"946\" width=\"1400\" title=\"Gammelt bilde 1938\" onerror=\"this.style.display='none'\" loading=\"lazy\" \/>\n\t<\/figure>\n<h2>\n\t\t\tKrossbu i dag\t<\/h2>\n\tSenere har hovedbygningen blitt utvidet, og flere rom har f\u00e5tt eget bad, samtidig som hytta har bevart sitt historiske preg.<br \/>\nI dag er Krossbu fortsatt en trygg havn i h\u00f8yfjellet &#8211; for turg\u00e5ere, skientusiaster og alle som \u00f8nsker \u00e5 oppleve Jotunheimen p\u00e5 n\u00e6rt hold, slik reisende har gjort i over 120 \u00e5r.\n<p>Lene og Bjarne Eiolf.<\/p>\n<figure itemscope itemtype=\"https:\/\/schema.org\/ImageObject\">\n\t\t\t\t<img decoding=\"async\" src=\"https:\/\/krossbu.no.webist.no\/wp-content\/uploads\/2026\/01\/krossbu.jpg\" alt=\"krossbu\" height=\"900\" width=\"2400\" title=\"krossbu\" onerror=\"this.style.display='none'\" loading=\"lazy\" \/>\n\t<\/figure>\n\n","protected":false},"excerpt":{"rendered":"<p>Tilbake Historien om Krossbu Krossbu ble p\u00e5begynt i 1901 og \u00e5pnet i 1902, og er i dag en av de eldste turisthyttene i landet. Hytta het opprinnelig Krossboden, senere Krossh\u00f8 Hotell, og ble bygget og drevet av Nils T. Bakkeberg, som var fjellf\u00f8rer i omr\u00e5det p\u00e5 den tiden. Krossbu erstattet en gammel steinbu, og ble&hellip;<\/p>\n","protected":false},"author":2,"featured_media":1329,"parent":1413,"menu_order":0,"comment_status":"closed","ping_status":"closed","template":"","meta":{"footnotes":""},"class_list":["post-1326","page","type-page","status-publish","has-post-thumbnail","hentry"],"yoast_head":"<!-- This site is optimized with the Yoast SEO plugin v27.1.1 - https:\/\/yoast.com\/product\/yoast-seo-wordpress\/ -->\n<title>History - Krossbu<\/title>\n<meta name=\"robots\" content=\"noindex, follow, max-snippet:-1, max-image-preview:large, max-video-preview:-1\" \/>\n<meta property=\"og:locale\" content=\"en_US\" \/>\n<meta property=\"og:type\" content=\"article\" \/>\n<meta property=\"og:title\" content=\"History - Krossbu\" \/>\n<meta property=\"og:description\" content=\"Tilbake Historien om Krossbu Krossbu ble p\u00e5begynt i 1901 og \u00e5pnet i 1902, og er i dag en av de eldste turisthyttene i landet. Hytta het opprinnelig Krossboden, senere Krossh\u00f8 Hotell, og ble bygget og drevet av Nils T. Bakkeberg, som var fjellf\u00f8rer i omr\u00e5det p\u00e5 den tiden. Krossbu erstattet en gammel steinbu, og ble&hellip;\" \/>\n<meta property=\"og:url\" content=\"https:\/\/krossbu.no.webist.no\/en\/about-us\/history\/\" \/>\n<meta property=\"og:site_name\" content=\"Krossbu\" \/>\n<meta property=\"article:publisher\" content=\"https:\/\/www.facebook.com\/krossbuturisthytteas\" \/>\n<meta property=\"article:modified_time\" content=\"2026-02-17T10:35:46+00:00\" \/>\n<meta property=\"og:image\" content=\"https:\/\/krossbu.no.webist.no\/wp-content\/uploads\/2025\/12\/Krossbu_gammelt.jpg\" \/>\n\t<meta property=\"og:image:width\" content=\"1600\" \/>\n\t<meta property=\"og:image:height\" content=\"1200\" \/>\n\t<meta property=\"og:image:type\" content=\"image\/jpeg\" \/>\n<meta name=\"twitter:card\" content=\"summary_large_image\" \/>\n<meta name=\"twitter:label1\" content=\"Est. reading time\" \/>\n\t<meta name=\"twitter:data1\" content=\"2 minutes\" \/>\n<script type=\"application\/ld+json\" class=\"yoast-schema-graph\">{\"@context\":\"https:\/\/schema.org\",\"@graph\":[{\"@type\":\"WebPage\",\"@id\":\"https:\/\/krossbu.no.webist.no\/en\/about-us\/history\/\",\"url\":\"https:\/\/krossbu.no.webist.no\/en\/about-us\/history\/\",\"name\":\"History - Krossbu\",\"isPartOf\":{\"@id\":\"https:\/\/krossbu.no.webist.no\/en\/#website\"},\"primaryImageOfPage\":{\"@id\":\"https:\/\/krossbu.no.webist.no\/en\/about-us\/history\/#primaryimage\"},\"image\":{\"@id\":\"https:\/\/krossbu.no.webist.no\/en\/about-us\/history\/#primaryimage\"},\"thumbnailUrl\":\"https:\/\/krossbu.no.webist.no\/wp-content\/uploads\/2025\/12\/Krossbu_gammelt.jpg\",\"datePublished\":\"2025-09-26T08:40:15+00:00\",\"dateModified\":\"2026-02-17T10:35:46+00:00\",\"breadcrumb\":{\"@id\":\"https:\/\/krossbu.no.webist.no\/en\/about-us\/history\/#breadcrumb\"},\"inLanguage\":\"en-US\",\"potentialAction\":[{\"@type\":\"ReadAction\",\"target\":[\"https:\/\/krossbu.no.webist.no\/en\/about-us\/history\/\"]}]},{\"@type\":\"ImageObject\",\"inLanguage\":\"en-US\",\"@id\":\"https:\/\/krossbu.no.webist.no\/en\/about-us\/history\/#primaryimage\",\"url\":\"https:\/\/krossbu.no.webist.no\/wp-content\/uploads\/2025\/12\/Krossbu_gammelt.jpg\",\"contentUrl\":\"https:\/\/krossbu.no.webist.no\/wp-content\/uploads\/2025\/12\/Krossbu_gammelt.jpg\",\"width\":1600,\"height\":1200},{\"@type\":\"BreadcrumbList\",\"@id\":\"https:\/\/krossbu.no.webist.no\/en\/about-us\/history\/#breadcrumb\",\"itemListElement\":[{\"@type\":\"ListItem\",\"position\":1,\"name\":\"Hjem\",\"item\":\"https:\/\/krossbu.no.webist.no\/en\/\"},{\"@type\":\"ListItem\",\"position\":2,\"name\":\"About us\",\"item\":\"https:\/\/krossbu.no.webist.no\/en\/about-us\/\"},{\"@type\":\"ListItem\",\"position\":3,\"name\":\"History\"}]},{\"@type\":\"WebSite\",\"@id\":\"https:\/\/krossbu.no.webist.no\/en\/#website\",\"url\":\"https:\/\/krossbu.no.webist.no\/en\/\",\"name\":\"Krossbu prod.side\",\"description\":\"\",\"publisher\":{\"@id\":\"https:\/\/krossbu.no.webist.no\/en\/#organization\"},\"potentialAction\":[{\"@type\":\"SearchAction\",\"target\":{\"@type\":\"EntryPoint\",\"urlTemplate\":\"https:\/\/krossbu.no.webist.no\/en\/?s={search_term_string}\"},\"query-input\":{\"@type\":\"PropertyValueSpecification\",\"valueRequired\":true,\"valueName\":\"search_term_string\"}}],\"inLanguage\":\"en-US\"},{\"@type\":\"Organization\",\"@id\":\"https:\/\/krossbu.no.webist.no\/en\/#organization\",\"name\":\"Krossbu prod.side\",\"url\":\"https:\/\/krossbu.no.webist.no\/en\/\",\"logo\":{\"@type\":\"ImageObject\",\"inLanguage\":\"en-US\",\"@id\":\"https:\/\/krossbu.no.webist.no\/en\/#\/schema\/logo\/image\/\",\"url\":\"\",\"contentUrl\":\"\",\"caption\":\"Krossbu prod.side\"},\"image\":{\"@id\":\"https:\/\/krossbu.no.webist.no\/en\/#\/schema\/logo\/image\/\"},\"sameAs\":[\"https:\/\/www.facebook.com\/krossbuturisthytteas\"]}]}<\/script>\n<!-- \/ Yoast SEO plugin. -->","yoast_head_json":{"title":"History - Krossbu","robots":{"index":"noindex","follow":"follow","max-snippet":"max-snippet:-1","max-image-preview":"max-image-preview:large","max-video-preview":"max-video-preview:-1"},"og_locale":"en_US","og_type":"article","og_title":"History - Krossbu","og_description":"Tilbake Historien om Krossbu Krossbu ble p\u00e5begynt i 1901 og \u00e5pnet i 1902, og er i dag en av de eldste turisthyttene i landet. Hytta het opprinnelig Krossboden, senere Krossh\u00f8 Hotell, og ble bygget og drevet av Nils T. Bakkeberg, som var fjellf\u00f8rer i omr\u00e5det p\u00e5 den tiden. Krossbu erstattet en gammel steinbu, og ble&hellip;","og_url":"https:\/\/krossbu.no.webist.no\/en\/about-us\/history\/","og_site_name":"Krossbu","article_publisher":"https:\/\/www.facebook.com\/krossbuturisthytteas","article_modified_time":"2026-02-17T10:35:46+00:00","og_image":[{"width":1600,"height":1200,"url":"https:\/\/krossbu.no.webist.no\/wp-content\/uploads\/2025\/12\/Krossbu_gammelt.jpg","type":"image\/jpeg"}],"twitter_card":"summary_large_image","twitter_misc":{"Est. reading time":"2 minutes"},"schema":{"@context":"https:\/\/schema.org","@graph":[{"@type":"WebPage","@id":"https:\/\/krossbu.no.webist.no\/en\/about-us\/history\/","url":"https:\/\/krossbu.no.webist.no\/en\/about-us\/history\/","name":"History - Krossbu","isPartOf":{"@id":"https:\/\/krossbu.no.webist.no\/en\/#website"},"primaryImageOfPage":{"@id":"https:\/\/krossbu.no.webist.no\/en\/about-us\/history\/#primaryimage"},"image":{"@id":"https:\/\/krossbu.no.webist.no\/en\/about-us\/history\/#primaryimage"},"thumbnailUrl":"https:\/\/krossbu.no.webist.no\/wp-content\/uploads\/2025\/12\/Krossbu_gammelt.jpg","datePublished":"2025-09-26T08:40:15+00:00","dateModified":"2026-02-17T10:35:46+00:00","breadcrumb":{"@id":"https:\/\/krossbu.no.webist.no\/en\/about-us\/history\/#breadcrumb"},"inLanguage":"en-US","potentialAction":[{"@type":"ReadAction","target":["https:\/\/krossbu.no.webist.no\/en\/about-us\/history\/"]}]},{"@type":"ImageObject","inLanguage":"en-US","@id":"https:\/\/krossbu.no.webist.no\/en\/about-us\/history\/#primaryimage","url":"https:\/\/krossbu.no.webist.no\/wp-content\/uploads\/2025\/12\/Krossbu_gammelt.jpg","contentUrl":"https:\/\/krossbu.no.webist.no\/wp-content\/uploads\/2025\/12\/Krossbu_gammelt.jpg","width":1600,"height":1200},{"@type":"BreadcrumbList","@id":"https:\/\/krossbu.no.webist.no\/en\/about-us\/history\/#breadcrumb","itemListElement":[{"@type":"ListItem","position":1,"name":"Hjem","item":"https:\/\/krossbu.no.webist.no\/en\/"},{"@type":"ListItem","position":2,"name":"About us","item":"https:\/\/krossbu.no.webist.no\/en\/about-us\/"},{"@type":"ListItem","position":3,"name":"History"}]},{"@type":"WebSite","@id":"https:\/\/krossbu.no.webist.no\/en\/#website","url":"https:\/\/krossbu.no.webist.no\/en\/","name":"Krossbu prod.side","description":"","publisher":{"@id":"https:\/\/krossbu.no.webist.no\/en\/#organization"},"potentialAction":[{"@type":"SearchAction","target":{"@type":"EntryPoint","urlTemplate":"https:\/\/krossbu.no.webist.no\/en\/?s={search_term_string}"},"query-input":{"@type":"PropertyValueSpecification","valueRequired":true,"valueName":"search_term_string"}}],"inLanguage":"en-US"},{"@type":"Organization","@id":"https:\/\/krossbu.no.webist.no\/en\/#organization","name":"Krossbu prod.side","url":"https:\/\/krossbu.no.webist.no\/en\/","logo":{"@type":"ImageObject","inLanguage":"en-US","@id":"https:\/\/krossbu.no.webist.no\/en\/#\/schema\/logo\/image\/","url":"","contentUrl":"","caption":"Krossbu prod.side"},"image":{"@id":"https:\/\/krossbu.no.webist.no\/en\/#\/schema\/logo\/image\/"},"sameAs":["https:\/\/www.facebook.com\/krossbuturisthytteas"]}]}},"_links":{"self":[{"href":"https:\/\/krossbu.no.webist.no\/en\/wp-json\/wp\/v2\/pages\/1326","targetHints":{"allow":["GET"]}}],"collection":[{"href":"https:\/\/krossbu.no.webist.no\/en\/wp-json\/wp\/v2\/pages"}],"about":[{"href":"https:\/\/krossbu.no.webist.no\/en\/wp-json\/wp\/v2\/types\/page"}],"author":[{"embeddable":true,"href":"https:\/\/krossbu.no.webist.no\/en\/wp-json\/wp\/v2\/users\/2"}],"replies":[{"embeddable":true,"href":"https:\/\/krossbu.no.webist.no\/en\/wp-json\/wp\/v2\/comments?post=1326"}],"version-history":[{"count":2,"href":"https:\/\/krossbu.no.webist.no\/en\/wp-json\/wp\/v2\/pages\/1326\/revisions"}],"predecessor-version":[{"id":1689,"href":"https:\/\/krossbu.no.webist.no\/en\/wp-json\/wp\/v2\/pages\/1326\/revisions\/1689"}],"up":[{"embeddable":true,"href":"https:\/\/krossbu.no.webist.no\/en\/wp-json\/wp\/v2\/pages\/1413"}],"wp:featuredmedia":[{"embeddable":true,"href":"https:\/\/krossbu.no.webist.no\/en\/wp-json\/wp\/v2\/media\/1329"}],"wp:attachment":[{"href":"https:\/\/krossbu.no.webist.no\/en\/wp-json\/wp\/v2\/media?parent=1326"}],"curies":[{"name":"wp","href":"https:\/\/api.w.org\/{rel}","templated":true}]}}